{"id":10306,"date":"2022-05-03T13:05:54","date_gmt":"2022-05-03T11:05:54","guid":{"rendered":"https:\/\/vecinoscalamurada.com\/?page_id=10306"},"modified":"2022-05-03T13:05:54","modified_gmt":"2022-05-03T11:05:54","slug":"board","status":"publish","type":"page","link":"https:\/\/vecinoscalamurada.com\/en\/board\/","title":{"rendered":"Board"},"content":{"rendered":"\n<ul><li>President: Isabel Aguilar Llull<\/li><li>Vice-President: J\u00fcrgen Dreckmann<\/li><li>Secretary: Gin\u00e9s Hern\u00e1ndez Guerrero<\/li><li>Treasurer: Pedro Antich Adrover<\/li><li>Member: Miguel Cap\u00f3 Adrover<\/li><li>Member: Catalina Ferretjans Vila<\/li><li>Member: Birgit Rudolph<\/li><\/ul>\n\n\n\n<p><\/p>\n","protected":false},"excerpt":{"rendered":"<p>President: Isabel Aguilar Llull Vice-President: J\u00fcrgen Dreckmann Secretary: Gin\u00e9s Hern\u00e1ndez Guerrero Treasurer: Pedro Antich Adrover Member: Miguel Cap\u00f3 Adrover Member: Catalina Ferretjans Vila Member: Birgit Rudolph<\/p>\n","protected":false},"author":2,"featured_media":0,"parent":0,"menu_order":50,"comment_status":"closed","ping_status":"closed","template":"","meta":[],"yoast_head":"<!-- This site is optimized with the Yoast SEO plugin v19.10 - https:\/\/yoast.com\/wordpress\/plugins\/seo\/ -->\n<title>Board - Vecinos Cala Murada<\/title>\n<meta name=\"robots\" content=\"index, follow, max-snippet:-1, max-image-preview:large, max-video-preview:-1\" \/>\n<link rel=\"canonical\" href=\"https:\/\/vecinoscalamurada.com\/en\/board\/\" \/>\n<meta property=\"og:locale\" content=\"en_US\" \/>\n<meta property=\"og:type\" content=\"article\" \/>\n<meta property=\"og:title\" content=\"Board - Vecinos Cala Murada\" \/>\n<meta property=\"og:description\" content=\"President: Isabel Aguilar Llull Vice-President: J\u00fcrgen Dreckmann Secretary: Gin\u00e9s Hern\u00e1ndez Guerrero Treasurer: Pedro Antich Adrover Member: Miguel Cap\u00f3 Adrover Member: Catalina Ferretjans Vila Member: Birgit Rudolph\" \/>\n<meta property=\"og:url\" content=\"https:\/\/vecinoscalamurada.com\/en\/board\/\" \/>\n<meta property=\"og:site_name\" content=\"Vecinos Cala Murada\" \/>\n<meta property=\"article:publisher\" content=\"https:\/\/www.facebook.com\/groups\/992762847512552\/\" \/>\n<meta property=\"og:image\" content=\"https:\/\/vecinoscalamurada.com\/wp2021\/wp-content\/uploads\/2021\/11\/Cala-Murada-Header.jpg\" \/>\n\t<meta property=\"og:image:width\" content=\"2000\" \/>\n\t<meta property=\"og:image:height\" content=\"774\" \/>\n\t<meta property=\"og:image:type\" content=\"image\/jpeg\" \/>\n<meta name=\"twitter:card\" content=\"summary_large_image\" \/>\n<script type=\"application\/ld+json\" class=\"yoast-schema-graph\">{\"@context\":\"https:\/\/schema.org\",\"@graph\":[{\"@type\":\"WebPage\",\"@id\":\"https:\/\/vecinoscalamurada.com\/en\/board\/\",\"url\":\"https:\/\/vecinoscalamurada.com\/en\/board\/\",\"name\":\"Board - Vecinos Cala Murada\",\"isPartOf\":{\"@id\":\"https:\/\/vecinoscalamurada.com\/#website\"},\"datePublished\":\"2022-05-03T11:05:54+00:00\",\"dateModified\":\"2022-05-03T11:05:54+00:00\",\"breadcrumb\":{\"@id\":\"https:\/\/vecinoscalamurada.com\/en\/board\/#breadcrumb\"},\"inLanguage\":\"en-US\",\"potentialAction\":[{\"@type\":\"ReadAction\",\"target\":[\"https:\/\/vecinoscalamurada.com\/en\/board\/\"]}]},{\"@type\":\"BreadcrumbList\",\"@id\":\"https:\/\/vecinoscalamurada.com\/en\/board\/#breadcrumb\",\"itemListElement\":[{\"@type\":\"ListItem\",\"position\":1,\"name\":\"Home\",\"item\":\"https:\/\/vecinoscalamurada.com\/en\/\"},{\"@type\":\"ListItem\",\"position\":2,\"name\":\"Board\"}]},{\"@type\":\"WebSite\",\"@id\":\"https:\/\/vecinoscalamurada.com\/#website\",\"url\":\"https:\/\/vecinoscalamurada.com\/\",\"name\":\"Vecinos Cala Murada\",\"description\":\"Mallorca\",\"publisher\":{\"@id\":\"https:\/\/vecinoscalamurada.com\/#organization\"},\"potentialAction\":[{\"@type\":\"SearchAction\",\"target\":{\"@type\":\"EntryPoint\",\"urlTemplate\":\"https:\/\/vecinoscalamurada.com\/?s={search_term_string}\"},\"query-input\":\"required name=search_term_string\"}],\"inLanguage\":\"en-US\"},{\"@type\":\"Organization\",\"@id\":\"https:\/\/vecinoscalamurada.com\/#organization\",\"name\":\"Vecinos Cala Murada\",\"url\":\"https:\/\/vecinoscalamurada.com\/\",\"logo\":{\"@type\":\"ImageObject\",\"inLanguage\":\"en-US\",\"@id\":\"https:\/\/vecinoscalamurada.com\/#\/schema\/logo\/image\/\",\"url\":\"https:\/\/vecinoscalamurada.com\/wp2021\/wp-content\/uploads\/2021\/11\/favicon.jpg\",\"contentUrl\":\"https:\/\/vecinoscalamurada.com\/wp2021\/wp-content\/uploads\/2021\/11\/favicon.jpg\",\"width\":512,\"height\":512,\"caption\":\"Vecinos Cala Murada\"},\"image\":{\"@id\":\"https:\/\/vecinoscalamurada.com\/#\/schema\/logo\/image\/\"},\"sameAs\":[\"https:\/\/www.facebook.com\/groups\/992762847512552\/\"]}]}<\/script>\n<!-- \/ Yoast SEO plugin. -->","yoast_head_json":{"title":"Board - Vecinos Cala Murada","robots":{"index":"index","follow":"follow","max-snippet":"max-snippet:-1","max-image-preview":"max-image-preview:large","max-video-preview":"max-video-preview:-1"},"canonical":"https:\/\/vecinoscalamurada.com\/en\/board\/","og_locale":"en_US","og_type":"article","og_title":"Board - Vecinos Cala Murada","og_description":"President: Isabel Aguilar Llull Vice-President: J\u00fcrgen Dreckmann Secretary: Gin\u00e9s Hern\u00e1ndez Guerrero Treasurer: Pedro Antich Adrover Member: Miguel Cap\u00f3 Adrover Member: Catalina Ferretjans Vila Member: Birgit Rudolph","og_url":"https:\/\/vecinoscalamurada.com\/en\/board\/","og_site_name":"Vecinos Cala Murada","article_publisher":"https:\/\/www.facebook.com\/groups\/992762847512552\/","og_image":[{"width":2000,"height":774,"url":"https:\/\/vecinoscalamurada.com\/wp2021\/wp-content\/uploads\/2021\/11\/Cala-Murada-Header.jpg","type":"image\/jpeg"}],"twitter_card":"summary_large_image","schema":{"@context":"https:\/\/schema.org","@graph":[{"@type":"WebPage","@id":"https:\/\/vecinoscalamurada.com\/en\/board\/","url":"https:\/\/vecinoscalamurada.com\/en\/board\/","name":"Board - Vecinos Cala Murada","isPartOf":{"@id":"https:\/\/vecinoscalamurada.com\/#website"},"datePublished":"2022-05-03T11:05:54+00:00","dateModified":"2022-05-03T11:05:54+00:00","breadcrumb":{"@id":"https:\/\/vecinoscalamurada.com\/en\/board\/#breadcrumb"},"inLanguage":"en-US","potentialAction":[{"@type":"ReadAction","target":["https:\/\/vecinoscalamurada.com\/en\/board\/"]}]},{"@type":"BreadcrumbList","@id":"https:\/\/vecinoscalamurada.com\/en\/board\/#breadcrumb","itemListElement":[{"@type":"ListItem","position":1,"name":"Home","item":"https:\/\/vecinoscalamurada.com\/en\/"},{"@type":"ListItem","position":2,"name":"Board"}]},{"@type":"WebSite","@id":"https:\/\/vecinoscalamurada.com\/#website","url":"https:\/\/vecinoscalamurada.com\/","name":"Vecinos Cala Murada","description":"Mallorca","publisher":{"@id":"https:\/\/vecinoscalamurada.com\/#organization"},"potentialAction":[{"@type":"SearchAction","target":{"@type":"EntryPoint","urlTemplate":"https:\/\/vecinoscalamurada.com\/?s={search_term_string}"},"query-input":"required name=search_term_string"}],"inLanguage":"en-US"},{"@type":"Organization","@id":"https:\/\/vecinoscalamurada.com\/#organization","name":"Vecinos Cala Murada","url":"https:\/\/vecinoscalamurada.com\/","logo":{"@type":"ImageObject","inLanguage":"en-US","@id":"https:\/\/vecinoscalamurada.com\/#\/schema\/logo\/image\/","url":"https:\/\/vecinoscalamurada.com\/wp2021\/wp-content\/uploads\/2021\/11\/favicon.jpg","contentUrl":"https:\/\/vecinoscalamurada.com\/wp2021\/wp-content\/uploads\/2021\/11\/favicon.jpg","width":512,"height":512,"caption":"Vecinos Cala Murada"},"image":{"@id":"https:\/\/vecinoscalamurada.com\/#\/schema\/logo\/image\/"},"sameAs":["https:\/\/www.facebook.com\/groups\/992762847512552\/"]}]}},"_links":{"self":[{"href":"https:\/\/vecinoscalamurada.com\/en\/wp-json\/wp\/v2\/pages\/10306"}],"collection":[{"href":"https:\/\/vecinoscalamurada.com\/en\/wp-json\/wp\/v2\/pages"}],"about":[{"href":"https:\/\/vecinoscalamurada.com\/en\/wp-json\/wp\/v2\/types\/page"}],"author":[{"embeddable":true,"href":"https:\/\/vecinoscalamurada.com\/en\/wp-json\/wp\/v2\/users\/2"}],"replies":[{"embeddable":true,"href":"https:\/\/vecinoscalamurada.com\/en\/wp-json\/wp\/v2\/comments?post=10306"}],"version-history":[{"count":1,"href":"https:\/\/vecinoscalamurada.com\/en\/wp-json\/wp\/v2\/pages\/10306\/revisions"}],"predecessor-version":[{"id":10307,"href":"https:\/\/vecinoscalamurada.com\/en\/wp-json\/wp\/v2\/pages\/10306\/revisions\/10307"}],"wp:attachment":[{"href":"https:\/\/vecinoscalamurada.com\/en\/wp-json\/wp\/v2\/media?parent=10306"}],"curies":[{"name":"wp","href":"https:\/\/api.w.org\/{rel}","templated":true}]}}