{"id":9692,"date":"2021-11-17T19:41:23","date_gmt":"2021-11-17T18:41:23","guid":{"rendered":"https:\/\/vecinoscalamurada.com\/?page_id=9692"},"modified":"2022-04-30T12:34:05","modified_gmt":"2022-04-30T10:34:05","slug":"kontakt","status":"publish","type":"page","link":"https:\/\/vecinoscalamurada.com\/de\/kontakt\/","title":{"rendered":"Kontakt"},"content":{"rendered":"\n<div style=\"height:30px\" aria-hidden=\"true\" class=\"wp-block-spacer\"><\/div>\n\n\n\n<div class=\"is-layout-flex wp-container-3 wp-block-columns are-vertically-aligned-center\">\n<div class=\"is-layout-flow wp-block-column is-vertically-aligned-center\" style=\"flex-basis:60%\"><div class=\"slogan links\">\n<div class=\"preambel\">\n<span style=\"color:#58C3E7;\"><\/span>\n<\/div>\n<h2 style=\"font-size:25px;\" ><span class=\"slogan-mobile\">Wir freuen uns auf Ihren Kontakt<\/span><\/h2><span style=\"background:#58C3E7\"><\/span><\/div>\n\n\n<p>Wenn Sie einen Vorschlag oder eine Frage haben, wenn Sie eine Beschwerde einreichen m\u00f6chten oder Hilfe ben\u00f6tigen. <\/p>\n\n\n\n<p>Wir freuen uns auf Ihre Nachricht. und  werden Ihnen so schnell wie m\u00f6glich antworten<\/p>\n<\/div>\n\n\n\n<div class=\"is-layout-flow wp-block-column is-vertically-aligned-center\" style=\"flex-basis:40%\"><div class=\"bo-teambox clearfix\"  style=\"background:#f7f8fa; border:1px solid #f0f1f6; color:#484B59\">\n\t<div class=\"bo-teambox-image bo-teambox-image-round\"  style=\"max-width:150px;\">\n<img decoding=\"async\" src=\"https:\/\/vecinoscalamurada.com\/wp2021\/wp-content\/uploads\/2021\/11\/cropped-favicon.jpg\" srcset=\"https:\/\/vecinoscalamurada.com\/wp2021\/wp-content\/uploads\/2021\/11\/cropped-favicon.jpg 512w, https:\/\/vecinoscalamurada.com\/wp2021\/wp-content\/uploads\/2021\/11\/cropped-favicon-300x300.jpg 300w, https:\/\/vecinoscalamurada.com\/wp2021\/wp-content\/uploads\/2021\/11\/cropped-favicon-150x150.jpg 150w, https:\/\/vecinoscalamurada.com\/wp2021\/wp-content\/uploads\/2021\/11\/cropped-favicon-60x60.jpg 60w, https:\/\/vecinoscalamurada.com\/wp2021\/wp-content\/uploads\/2021\/11\/cropped-favicon-270x270.jpg 270w, https:\/\/vecinoscalamurada.com\/wp2021\/wp-content\/uploads\/2021\/11\/cropped-favicon-192x192.jpg 192w, https:\/\/vecinoscalamurada.com\/wp2021\/wp-content\/uploads\/2021\/11\/cropped-favicon-180x180.jpg 180w, https:\/\/vecinoscalamurada.com\/wp2021\/wp-content\/uploads\/2021\/11\/cropped-favicon-32x32.jpg 32w\" alt=\"Asociacion de vecinos Sa Plana Cala Murada\" \/>\n\t\n<\/div><div class=\"bo-teambox-content\" >\n<span class=\"bo-teambox-name\">Asociacion de vecinos Sa Plana Cala Murada<\/span><\/div>\t\n\t\t\n<ul class=\"bo-teambox-contact\">\n<li><span><i class=\"icofont-location-pin\"><\/i><\/span> Centro Civico | Via Europa 73 | 07688 Cala Murada<\/li><li><a  href=\"mailto:info@vecinoscalamurada.com\"><span><i class=\"icofont-envelope\"><\/i><\/span> info@vecinoscalamurada.com<\/a><\/li><\/ul>\n\t\t\n\t\n<\/div><\/div>\n<\/div>\n\n\n\n<div style=\"height:30px\" aria-hidden=\"true\" class=\"wp-block-spacer\"><\/div>\n\n\n\n<hr class=\"wp-block-separator is-style-wide\"\/>\n\n\n<div class=\"slogan links\">\n<div class=\"preambel\">\n<span style=\"color:#58C3E7;\"><\/span>\n<\/div>\n<h3 style=\"font-size:25px;\" ><span class=\"slogan-mobile\">Senden Sie uns eine Nachricht<\/span><\/h3><span style=\"background:#58C3E7\"><\/span><\/div>\n\n<div role=\"form\" class=\"wpcf7\" id=\"wpcf7-f9864-o1\" lang=\"de-DE\" dir=\"ltr\">\n<div class=\"screen-reader-response\"><p role=\"status\" aria-live=\"polite\" aria-atomic=\"true\"><\/p> <ul><\/ul><\/div>\n<form action=\"\/de\/wp-json\/wp\/v2\/pages\/9692#wpcf7-f9864-o1\" method=\"post\" class=\"wpcf7-form init\" enctype=\"multipart\/form-data\" novalidate=\"novalidate\" data-status=\"init\">\n<div style=\"display: none;\">\n<input type=\"hidden\" name=\"_wpcf7\" value=\"9864\" \/>\n<input type=\"hidden\" name=\"_wpcf7_version\" value=\"5.6.4\" \/>\n<input type=\"hidden\" name=\"_wpcf7_locale\" value=\"de_DE\" \/>\n<input type=\"hidden\" name=\"_wpcf7_unit_tag\" value=\"wpcf7-f9864-o1\" \/>\n<input type=\"hidden\" name=\"_wpcf7_container_post\" value=\"0\" \/>\n<input type=\"hidden\" name=\"_wpcf7_posted_data_hash\" value=\"\" \/>\n<\/div>\n<div class=\"columns clearfix\"><div class=\"col1-2\"><div class=\"inner clearfix\"><p class=\"formicon\"><i class=\"sc-icon icofont-id\"><\/i><span class=\"wpcf7-form-control-wrap\" data-name=\"anfrage-name\"><input type=\"text\" name=\"anfrage-name\" value=\"\" size=\"40\" class=\"wpcf7-form-control wpcf7-text wpcf7-validates-as-required\" aria-required=\"true\" aria-invalid=\"false\" placeholder=\"Name*\" \/><\/span><\/p>\n<p class=\"formicon\"><i class=\"sc-icon icofont-envelope\"><\/i><span class=\"wpcf7-form-control-wrap\" data-name=\"anfrage-email\"><input type=\"email\" name=\"anfrage-email\" value=\"\" size=\"40\" class=\"wpcf7-form-control wpcf7-text wpcf7-email wpcf7-validates-as-required wpcf7-validates-as-email\" aria-required=\"true\" aria-invalid=\"false\" placeholder=\"E-Mail Adresse*\" \/><\/span><\/p><p class=\"formicon\"><i class=\"sc-icon icofont-phone-circle\"><\/i><span class=\"wpcf7-form-control-wrap\" data-name=\"anfrage-telefon\"><input type=\"tel\" name=\"anfrage-telefon\" value=\"\" size=\"40\" class=\"wpcf7-form-control wpcf7-text wpcf7-tel wpcf7-validates-as-required wpcf7-validates-as-tel\" aria-required=\"true\" aria-invalid=\"false\" placeholder=\"Telefonnummer*\" \/><\/span><\/p><p\nclass=\"formicon\"><span class=\"wpcf7-form-control-wrap\" data-name=\"file-513\"><input type=\"file\" name=\"file-513\" size=\"40\" class=\"wpcf7-form-control wpcf7-file\" accept=\".pdf,.doc,.txt\" aria-invalid=\"false\" \/><\/span><\/p>\n\n\n<span class=\"wpcf7-form-control-wrap\" data-name=\"acceptance-74\"><span class=\"wpcf7-form-control wpcf7-acceptance\"><span class=\"wpcf7-list-item\"><label><input type=\"checkbox\" name=\"acceptance-74\" value=\"1\" aria-invalid=\"false\" \/><span class=\"wpcf7-list-item-label\">Ja, ich habe die <a href=\"https:\/\/vecinoscalamurada.com\/wp2021\/wp-admin\/post.php?post=3&action=edit&lang=es\">Datenschutzbestimmungen<\/a> gelesen.Ich stimme zu, dass meine Daten elektronisch erhoben und gespeichert werden. Meine Daten werden dabei ausschlie\u00dflich zum Zwecke der Bearbeitung meiner Anfrage benutzt.*<\/span><\/label><\/span><\/span><\/span>\n<p style=\"padding:10px 0 5px 0; margin:0;\">SPAM Schutz: Bitte geben Sie den angezeigten Text ein.<\/p>\n<input type=\"hidden\" name=\"_wpcf7_captcha_challenge_captcha-de\" value=\"3277633128\" \/><img class=\"wpcf7-form-control wpcf7-captchac wpcf7-captcha-captcha-de\" width=\"84\" height=\"28\" alt=\"captcha\" src=\"https:\/\/vecinoscalamurada.com\/wp2021\/wp-content\/uploads\/wpcf7_captcha\/3277633128.png\" \/><span class=\"wpcf7-form-control-wrap\" data-name=\"captcha-de\"><input type=\"text\" name=\"captcha-de\" value=\"\" size=\"40\" class=\"wpcf7-form-control wpcf7-captchar\" autocomplete=\"off\" aria-invalid=\"false\" \/><\/span>\n<input type=\"submit\" value=\"Nachricht senden\" class=\"wpcf7-form-control has-spinner wpcf7-submit\" \/><\/div><\/div><div class=\"col1-2\"><div class=\"inner clearfix\"><span class=\"wpcf7-form-control-wrap\" data-name=\"anfrage-nachricht\"><textarea name=\"anfrage-nachricht\" cols=\"40\" rows=\"12\" class=\"wpcf7-form-control wpcf7-textarea\" aria-invalid=\"false\" placeholder=\"F\u00fcr Nachrichten oder Fragen\"><\/textarea><\/span><\/div><\/div><div class=\"clear\"><\/div><\/div><div class=\"wpcf7-response-output\" aria-hidden=\"true\"><\/div><\/form><\/div>\n\n\n\n<div style=\"height:140px\" aria-hidden=\"true\" class=\"wp-block-spacer\"><\/div>\n","protected":false},"excerpt":{"rendered":"<p>Wenn Sie einen Vorschlag oder eine Frage haben, wenn Sie eine Beschwerde einreichen m\u00f6chten oder Hilfe ben\u00f6tigen. Wir freuen uns auf Ihre Nachricht. und werden Ihnen so schnell wie m\u00f6glich antworten<\/p>\n","protected":false},"author":1,"featured_media":0,"parent":0,"menu_order":62,"comment_status":"closed","ping_status":"closed","template":"page-fullwidth.php","meta":[],"yoast_head":"<!-- This site is optimized with the Yoast SEO plugin v19.10 - https:\/\/yoast.com\/wordpress\/plugins\/seo\/ -->\n<title>Kontakt - Vecinos Cala Murada<\/title>\n<meta name=\"robots\" content=\"index, follow, max-snippet:-1, max-image-preview:large, max-video-preview:-1\" \/>\n<link rel=\"canonical\" href=\"https:\/\/vecinoscalamurada.com\/de\/kontakt\/\" \/>\n<meta property=\"og:locale\" content=\"de_DE\" \/>\n<meta property=\"og:type\" content=\"article\" \/>\n<meta property=\"og:title\" content=\"Kontakt - Vecinos Cala Murada\" \/>\n<meta property=\"og:description\" content=\"Wenn Sie einen Vorschlag oder eine Frage haben, wenn Sie eine Beschwerde einreichen m\u00f6chten oder Hilfe ben\u00f6tigen. Wir freuen uns auf Ihre Nachricht. und werden Ihnen so schnell wie m\u00f6glich antworten\" \/>\n<meta property=\"og:url\" content=\"https:\/\/vecinoscalamurada.com\/de\/kontakt\/\" \/>\n<meta property=\"og:site_name\" content=\"Vecinos Cala Murada\" \/>\n<meta property=\"article:publisher\" content=\"https:\/\/www.facebook.com\/groups\/992762847512552\/\" \/>\n<meta property=\"article:modified_time\" content=\"2022-04-30T10:34:05+00:00\" \/>\n<meta property=\"og:image\" content=\"https:\/\/vecinoscalamurada.com\/wp2021\/wp-content\/uploads\/2021\/11\/Cala-Murada-Header.jpg\" \/>\n\t<meta property=\"og:image:width\" content=\"2000\" \/>\n\t<meta property=\"og:image:height\" content=\"774\" \/>\n\t<meta property=\"og:image:type\" content=\"image\/jpeg\" \/>\n<meta name=\"twitter:card\" content=\"summary_large_image\" \/>\n<script type=\"application\/ld+json\" class=\"yoast-schema-graph\">{\"@context\":\"https:\/\/schema.org\",\"@graph\":[{\"@type\":\"WebPage\",\"@id\":\"https:\/\/vecinoscalamurada.com\/de\/kontakt\/\",\"url\":\"https:\/\/vecinoscalamurada.com\/de\/kontakt\/\",\"name\":\"Kontakt - Vecinos Cala Murada\",\"isPartOf\":{\"@id\":\"https:\/\/vecinoscalamurada.com\/#website\"},\"datePublished\":\"2021-11-17T18:41:23+00:00\",\"dateModified\":\"2022-04-30T10:34:05+00:00\",\"breadcrumb\":{\"@id\":\"https:\/\/vecinoscalamurada.com\/de\/kontakt\/#breadcrumb\"},\"inLanguage\":\"de\",\"potentialAction\":[{\"@type\":\"ReadAction\",\"target\":[\"https:\/\/vecinoscalamurada.com\/de\/kontakt\/\"]}]},{\"@type\":\"BreadcrumbList\",\"@id\":\"https:\/\/vecinoscalamurada.com\/de\/kontakt\/#breadcrumb\",\"itemListElement\":[{\"@type\":\"ListItem\",\"position\":1,\"name\":\"Home\",\"item\":\"https:\/\/vecinoscalamurada.com\/de\/\"},{\"@type\":\"ListItem\",\"position\":2,\"name\":\"Kontakt\"}]},{\"@type\":\"WebSite\",\"@id\":\"https:\/\/vecinoscalamurada.com\/#website\",\"url\":\"https:\/\/vecinoscalamurada.com\/\",\"name\":\"Vecinos Cala Murada\",\"description\":\"Mallorca\",\"publisher\":{\"@id\":\"https:\/\/vecinoscalamurada.com\/#organization\"},\"potentialAction\":[{\"@type\":\"SearchAction\",\"target\":{\"@type\":\"EntryPoint\",\"urlTemplate\":\"https:\/\/vecinoscalamurada.com\/?s={search_term_string}\"},\"query-input\":\"required name=search_term_string\"}],\"inLanguage\":\"de\"},{\"@type\":\"Organization\",\"@id\":\"https:\/\/vecinoscalamurada.com\/#organization\",\"name\":\"Vecinos Cala Murada\",\"url\":\"https:\/\/vecinoscalamurada.com\/\",\"logo\":{\"@type\":\"ImageObject\",\"inLanguage\":\"de\",\"@id\":\"https:\/\/vecinoscalamurada.com\/#\/schema\/logo\/image\/\",\"url\":\"https:\/\/vecinoscalamurada.com\/wp2021\/wp-content\/uploads\/2021\/11\/favicon.jpg\",\"contentUrl\":\"https:\/\/vecinoscalamurada.com\/wp2021\/wp-content\/uploads\/2021\/11\/favicon.jpg\",\"width\":512,\"height\":512,\"caption\":\"Vecinos Cala Murada\"},\"image\":{\"@id\":\"https:\/\/vecinoscalamurada.com\/#\/schema\/logo\/image\/\"},\"sameAs\":[\"https:\/\/www.facebook.com\/groups\/992762847512552\/\"]}]}<\/script>\n<!-- \/ Yoast SEO plugin. -->","yoast_head_json":{"title":"Kontakt - Vecinos Cala Murada","robots":{"index":"index","follow":"follow","max-snippet":"max-snippet:-1","max-image-preview":"max-image-preview:large","max-video-preview":"max-video-preview:-1"},"canonical":"https:\/\/vecinoscalamurada.com\/de\/kontakt\/","og_locale":"de_DE","og_type":"article","og_title":"Kontakt - Vecinos Cala Murada","og_description":"Wenn Sie einen Vorschlag oder eine Frage haben, wenn Sie eine Beschwerde einreichen m\u00f6chten oder Hilfe ben\u00f6tigen. Wir freuen uns auf Ihre Nachricht. und werden Ihnen so schnell wie m\u00f6glich antworten","og_url":"https:\/\/vecinoscalamurada.com\/de\/kontakt\/","og_site_name":"Vecinos Cala Murada","article_publisher":"https:\/\/www.facebook.com\/groups\/992762847512552\/","article_modified_time":"2022-04-30T10:34:05+00:00","og_image":[{"width":2000,"height":774,"url":"https:\/\/vecinoscalamurada.com\/wp2021\/wp-content\/uploads\/2021\/11\/Cala-Murada-Header.jpg","type":"image\/jpeg"}],"twitter_card":"summary_large_image","schema":{"@context":"https:\/\/schema.org","@graph":[{"@type":"WebPage","@id":"https:\/\/vecinoscalamurada.com\/de\/kontakt\/","url":"https:\/\/vecinoscalamurada.com\/de\/kontakt\/","name":"Kontakt - Vecinos Cala Murada","isPartOf":{"@id":"https:\/\/vecinoscalamurada.com\/#website"},"datePublished":"2021-11-17T18:41:23+00:00","dateModified":"2022-04-30T10:34:05+00:00","breadcrumb":{"@id":"https:\/\/vecinoscalamurada.com\/de\/kontakt\/#breadcrumb"},"inLanguage":"de","potentialAction":[{"@type":"ReadAction","target":["https:\/\/vecinoscalamurada.com\/de\/kontakt\/"]}]},{"@type":"BreadcrumbList","@id":"https:\/\/vecinoscalamurada.com\/de\/kontakt\/#breadcrumb","itemListElement":[{"@type":"ListItem","position":1,"name":"Home","item":"https:\/\/vecinoscalamurada.com\/de\/"},{"@type":"ListItem","position":2,"name":"Kontakt"}]},{"@type":"WebSite","@id":"https:\/\/vecinoscalamurada.com\/#website","url":"https:\/\/vecinoscalamurada.com\/","name":"Vecinos Cala Murada","description":"Mallorca","publisher":{"@id":"https:\/\/vecinoscalamurada.com\/#organization"},"potentialAction":[{"@type":"SearchAction","target":{"@type":"EntryPoint","urlTemplate":"https:\/\/vecinoscalamurada.com\/?s={search_term_string}"},"query-input":"required name=search_term_string"}],"inLanguage":"de"},{"@type":"Organization","@id":"https:\/\/vecinoscalamurada.com\/#organization","name":"Vecinos Cala Murada","url":"https:\/\/vecinoscalamurada.com\/","logo":{"@type":"ImageObject","inLanguage":"de","@id":"https:\/\/vecinoscalamurada.com\/#\/schema\/logo\/image\/","url":"https:\/\/vecinoscalamurada.com\/wp2021\/wp-content\/uploads\/2021\/11\/favicon.jpg","contentUrl":"https:\/\/vecinoscalamurada.com\/wp2021\/wp-content\/uploads\/2021\/11\/favicon.jpg","width":512,"height":512,"caption":"Vecinos Cala Murada"},"image":{"@id":"https:\/\/vecinoscalamurada.com\/#\/schema\/logo\/image\/"},"sameAs":["https:\/\/www.facebook.com\/groups\/992762847512552\/"]}]}},"_links":{"self":[{"href":"https:\/\/vecinoscalamurada.com\/de\/wp-json\/wp\/v2\/pages\/9692"}],"collection":[{"href":"https:\/\/vecinoscalamurada.com\/de\/wp-json\/wp\/v2\/pages"}],"about":[{"href":"https:\/\/vecinoscalamurada.com\/de\/wp-json\/wp\/v2\/types\/page"}],"author":[{"embeddable":true,"href":"https:\/\/vecinoscalamurada.com\/de\/wp-json\/wp\/v2\/users\/1"}],"replies":[{"embeddable":true,"href":"https:\/\/vecinoscalamurada.com\/de\/wp-json\/wp\/v2\/comments?post=9692"}],"version-history":[{"count":3,"href":"https:\/\/vecinoscalamurada.com\/de\/wp-json\/wp\/v2\/pages\/9692\/revisions"}],"predecessor-version":[{"id":10266,"href":"https:\/\/vecinoscalamurada.com\/de\/wp-json\/wp\/v2\/pages\/9692\/revisions\/10266"}],"wp:attachment":[{"href":"https:\/\/vecinoscalamurada.com\/de\/wp-json\/wp\/v2\/media?parent=9692"}],"curies":[{"name":"wp","href":"https:\/\/api.w.org\/{rel}","templated":true}]}}