{"id":9682,"date":"2021-11-17T17:00:15","date_gmt":"2021-11-17T16:00:15","guid":{"rendered":"https:\/\/vecinoscalamurada.com\/?page_id=9682"},"modified":"2022-05-03T13:59:21","modified_gmt":"2022-05-03T11:59:21","slug":"inicio","status":"publish","type":"page","link":"https:\/\/vecinoscalamurada.com\/de\/","title":{"rendered":"Home"},"content":{"rendered":"\n<div class=\"bo-color-box-wrapper alignfull\" style=\"padding-top:0px; padding-bottom:0px;\">\n<div class=\"bo-color-box\" style=\"background:#001F3F; height:1px;\"><\/div>\n<\/div>\n\t\n\t\n\n\n<div class=\"bo-color-box-wrapper alignfull\" style=\"padding-top:0px; padding-bottom:40px;\">\n<div class=\"bo-color-box\" style=\"background:#58C3E7; height:15px;\"><\/div>\n<\/div>\n\t\n\t\n\n\n<h1 class=\"has-text-align-center has-text-color has-large-font-size\" style=\"color:#001f3f\"><strong>Vecinos Cala Murada<\/strong> <\/h1>\n\n\n\n<p class=\"has-text-align-center\">Der B\u00fcrgerverein &#8222;Sa Plana  Cala Murada&#8220; wurde am 2. April 1984 gegr\u00fcndet. <\/p>\n\n\n\n<p class=\"has-text-align-center\">Nach mehreren Jahren der Lethargie wurde beschlossen, die T\u00e4tigkeit mit der Erneuerung der Satzung wieder aufzunehmen und es folgte<\/p>\n\n\n\n<p class=\"has-text-align-center\">die  rechtliche Aktualisierung der Satzung zum 25. Februar 2020.<\/p>\n\n\n\n<blockquote class=\"wp-block-quote is-style-large has-medium-font-size\"><p><strong><em>Wir z\u00e4hlen auf Sie, gemeinsam werden wie es schaffen<\/em><\/strong><\/p><\/blockquote>\n\n\n\n<div style=\"height:60px\" aria-hidden=\"true\" class=\"wp-block-spacer\"><\/div>\n\n\n\n<div class=\"is-layout-flex wp-container-4 wp-block-columns\">\n<div class=\"is-layout-flow wp-block-column\"><div class=\"bo-icon-box \">\n<div class=\"box-icon icon-left-pos\">\n\t<i class=\"icofont-rounded-double-right \" style=\"font-size:30px; color:#58C3E7;\"><\/i><\/div>\n\t\n<h3 class=\"bo-icon-box-title\">Wer wir sind<\/h3>\n<p class=\"bo-icon-box-subtitle\"><\/p>\t\n<p>Die Hauptzwecke des B\u00fcrgervereins sind:<\/p>\n<p>Vertretung, Verwaltung und Verteidigung der wirtschaftlichen und sozialen Interessen, die allen seinen Mitgliedern gemeinsam sind. Dialog zur L\u00f6sung von Problemen in allen Instanzen und vor allen Arten von Organisationen.<\/p>\n\n\t<div class=\"bo-icon-box-button\"><a target=\"_self\" href=\"https:\/\/vecinoscalamurada.com\/de\/wer-wir-sind\/\"><span >Mehr erfahren <i class=\"icofont-dotted-right\"><\/i><\/span><\/a><\/div><\/div><\/div>\n\n\n\n<div class=\"is-layout-flow wp-block-column\"><div class=\"bo-icon-box \">\n<div class=\"box-icon icon-left-pos\">\n\t<i class=\"icofont-rounded-double-right \" style=\"font-size:30px; color:#58C3E7;\"><\/i><\/div>\n\t\n<h3 class=\"bo-icon-box-title\">Informationen<\/h3>\n<p class=\"bo-icon-box-subtitle\"><\/p>\t\n<p>Sie suchen nach Adressen oder Informationen rundum die Cala Murada. Dies und mehr finden Sie hier<\/p>\n\n\t<div class=\"bo-icon-box-button\"><a target=\"_self\" href=\"https:\/\/vecinoscalamurada.com\/de\/informationen\/\"><span >Mehr erfahren <i class=\"icofont-dotted-right\"><\/i><\/span><\/a><\/div><\/div><\/div>\n\n\n\n<div class=\"is-layout-flow wp-block-column\"><div class=\"bo-icon-box \">\n<div class=\"box-icon icon-left-pos\">\n\t<i class=\"icofont-rounded-double-right \" style=\"font-size:30px; color:#58C3E7;\"><\/i><\/div>\n\t\n<h3 class=\"bo-icon-box-title\">Projekte<\/h3>\n<p class=\"bo-icon-box-subtitle\"><\/p>\t\n<p>Hier finden Sie Informationen zu (gr\u00f6\u00dferen) Projekten des Vereins und\/oder des Rathauses.<\/p>\n\n\t<div class=\"bo-icon-box-button\"><a target=\"_self\" href=\"https:\/\/vecinoscalamurada.com\/de\/projekte\/\"><span >Mehr erfahren <i class=\"icofont-dotted-right\"><\/i><\/span><\/a><\/div><\/div><\/div>\n<\/div>\n\n\n\n<div style=\"height:40px\" aria-hidden=\"true\" class=\"wp-block-spacer\"><\/div>\n\n\n\n<div class=\"wp-block-cover alignfull is-light has-parallax\" style=\"background-image:url(https:\/\/vecinoscalamurada.com\/wp2021\/wp-content\/uploads\/2021\/11\/Cala-Murada-cta.jpg);min-height:300px\"><span aria-hidden=\"true\" class=\"wp-block-cover__gradient-background has-background-dim\"><\/span><div class=\"wp-block-cover__inner-container\">\n<p class=\"has-text-align-center has-large-font-size\"><\/p>\n<\/div><\/div>\n\n\n\n<div style=\"height:60px\" aria-hidden=\"true\" class=\"wp-block-spacer\"><\/div>\n\n\n\n<h2 class=\"has-text-align-center has-text-color has-large-font-size\" style=\"color:#001f3f\"><strong>Werden Sie Mitglied<\/strong><\/h2>\n\n\n\n<p class=\"has-text-align-center\">Gem\u00e4\u00df der Satzung des Vereins k\u00f6nnen alle vollj\u00e4hrigen, handlungsf\u00e4higen und <\/p>\n\n\n\n<p class=\"has-text-align-center\">nicht von einer rechtlichen Bedingung ausgeschlossenen Personen Mitglied werden.<\/p>\n\n\n\n<div style=\"height:35px\" aria-hidden=\"true\" class=\"wp-block-spacer\"><\/div>\n\n\n\n<div class=\"is-horizontal is-content-justification-center is-layout-flex wp-container-5 wp-block-buttons\">\n<div class=\"wp-block-button custom-start-button\"><a class=\"wp-block-button__link has-background\" href=\"https:\/\/vecinoscalamurada.com\/de\/mitglied-werden\/\" style=\"border-radius:2px;background-color:#58c3e7\">Zum Mitgliedsantrag<\/a><\/div>\n<\/div>\n\n\n\n<div style=\"height:100px\" aria-hidden=\"true\" class=\"wp-block-spacer\"><\/div>\n\n\n\n<div class=\"wp-block-cover alignfull is-light has-parallax\" style=\"background-image:url(https:\/\/vecinoscalamurada.com\/wp2021\/wp-content\/uploads\/2021\/11\/Cala-Murada-cta.jpg);min-height:300px\"><span aria-hidden=\"true\" class=\"wp-block-cover__gradient-background has-background-dim\"><\/span><div class=\"wp-block-cover__inner-container\">\n<p class=\"has-text-align-center has-large-font-size\"><\/p>\n<\/div><\/div>\n","protected":false},"excerpt":{"rendered":"<p>Vecinos Cala Murada Der B\u00fcrgerverein &#8222;Sa Plana Cala Murada&#8220; wurde am 2. April 1984 gegr\u00fcndet. Nach mehreren Jahren der Lethargie wurde beschlossen, die T\u00e4tigkeit mit der Erneuerung der Satzung wieder aufzunehmen und [&#8230;] <\/p>\n","protected":false},"author":1,"featured_media":0,"parent":0,"menu_order":67,"comment_status":"closed","ping_status":"closed","template":"homepage.php","meta":[],"yoast_head":"<!-- This site is optimized with the Yoast SEO plugin v19.10 - https:\/\/yoast.com\/wordpress\/plugins\/seo\/ -->\n<title>Home - Vecinos Cala Murada<\/title>\n<meta name=\"robots\" content=\"index, follow, max-snippet:-1, max-image-preview:large, max-video-preview:-1\" \/>\n<link rel=\"canonical\" href=\"https:\/\/vecinoscalamurada.com\/de\/\" \/>\n<meta property=\"og:locale\" content=\"de_DE\" \/>\n<meta property=\"og:type\" content=\"article\" \/>\n<meta property=\"og:title\" content=\"Home - Vecinos Cala Murada\" \/>\n<meta property=\"og:description\" content=\"Vecinos Cala Murada Der B\u00fcrgerverein &#8222;Sa Plana Cala Murada&#8220; wurde am 2. April 1984 gegr\u00fcndet. Nach mehreren Jahren der Lethargie wurde beschlossen, die T\u00e4tigkeit mit der Erneuerung der Satzung wieder aufzunehmen und [...]\" \/>\n<meta property=\"og:url\" content=\"https:\/\/vecinoscalamurada.com\/de\/\" \/>\n<meta property=\"og:site_name\" content=\"Vecinos Cala Murada\" \/>\n<meta property=\"article:publisher\" content=\"https:\/\/www.facebook.com\/groups\/992762847512552\/\" \/>\n<meta property=\"article:modified_time\" content=\"2022-05-03T11:59:21+00:00\" \/>\n<meta property=\"og:image\" content=\"https:\/\/vecinoscalamurada.com\/wp2021\/wp-content\/uploads\/2021\/11\/Cala-Murada-Header.jpg\" \/>\n\t<meta property=\"og:image:width\" content=\"2000\" \/>\n\t<meta property=\"og:image:height\" content=\"774\" \/>\n\t<meta property=\"og:image:type\" content=\"image\/jpeg\" \/>\n<meta name=\"twitter:card\" content=\"summary_large_image\" \/>\n<script type=\"application\/ld+json\" class=\"yoast-schema-graph\">{\"@context\":\"https:\/\/schema.org\",\"@graph\":[{\"@type\":\"WebPage\",\"@id\":\"https:\/\/vecinoscalamurada.com\/de\/\",\"url\":\"https:\/\/vecinoscalamurada.com\/de\/\",\"name\":\"Home - Vecinos Cala Murada\",\"isPartOf\":{\"@id\":\"https:\/\/vecinoscalamurada.com\/#website\"},\"datePublished\":\"2021-11-17T16:00:15+00:00\",\"dateModified\":\"2022-05-03T11:59:21+00:00\",\"breadcrumb\":{\"@id\":\"https:\/\/vecinoscalamurada.com\/de\/#breadcrumb\"},\"inLanguage\":\"de\",\"potentialAction\":[{\"@type\":\"ReadAction\",\"target\":[\"https:\/\/vecinoscalamurada.com\/de\/\"]}]},{\"@type\":\"BreadcrumbList\",\"@id\":\"https:\/\/vecinoscalamurada.com\/de\/#breadcrumb\",\"itemListElement\":[{\"@type\":\"ListItem\",\"position\":1,\"name\":\"Home\",\"item\":\"https:\/\/vecinoscalamurada.com\/de\/\"},{\"@type\":\"ListItem\",\"position\":2,\"name\":\"Home\"}]},{\"@type\":\"WebSite\",\"@id\":\"https:\/\/vecinoscalamurada.com\/#website\",\"url\":\"https:\/\/vecinoscalamurada.com\/\",\"name\":\"Vecinos Cala Murada\",\"description\":\"Mallorca\",\"publisher\":{\"@id\":\"https:\/\/vecinoscalamurada.com\/#organization\"},\"potentialAction\":[{\"@type\":\"SearchAction\",\"target\":{\"@type\":\"EntryPoint\",\"urlTemplate\":\"https:\/\/vecinoscalamurada.com\/?s={search_term_string}\"},\"query-input\":\"required name=search_term_string\"}],\"inLanguage\":\"de\"},{\"@type\":\"Organization\",\"@id\":\"https:\/\/vecinoscalamurada.com\/#organization\",\"name\":\"Vecinos Cala Murada\",\"url\":\"https:\/\/vecinoscalamurada.com\/\",\"logo\":{\"@type\":\"ImageObject\",\"inLanguage\":\"de\",\"@id\":\"https:\/\/vecinoscalamurada.com\/#\/schema\/logo\/image\/\",\"url\":\"https:\/\/vecinoscalamurada.com\/wp2021\/wp-content\/uploads\/2021\/11\/favicon.jpg\",\"contentUrl\":\"https:\/\/vecinoscalamurada.com\/wp2021\/wp-content\/uploads\/2021\/11\/favicon.jpg\",\"width\":512,\"height\":512,\"caption\":\"Vecinos Cala Murada\"},\"image\":{\"@id\":\"https:\/\/vecinoscalamurada.com\/#\/schema\/logo\/image\/\"},\"sameAs\":[\"https:\/\/www.facebook.com\/groups\/992762847512552\/\"]}]}<\/script>\n<!-- \/ Yoast SEO plugin. -->","yoast_head_json":{"title":"Home - Vecinos Cala Murada","robots":{"index":"index","follow":"follow","max-snippet":"max-snippet:-1","max-image-preview":"max-image-preview:large","max-video-preview":"max-video-preview:-1"},"canonical":"https:\/\/vecinoscalamurada.com\/de\/","og_locale":"de_DE","og_type":"article","og_title":"Home - Vecinos Cala Murada","og_description":"Vecinos Cala Murada Der B\u00fcrgerverein &#8222;Sa Plana Cala Murada&#8220; wurde am 2. April 1984 gegr\u00fcndet. Nach mehreren Jahren der Lethargie wurde beschlossen, die T\u00e4tigkeit mit der Erneuerung der Satzung wieder aufzunehmen und [...]","og_url":"https:\/\/vecinoscalamurada.com\/de\/","og_site_name":"Vecinos Cala Murada","article_publisher":"https:\/\/www.facebook.com\/groups\/992762847512552\/","article_modified_time":"2022-05-03T11:59:21+00:00","og_image":[{"width":2000,"height":774,"url":"https:\/\/vecinoscalamurada.com\/wp2021\/wp-content\/uploads\/2021\/11\/Cala-Murada-Header.jpg","type":"image\/jpeg"}],"twitter_card":"summary_large_image","schema":{"@context":"https:\/\/schema.org","@graph":[{"@type":"WebPage","@id":"https:\/\/vecinoscalamurada.com\/de\/","url":"https:\/\/vecinoscalamurada.com\/de\/","name":"Home - Vecinos Cala Murada","isPartOf":{"@id":"https:\/\/vecinoscalamurada.com\/#website"},"datePublished":"2021-11-17T16:00:15+00:00","dateModified":"2022-05-03T11:59:21+00:00","breadcrumb":{"@id":"https:\/\/vecinoscalamurada.com\/de\/#breadcrumb"},"inLanguage":"de","potentialAction":[{"@type":"ReadAction","target":["https:\/\/vecinoscalamurada.com\/de\/"]}]},{"@type":"BreadcrumbList","@id":"https:\/\/vecinoscalamurada.com\/de\/#breadcrumb","itemListElement":[{"@type":"ListItem","position":1,"name":"Home","item":"https:\/\/vecinoscalamurada.com\/de\/"},{"@type":"ListItem","position":2,"name":"Home"}]},{"@type":"WebSite","@id":"https:\/\/vecinoscalamurada.com\/#website","url":"https:\/\/vecinoscalamurada.com\/","name":"Vecinos Cala Murada","description":"Mallorca","publisher":{"@id":"https:\/\/vecinoscalamurada.com\/#organization"},"potentialAction":[{"@type":"SearchAction","target":{"@type":"EntryPoint","urlTemplate":"https:\/\/vecinoscalamurada.com\/?s={search_term_string}"},"query-input":"required name=search_term_string"}],"inLanguage":"de"},{"@type":"Organization","@id":"https:\/\/vecinoscalamurada.com\/#organization","name":"Vecinos Cala Murada","url":"https:\/\/vecinoscalamurada.com\/","logo":{"@type":"ImageObject","inLanguage":"de","@id":"https:\/\/vecinoscalamurada.com\/#\/schema\/logo\/image\/","url":"https:\/\/vecinoscalamurada.com\/wp2021\/wp-content\/uploads\/2021\/11\/favicon.jpg","contentUrl":"https:\/\/vecinoscalamurada.com\/wp2021\/wp-content\/uploads\/2021\/11\/favicon.jpg","width":512,"height":512,"caption":"Vecinos Cala Murada"},"image":{"@id":"https:\/\/vecinoscalamurada.com\/#\/schema\/logo\/image\/"},"sameAs":["https:\/\/www.facebook.com\/groups\/992762847512552\/"]}]}},"_links":{"self":[{"href":"https:\/\/vecinoscalamurada.com\/de\/wp-json\/wp\/v2\/pages\/9682"}],"collection":[{"href":"https:\/\/vecinoscalamurada.com\/de\/wp-json\/wp\/v2\/pages"}],"about":[{"href":"https:\/\/vecinoscalamurada.com\/de\/wp-json\/wp\/v2\/types\/page"}],"author":[{"embeddable":true,"href":"https:\/\/vecinoscalamurada.com\/de\/wp-json\/wp\/v2\/users\/1"}],"replies":[{"embeddable":true,"href":"https:\/\/vecinoscalamurada.com\/de\/wp-json\/wp\/v2\/comments?post=9682"}],"version-history":[{"count":13,"href":"https:\/\/vecinoscalamurada.com\/de\/wp-json\/wp\/v2\/pages\/9682\/revisions"}],"predecessor-version":[{"id":10370,"href":"https:\/\/vecinoscalamurada.com\/de\/wp-json\/wp\/v2\/pages\/9682\/revisions\/10370"}],"wp:attachment":[{"href":"https:\/\/vecinoscalamurada.com\/de\/wp-json\/wp\/v2\/media?parent=9682"}],"curies":[{"name":"wp","href":"https:\/\/api.w.org\/{rel}","templated":true}]}}