{"id":10235,"date":"2022-04-30T12:03:21","date_gmt":"2022-04-30T10:03:21","guid":{"rendered":"https:\/\/vecinoscalamurada.com\/?page_id=10235"},"modified":"2022-05-05T10:11:14","modified_gmt":"2022-05-05T08:11:14","slug":"mitglied-werden","status":"publish","type":"page","link":"https:\/\/vecinoscalamurada.com\/de\/mitglied-werden\/","title":{"rendered":"Mitglied werden"},"content":{"rendered":"<div class=\"slogan links\">\n<div class=\"preambel\">\n<span style=\"color:#3142a3;\"> Asociacion de vecinos Sa Plana Cala Murada <\/span>\n<\/div>\n<h2 style=\"font-size:30px;\" ><span class=\"slogan-mobile\">Herzlichen willkommen in unserem Verein<\/span><\/h2><span style=\"background:#3142a3\"><\/span><\/div>\n\n\n<p>Gem\u00e4\u00df der Satzung des Vereins k\u00f6nnen alle vollj\u00e4hrigen, handlungsf\u00e4higen und nicht von einer rechtlichen Bedingung ausgeschlossenen Personen Mitglied werden. <\/p>\n\n\n\n<p>Diejenigen, die dies beantragen und sich f\u00fcr die Zwecke des Vereins einsetzen, m\u00fcssen zu diesem Zweck das Aufnahmeformular f\u00fcr die Mitgliedschaft ausf\u00fcllen sowie einen Bankauftrag zum Einzug des Jahresbeitrags unterzeichnen<\/p>\n\n\n\n<p><\/p>\n\n\n\n<div class=\"wp-block-file\"><object class=\"wp-block-file__embed\" data=\"https:\/\/vecinoscalamurada.com\/wp2021\/wp-content\/uploads\/2022\/05\/Solicitud-de-membresia-DE-2.pdf\" type=\"application\/pdf\" style=\"width:100%;height:600px\" aria-label=\"Einbettung von Einbettung von Solicitud de membresia - DE..\"><\/object><a id=\"wp-block-file--media-dd81d5e1-51ab-4d93-badc-9a16c18c6406\" href=\"https:\/\/vecinoscalamurada.com\/wp2021\/wp-content\/uploads\/2022\/05\/Solicitud-de-membresia-DE-2.pdf\">Solicitud de membresia &#8211; DE<\/a><a href=\"https:\/\/vecinoscalamurada.com\/wp2021\/wp-content\/uploads\/2022\/05\/Solicitud-de-membresia-DE-2.pdf\" class=\"wp-block-file__button\" download aria-describedby=\"wp-block-file--media-dd81d5e1-51ab-4d93-badc-9a16c18c6406\">Herunterladen<\/a><\/div>\n\n\n\n<p><\/p>\n\n\n\n<p>Nachdem Sie das Anmeldeformular ausgef\u00fcllt, senden Sie eine E-Mail an  info@vecinoscalamurada.com oder nutzen Sie unser <a href=\"http:\/\/Kontakt\" data-type=\"URL\" data-id=\"Kontakt\">Kontaktformular<\/a>.<\/p>\n\n\n\n<p><\/p>\n","protected":false},"excerpt":{"rendered":"<p>Gem\u00e4\u00df der Satzung des Vereins k\u00f6nnen alle vollj\u00e4hrigen, handlungsf\u00e4higen und nicht von einer rechtlichen Bedingung ausgeschlossenen Personen Mitglied werden. Diejenigen, die dies beantragen und sich f\u00fcr die Zwecke des Vereins einsetzen, m\u00fcssen [&#8230;] <\/p>\n","protected":false},"author":2,"featured_media":0,"parent":0,"menu_order":10,"comment_status":"closed","ping_status":"closed","template":"","meta":[],"yoast_head":"<!-- This site is optimized with the Yoast SEO plugin v19.10 - https:\/\/yoast.com\/wordpress\/plugins\/seo\/ -->\n<title>Mitglied werden - Vecinos Cala Murada<\/title>\n<meta name=\"robots\" content=\"index, follow, max-snippet:-1, max-image-preview:large, max-video-preview:-1\" \/>\n<link rel=\"canonical\" href=\"https:\/\/vecinoscalamurada.com\/de\/mitglied-werden\/\" \/>\n<meta property=\"og:locale\" content=\"de_DE\" \/>\n<meta property=\"og:type\" content=\"article\" \/>\n<meta property=\"og:title\" content=\"Mitglied werden - Vecinos Cala Murada\" \/>\n<meta property=\"og:description\" content=\"Gem\u00e4\u00df der Satzung des Vereins k\u00f6nnen alle vollj\u00e4hrigen, handlungsf\u00e4higen und nicht von einer rechtlichen Bedingung ausgeschlossenen Personen Mitglied werden. Diejenigen, die dies beantragen und sich f\u00fcr die Zwecke des Vereins einsetzen, m\u00fcssen [...]\" \/>\n<meta property=\"og:url\" content=\"https:\/\/vecinoscalamurada.com\/de\/mitglied-werden\/\" \/>\n<meta property=\"og:site_name\" content=\"Vecinos Cala Murada\" \/>\n<meta property=\"article:publisher\" content=\"https:\/\/www.facebook.com\/groups\/992762847512552\/\" \/>\n<meta property=\"article:modified_time\" content=\"2022-05-05T08:11:14+00:00\" \/>\n<meta property=\"og:image\" content=\"https:\/\/vecinoscalamurada.com\/wp2021\/wp-content\/uploads\/2021\/11\/Cala-Murada-Header.jpg\" \/>\n\t<meta property=\"og:image:width\" content=\"2000\" \/>\n\t<meta property=\"og:image:height\" content=\"774\" \/>\n\t<meta property=\"og:image:type\" content=\"image\/jpeg\" \/>\n<meta name=\"twitter:card\" content=\"summary_large_image\" \/>\n<script type=\"application\/ld+json\" class=\"yoast-schema-graph\">{\"@context\":\"https:\/\/schema.org\",\"@graph\":[{\"@type\":\"WebPage\",\"@id\":\"https:\/\/vecinoscalamurada.com\/de\/mitglied-werden\/\",\"url\":\"https:\/\/vecinoscalamurada.com\/de\/mitglied-werden\/\",\"name\":\"Mitglied werden - Vecinos Cala Murada\",\"isPartOf\":{\"@id\":\"https:\/\/vecinoscalamurada.com\/#website\"},\"datePublished\":\"2022-04-30T10:03:21+00:00\",\"dateModified\":\"2022-05-05T08:11:14+00:00\",\"breadcrumb\":{\"@id\":\"https:\/\/vecinoscalamurada.com\/de\/mitglied-werden\/#breadcrumb\"},\"inLanguage\":\"de\",\"potentialAction\":[{\"@type\":\"ReadAction\",\"target\":[\"https:\/\/vecinoscalamurada.com\/de\/mitglied-werden\/\"]}]},{\"@type\":\"BreadcrumbList\",\"@id\":\"https:\/\/vecinoscalamurada.com\/de\/mitglied-werden\/#breadcrumb\",\"itemListElement\":[{\"@type\":\"ListItem\",\"position\":1,\"name\":\"Home\",\"item\":\"https:\/\/vecinoscalamurada.com\/de\/\"},{\"@type\":\"ListItem\",\"position\":2,\"name\":\"Mitglied werden\"}]},{\"@type\":\"WebSite\",\"@id\":\"https:\/\/vecinoscalamurada.com\/#website\",\"url\":\"https:\/\/vecinoscalamurada.com\/\",\"name\":\"Vecinos Cala Murada\",\"description\":\"Mallorca\",\"publisher\":{\"@id\":\"https:\/\/vecinoscalamurada.com\/#organization\"},\"potentialAction\":[{\"@type\":\"SearchAction\",\"target\":{\"@type\":\"EntryPoint\",\"urlTemplate\":\"https:\/\/vecinoscalamurada.com\/?s={search_term_string}\"},\"query-input\":\"required name=search_term_string\"}],\"inLanguage\":\"de\"},{\"@type\":\"Organization\",\"@id\":\"https:\/\/vecinoscalamurada.com\/#organization\",\"name\":\"Vecinos Cala Murada\",\"url\":\"https:\/\/vecinoscalamurada.com\/\",\"logo\":{\"@type\":\"ImageObject\",\"inLanguage\":\"de\",\"@id\":\"https:\/\/vecinoscalamurada.com\/#\/schema\/logo\/image\/\",\"url\":\"https:\/\/vecinoscalamurada.com\/wp2021\/wp-content\/uploads\/2021\/11\/favicon.jpg\",\"contentUrl\":\"https:\/\/vecinoscalamurada.com\/wp2021\/wp-content\/uploads\/2021\/11\/favicon.jpg\",\"width\":512,\"height\":512,\"caption\":\"Vecinos Cala Murada\"},\"image\":{\"@id\":\"https:\/\/vecinoscalamurada.com\/#\/schema\/logo\/image\/\"},\"sameAs\":[\"https:\/\/www.facebook.com\/groups\/992762847512552\/\"]}]}<\/script>\n<!-- \/ Yoast SEO plugin. -->","yoast_head_json":{"title":"Mitglied werden - Vecinos Cala Murada","robots":{"index":"index","follow":"follow","max-snippet":"max-snippet:-1","max-image-preview":"max-image-preview:large","max-video-preview":"max-video-preview:-1"},"canonical":"https:\/\/vecinoscalamurada.com\/de\/mitglied-werden\/","og_locale":"de_DE","og_type":"article","og_title":"Mitglied werden - Vecinos Cala Murada","og_description":"Gem\u00e4\u00df der Satzung des Vereins k\u00f6nnen alle vollj\u00e4hrigen, handlungsf\u00e4higen und nicht von einer rechtlichen Bedingung ausgeschlossenen Personen Mitglied werden. Diejenigen, die dies beantragen und sich f\u00fcr die Zwecke des Vereins einsetzen, m\u00fcssen [...]","og_url":"https:\/\/vecinoscalamurada.com\/de\/mitglied-werden\/","og_site_name":"Vecinos Cala Murada","article_publisher":"https:\/\/www.facebook.com\/groups\/992762847512552\/","article_modified_time":"2022-05-05T08:11:14+00:00","og_image":[{"width":2000,"height":774,"url":"https:\/\/vecinoscalamurada.com\/wp2021\/wp-content\/uploads\/2021\/11\/Cala-Murada-Header.jpg","type":"image\/jpeg"}],"twitter_card":"summary_large_image","schema":{"@context":"https:\/\/schema.org","@graph":[{"@type":"WebPage","@id":"https:\/\/vecinoscalamurada.com\/de\/mitglied-werden\/","url":"https:\/\/vecinoscalamurada.com\/de\/mitglied-werden\/","name":"Mitglied werden - Vecinos Cala Murada","isPartOf":{"@id":"https:\/\/vecinoscalamurada.com\/#website"},"datePublished":"2022-04-30T10:03:21+00:00","dateModified":"2022-05-05T08:11:14+00:00","breadcrumb":{"@id":"https:\/\/vecinoscalamurada.com\/de\/mitglied-werden\/#breadcrumb"},"inLanguage":"de","potentialAction":[{"@type":"ReadAction","target":["https:\/\/vecinoscalamurada.com\/de\/mitglied-werden\/"]}]},{"@type":"BreadcrumbList","@id":"https:\/\/vecinoscalamurada.com\/de\/mitglied-werden\/#breadcrumb","itemListElement":[{"@type":"ListItem","position":1,"name":"Home","item":"https:\/\/vecinoscalamurada.com\/de\/"},{"@type":"ListItem","position":2,"name":"Mitglied werden"}]},{"@type":"WebSite","@id":"https:\/\/vecinoscalamurada.com\/#website","url":"https:\/\/vecinoscalamurada.com\/","name":"Vecinos Cala Murada","description":"Mallorca","publisher":{"@id":"https:\/\/vecinoscalamurada.com\/#organization"},"potentialAction":[{"@type":"SearchAction","target":{"@type":"EntryPoint","urlTemplate":"https:\/\/vecinoscalamurada.com\/?s={search_term_string}"},"query-input":"required name=search_term_string"}],"inLanguage":"de"},{"@type":"Organization","@id":"https:\/\/vecinoscalamurada.com\/#organization","name":"Vecinos Cala Murada","url":"https:\/\/vecinoscalamurada.com\/","logo":{"@type":"ImageObject","inLanguage":"de","@id":"https:\/\/vecinoscalamurada.com\/#\/schema\/logo\/image\/","url":"https:\/\/vecinoscalamurada.com\/wp2021\/wp-content\/uploads\/2021\/11\/favicon.jpg","contentUrl":"https:\/\/vecinoscalamurada.com\/wp2021\/wp-content\/uploads\/2021\/11\/favicon.jpg","width":512,"height":512,"caption":"Vecinos Cala Murada"},"image":{"@id":"https:\/\/vecinoscalamurada.com\/#\/schema\/logo\/image\/"},"sameAs":["https:\/\/www.facebook.com\/groups\/992762847512552\/"]}]}},"_links":{"self":[{"href":"https:\/\/vecinoscalamurada.com\/de\/wp-json\/wp\/v2\/pages\/10235"}],"collection":[{"href":"https:\/\/vecinoscalamurada.com\/de\/wp-json\/wp\/v2\/pages"}],"about":[{"href":"https:\/\/vecinoscalamurada.com\/de\/wp-json\/wp\/v2\/types\/page"}],"author":[{"embeddable":true,"href":"https:\/\/vecinoscalamurada.com\/de\/wp-json\/wp\/v2\/users\/2"}],"replies":[{"embeddable":true,"href":"https:\/\/vecinoscalamurada.com\/de\/wp-json\/wp\/v2\/comments?post=10235"}],"version-history":[{"count":3,"href":"https:\/\/vecinoscalamurada.com\/de\/wp-json\/wp\/v2\/pages\/10235\/revisions"}],"predecessor-version":[{"id":10417,"href":"https:\/\/vecinoscalamurada.com\/de\/wp-json\/wp\/v2\/pages\/10235\/revisions\/10417"}],"wp:attachment":[{"href":"https:\/\/vecinoscalamurada.com\/de\/wp-json\/wp\/v2\/media?parent=10235"}],"curies":[{"name":"wp","href":"https:\/\/api.w.org\/{rel}","templated":true}]}}