{"id":10192,"date":"2022-04-30T09:51:57","date_gmt":"2022-04-30T07:51:57","guid":{"rendered":"https:\/\/vecinoscalamurada.com\/?page_id=10192"},"modified":"2022-04-30T09:51:58","modified_gmt":"2022-04-30T07:51:58","slug":"kapitel-xi","status":"publish","type":"page","link":"https:\/\/vecinoscalamurada.com\/de\/wer-wir-sind\/statuten\/kapitel-xi\/","title":{"rendered":"KAPITEL XI"},"content":{"rendered":"<div class=\"slogan links\">\n<div class=\"preambel\">\n<span style=\"color:#3142a3;\"> Asociacion de vecinos Sa Plana Cala Murada \u2013 Satzung <\/span>\n<\/div>\n<h2 style=\"font-size:30px;\" ><span class=\"slogan-mobile\">Aufl\u00f6sung<\/span><\/h2><span style=\"background:#3142a3\"><\/span><\/div>\n\n\n<h3><strong>Paragraph 34.<\/strong><\/h3>\n\n\n\n<p>Die Aufl\u00f6sung von Vereinen erfolgt durch die Erf\u00fcllung des Zwecks, f\u00fcr den sie gegr\u00fcndet wurden, und ansonsten durch den Willen der Mitglieder, der in der zu diesem Zweck einberufenen Generalversammlung zum Ausdruck kommt, sowie aus den in \u00a7 39 des Zivilgesetzbuchs genannten Gr\u00fcnden oder durch eine rechtskr\u00e4ftige gerichtliche Entscheidung.<\/p>\n\n\n\n<h3><strong>Paragraph 35.<\/strong><\/h3>\n\n\n\n<ol type=\"1\"><li>Sobald die Aufl\u00f6sung beschlossen ist, muss die Generalversammlung geeignete Ma\u00dfnahmen ergreifen, sowohl hinsichtlich der Verwendung des Verm\u00f6gens und der Rechte des Vereins als auch hinsichtlich der Endg\u00fcltigkeit, des Erl\u00f6schens und der Liquidation aller ausstehenden Gesch\u00e4fte.<\/li><li>Die Mitglieder des Vereins sind von der pers\u00f6nlichen Haftung befreit. Ihre Haftung beschr\u00e4nkt sich auf die Erf\u00fcllung der Verpflichtungen, die sie selbst freiwillig eingegangen sind.<\/li><li>Der sich aus der Abrechnung ergebende Netto\u00fcberschuss muss direkt an die von der Generalversammlung bestimmte Wohlt\u00e4tigkeitsorganisation oder gemeinn\u00fctzige Vereinigung abgef\u00fchrt werden.<\/li><li>Die Aufgaben der Abwicklung und der Ausf\u00fchrung der in den vorstehenden Punkten dieses Artikels genannten Beschl\u00fcsse obliegen dem Verwaltungsrat, es sei denn, die Generalversammlung hat diese Aufgabe einem eigens zu diesem Zweck ernannten Abwicklungsausschuss anvertraut.<\/li><\/ol>\n\n\n\n<p><\/p>\n\n\n\n<p>Cala Murada, 14. Februar 2020<\/p>\n\n\n\n<p>Es wird darauf hingewiesen, dass die Statuten durch die Zustimmung der Generalversammlung vom 14. Februar 2020 ge\u00e4ndert wurden.<\/p>\n\n\n\n<p>Die Pr\u00e4sidentin: Isabel Aguilar Llull<\/p>\n\n\n\n<p>Der Sekret\u00e4r: Gin\u00e9s Hern\u00e1ndez Guerrero<\/p>\n\n\n\n<p><\/p>\n\n\n\n<p><\/p>\n","protected":false},"excerpt":{"rendered":"<p>Paragraph 34. Die Aufl\u00f6sung von Vereinen erfolgt durch die Erf\u00fcllung des Zwecks, f\u00fcr den sie gegr\u00fcndet wurden, und ansonsten durch den Willen der Mitglieder, der in der zu diesem Zweck einberufenen Generalversammlung [&#8230;] <\/p>\n","protected":false},"author":2,"featured_media":0,"parent":10196,"menu_order":40,"comment_status":"closed","ping_status":"closed","template":"","meta":[],"yoast_head":"<!-- This site is optimized with the Yoast SEO plugin v19.10 - https:\/\/yoast.com\/wordpress\/plugins\/seo\/ -->\n<title>KAPITEL XI - Vecinos Cala Murada<\/title>\n<meta name=\"robots\" content=\"index, follow, max-snippet:-1, max-image-preview:large, max-video-preview:-1\" \/>\n<link rel=\"canonical\" href=\"https:\/\/vecinoscalamurada.com\/de\/wer-wir-sind\/statuten\/kapitel-xi\/\" \/>\n<meta property=\"og:locale\" content=\"de_DE\" \/>\n<meta property=\"og:type\" content=\"article\" \/>\n<meta property=\"og:title\" content=\"KAPITEL XI - Vecinos Cala Murada\" \/>\n<meta property=\"og:description\" content=\"Paragraph 34. Die Aufl\u00f6sung von Vereinen erfolgt durch die Erf\u00fcllung des Zwecks, f\u00fcr den sie gegr\u00fcndet wurden, und ansonsten durch den Willen der Mitglieder, der in der zu diesem Zweck einberufenen Generalversammlung [...]\" \/>\n<meta property=\"og:url\" content=\"https:\/\/vecinoscalamurada.com\/de\/wer-wir-sind\/statuten\/kapitel-xi\/\" \/>\n<meta property=\"og:site_name\" content=\"Vecinos Cala Murada\" \/>\n<meta property=\"article:publisher\" content=\"https:\/\/www.facebook.com\/groups\/992762847512552\/\" \/>\n<meta property=\"article:modified_time\" content=\"2022-04-30T07:51:58+00:00\" \/>\n<meta property=\"og:image\" content=\"https:\/\/vecinoscalamurada.com\/wp2021\/wp-content\/uploads\/2021\/11\/Cala-Murada-Header.jpg\" \/>\n\t<meta property=\"og:image:width\" content=\"2000\" \/>\n\t<meta property=\"og:image:height\" content=\"774\" \/>\n\t<meta property=\"og:image:type\" content=\"image\/jpeg\" \/>\n<meta name=\"twitter:card\" content=\"summary_large_image\" \/>\n<meta name=\"twitter:label1\" content=\"Gesch\u00e4tzte Lesezeit\" \/>\n\t<meta name=\"twitter:data1\" content=\"1\u00a0Minute\" \/>\n<script type=\"application\/ld+json\" class=\"yoast-schema-graph\">{\"@context\":\"https:\/\/schema.org\",\"@graph\":[{\"@type\":\"WebPage\",\"@id\":\"https:\/\/vecinoscalamurada.com\/de\/wer-wir-sind\/statuten\/kapitel-xi\/\",\"url\":\"https:\/\/vecinoscalamurada.com\/de\/wer-wir-sind\/statuten\/kapitel-xi\/\",\"name\":\"KAPITEL XI - Vecinos Cala Murada\",\"isPartOf\":{\"@id\":\"https:\/\/vecinoscalamurada.com\/#website\"},\"datePublished\":\"2022-04-30T07:51:57+00:00\",\"dateModified\":\"2022-04-30T07:51:58+00:00\",\"breadcrumb\":{\"@id\":\"https:\/\/vecinoscalamurada.com\/de\/wer-wir-sind\/statuten\/kapitel-xi\/#breadcrumb\"},\"inLanguage\":\"de\",\"potentialAction\":[{\"@type\":\"ReadAction\",\"target\":[\"https:\/\/vecinoscalamurada.com\/de\/wer-wir-sind\/statuten\/kapitel-xi\/\"]}]},{\"@type\":\"BreadcrumbList\",\"@id\":\"https:\/\/vecinoscalamurada.com\/de\/wer-wir-sind\/statuten\/kapitel-xi\/#breadcrumb\",\"itemListElement\":[{\"@type\":\"ListItem\",\"position\":1,\"name\":\"Home\",\"item\":\"https:\/\/vecinoscalamurada.com\/de\/\"},{\"@type\":\"ListItem\",\"position\":2,\"name\":\"Wer wir sind\",\"item\":\"https:\/\/vecinoscalamurada.com\/de\/wer-wir-sind\/\"},{\"@type\":\"ListItem\",\"position\":3,\"name\":\"Statuten\",\"item\":\"https:\/\/vecinoscalamurada.com\/de\/wer-wir-sind\/statuten\/\"},{\"@type\":\"ListItem\",\"position\":4,\"name\":\"KAPITEL XI\"}]},{\"@type\":\"WebSite\",\"@id\":\"https:\/\/vecinoscalamurada.com\/#website\",\"url\":\"https:\/\/vecinoscalamurada.com\/\",\"name\":\"Vecinos Cala Murada\",\"description\":\"Mallorca\",\"publisher\":{\"@id\":\"https:\/\/vecinoscalamurada.com\/#organization\"},\"potentialAction\":[{\"@type\":\"SearchAction\",\"target\":{\"@type\":\"EntryPoint\",\"urlTemplate\":\"https:\/\/vecinoscalamurada.com\/?s={search_term_string}\"},\"query-input\":\"required name=search_term_string\"}],\"inLanguage\":\"de\"},{\"@type\":\"Organization\",\"@id\":\"https:\/\/vecinoscalamurada.com\/#organization\",\"name\":\"Vecinos Cala Murada\",\"url\":\"https:\/\/vecinoscalamurada.com\/\",\"logo\":{\"@type\":\"ImageObject\",\"inLanguage\":\"de\",\"@id\":\"https:\/\/vecinoscalamurada.com\/#\/schema\/logo\/image\/\",\"url\":\"https:\/\/vecinoscalamurada.com\/wp2021\/wp-content\/uploads\/2021\/11\/favicon.jpg\",\"contentUrl\":\"https:\/\/vecinoscalamurada.com\/wp2021\/wp-content\/uploads\/2021\/11\/favicon.jpg\",\"width\":512,\"height\":512,\"caption\":\"Vecinos Cala Murada\"},\"image\":{\"@id\":\"https:\/\/vecinoscalamurada.com\/#\/schema\/logo\/image\/\"},\"sameAs\":[\"https:\/\/www.facebook.com\/groups\/992762847512552\/\"]}]}<\/script>\n<!-- \/ Yoast SEO plugin. -->","yoast_head_json":{"title":"KAPITEL XI - Vecinos Cala Murada","robots":{"index":"index","follow":"follow","max-snippet":"max-snippet:-1","max-image-preview":"max-image-preview:large","max-video-preview":"max-video-preview:-1"},"canonical":"https:\/\/vecinoscalamurada.com\/de\/wer-wir-sind\/statuten\/kapitel-xi\/","og_locale":"de_DE","og_type":"article","og_title":"KAPITEL XI - Vecinos Cala Murada","og_description":"Paragraph 34. Die Aufl\u00f6sung von Vereinen erfolgt durch die Erf\u00fcllung des Zwecks, f\u00fcr den sie gegr\u00fcndet wurden, und ansonsten durch den Willen der Mitglieder, der in der zu diesem Zweck einberufenen Generalversammlung [...]","og_url":"https:\/\/vecinoscalamurada.com\/de\/wer-wir-sind\/statuten\/kapitel-xi\/","og_site_name":"Vecinos Cala Murada","article_publisher":"https:\/\/www.facebook.com\/groups\/992762847512552\/","article_modified_time":"2022-04-30T07:51:58+00:00","og_image":[{"width":2000,"height":774,"url":"https:\/\/vecinoscalamurada.com\/wp2021\/wp-content\/uploads\/2021\/11\/Cala-Murada-Header.jpg","type":"image\/jpeg"}],"twitter_card":"summary_large_image","twitter_misc":{"Gesch\u00e4tzte Lesezeit":"1\u00a0Minute"},"schema":{"@context":"https:\/\/schema.org","@graph":[{"@type":"WebPage","@id":"https:\/\/vecinoscalamurada.com\/de\/wer-wir-sind\/statuten\/kapitel-xi\/","url":"https:\/\/vecinoscalamurada.com\/de\/wer-wir-sind\/statuten\/kapitel-xi\/","name":"KAPITEL XI - Vecinos Cala Murada","isPartOf":{"@id":"https:\/\/vecinoscalamurada.com\/#website"},"datePublished":"2022-04-30T07:51:57+00:00","dateModified":"2022-04-30T07:51:58+00:00","breadcrumb":{"@id":"https:\/\/vecinoscalamurada.com\/de\/wer-wir-sind\/statuten\/kapitel-xi\/#breadcrumb"},"inLanguage":"de","potentialAction":[{"@type":"ReadAction","target":["https:\/\/vecinoscalamurada.com\/de\/wer-wir-sind\/statuten\/kapitel-xi\/"]}]},{"@type":"BreadcrumbList","@id":"https:\/\/vecinoscalamurada.com\/de\/wer-wir-sind\/statuten\/kapitel-xi\/#breadcrumb","itemListElement":[{"@type":"ListItem","position":1,"name":"Home","item":"https:\/\/vecinoscalamurada.com\/de\/"},{"@type":"ListItem","position":2,"name":"Wer wir sind","item":"https:\/\/vecinoscalamurada.com\/de\/wer-wir-sind\/"},{"@type":"ListItem","position":3,"name":"Statuten","item":"https:\/\/vecinoscalamurada.com\/de\/wer-wir-sind\/statuten\/"},{"@type":"ListItem","position":4,"name":"KAPITEL XI"}]},{"@type":"WebSite","@id":"https:\/\/vecinoscalamurada.com\/#website","url":"https:\/\/vecinoscalamurada.com\/","name":"Vecinos Cala Murada","description":"Mallorca","publisher":{"@id":"https:\/\/vecinoscalamurada.com\/#organization"},"potentialAction":[{"@type":"SearchAction","target":{"@type":"EntryPoint","urlTemplate":"https:\/\/vecinoscalamurada.com\/?s={search_term_string}"},"query-input":"required name=search_term_string"}],"inLanguage":"de"},{"@type":"Organization","@id":"https:\/\/vecinoscalamurada.com\/#organization","name":"Vecinos Cala Murada","url":"https:\/\/vecinoscalamurada.com\/","logo":{"@type":"ImageObject","inLanguage":"de","@id":"https:\/\/vecinoscalamurada.com\/#\/schema\/logo\/image\/","url":"https:\/\/vecinoscalamurada.com\/wp2021\/wp-content\/uploads\/2021\/11\/favicon.jpg","contentUrl":"https:\/\/vecinoscalamurada.com\/wp2021\/wp-content\/uploads\/2021\/11\/favicon.jpg","width":512,"height":512,"caption":"Vecinos Cala Murada"},"image":{"@id":"https:\/\/vecinoscalamurada.com\/#\/schema\/logo\/image\/"},"sameAs":["https:\/\/www.facebook.com\/groups\/992762847512552\/"]}]}},"_links":{"self":[{"href":"https:\/\/vecinoscalamurada.com\/de\/wp-json\/wp\/v2\/pages\/10192"}],"collection":[{"href":"https:\/\/vecinoscalamurada.com\/de\/wp-json\/wp\/v2\/pages"}],"about":[{"href":"https:\/\/vecinoscalamurada.com\/de\/wp-json\/wp\/v2\/types\/page"}],"author":[{"embeddable":true,"href":"https:\/\/vecinoscalamurada.com\/de\/wp-json\/wp\/v2\/users\/2"}],"replies":[{"embeddable":true,"href":"https:\/\/vecinoscalamurada.com\/de\/wp-json\/wp\/v2\/comments?post=10192"}],"version-history":[{"count":1,"href":"https:\/\/vecinoscalamurada.com\/de\/wp-json\/wp\/v2\/pages\/10192\/revisions"}],"predecessor-version":[{"id":10193,"href":"https:\/\/vecinoscalamurada.com\/de\/wp-json\/wp\/v2\/pages\/10192\/revisions\/10193"}],"up":[{"embeddable":true,"href":"https:\/\/vecinoscalamurada.com\/de\/wp-json\/wp\/v2\/pages\/10196"}],"wp:attachment":[{"href":"https:\/\/vecinoscalamurada.com\/de\/wp-json\/wp\/v2\/media?parent=10192"}],"curies":[{"name":"wp","href":"https:\/\/api.w.org\/{rel}","templated":true}]}}