{"id":10189,"date":"2022-04-30T09:49:44","date_gmt":"2022-04-30T07:49:44","guid":{"rendered":"https:\/\/vecinoscalamurada.com\/?page_id=10189"},"modified":"2022-04-30T09:50:07","modified_gmt":"2022-04-30T07:50:07","slug":"kapitel-x","status":"publish","type":"page","link":"https:\/\/vecinoscalamurada.com\/de\/wer-wir-sind\/statuten\/kapitel-x\/","title":{"rendered":"KAPITEL X"},"content":{"rendered":"<div class=\"slogan links\">\n<div class=\"preambel\">\n<span style=\"color:#3142a3;\"> Asociacion de vecinos Sa Plana Cala Murada \u2013 Satzung <\/span>\n<\/div>\n<h2 style=\"font-size:30px;\" ><span class=\"slogan-mobile\">Wirtschaftsregelung<\/span><\/h2><span style=\"background:#3142a3\"><\/span><\/div>\n\n\n<h3><strong>Paragraph 30.<\/strong><\/h3>\n\n\n\n<p>Der Verein besitzt kein Verm\u00f6gen.<\/p>\n\n\n\n<h3><strong>Paragraph 31.<\/strong><\/h3>\n\n\n\n<p>Die finanziellen Mittel des Vereins stammen aus:<\/p>\n\n\n\n<ul><li>Die von der Generalversammlung f\u00fcr ihre Mitglieder festgelegten Beitr\u00e4ge.<\/li><li>\u00d6ffentliche oder private Subventionen.<\/li><li>Schenkungen, Erbschaften oder Verm\u00e4chtnisse.<\/li><li>Eink\u00fcnfte aus dem Verm\u00f6gen selbst oder aus anderen Eink\u00fcnften, die erzielt werden k\u00f6nnen.<\/li><\/ul>\n\n\n\n<h3><strong>Paragraph 32.<\/strong><\/h3>\n\n\n\n<p>Alle Mitglieder des Vereins sind verpflichtet, den Verein durch Mitgliedsbeitr\u00e4ge in der Art und Weise und in dem Verh\u00e4ltnis finanziell zu unterst\u00fctzen, wie es von der Generalversammlung auf Vorschlag des Vorstandes festgelegt wird. Die Generalversammlung kann Aufnahmegeb\u00fchren, regelm\u00e4\u00dfige monatliche Mitgliedsbeitr\u00e4ge &#8211; die je nach Entscheidung des Vorstands monatlich, viertelj\u00e4hrlich oder halbj\u00e4hrlich zu zahlen sind &#8211; und au\u00dferordentliche Mitgliedsbeitr\u00e4ge festlegen.<\/p>\n\n\n\n<h3><strong>Paragraph 33.<\/strong><\/h3>\n\n\n\n<p>Das Haushaltsjahr f\u00e4llt mit dem Kalenderjahr zusammen und endet am 31. Dezember.<\/p>\n\n\n\n<p><\/p>\n\n\n\n<p><\/p>\n","protected":false},"excerpt":{"rendered":"<p>Paragraph 30. Der Verein besitzt kein Verm\u00f6gen. Paragraph 31. Die finanziellen Mittel des Vereins stammen aus: Die von der Generalversammlung f\u00fcr ihre Mitglieder festgelegten Beitr\u00e4ge. \u00d6ffentliche oder private Subventionen. Schenkungen, Erbschaften oder [&#8230;] <\/p>\n","protected":false},"author":2,"featured_media":0,"parent":10196,"menu_order":38,"comment_status":"closed","ping_status":"closed","template":"","meta":[],"yoast_head":"<!-- This site is optimized with the Yoast SEO plugin v19.10 - https:\/\/yoast.com\/wordpress\/plugins\/seo\/ -->\n<title>KAPITEL X - Vecinos Cala Murada<\/title>\n<meta name=\"robots\" content=\"index, follow, max-snippet:-1, max-image-preview:large, max-video-preview:-1\" \/>\n<link rel=\"canonical\" href=\"https:\/\/vecinoscalamurada.com\/de\/wer-wir-sind\/statuten\/kapitel-x\/\" \/>\n<meta property=\"og:locale\" content=\"de_DE\" \/>\n<meta property=\"og:type\" content=\"article\" \/>\n<meta property=\"og:title\" content=\"KAPITEL X - Vecinos Cala Murada\" \/>\n<meta property=\"og:description\" content=\"Paragraph 30. Der Verein besitzt kein Verm\u00f6gen. Paragraph 31. Die finanziellen Mittel des Vereins stammen aus: Die von der Generalversammlung f\u00fcr ihre Mitglieder festgelegten Beitr\u00e4ge. \u00d6ffentliche oder private Subventionen. Schenkungen, Erbschaften oder [...]\" \/>\n<meta property=\"og:url\" content=\"https:\/\/vecinoscalamurada.com\/de\/wer-wir-sind\/statuten\/kapitel-x\/\" \/>\n<meta property=\"og:site_name\" content=\"Vecinos Cala Murada\" \/>\n<meta property=\"article:publisher\" content=\"https:\/\/www.facebook.com\/groups\/992762847512552\/\" \/>\n<meta property=\"article:modified_time\" content=\"2022-04-30T07:50:07+00:00\" \/>\n<meta property=\"og:image\" content=\"https:\/\/vecinoscalamurada.com\/wp2021\/wp-content\/uploads\/2021\/11\/Cala-Murada-Header.jpg\" \/>\n\t<meta property=\"og:image:width\" content=\"2000\" \/>\n\t<meta property=\"og:image:height\" content=\"774\" \/>\n\t<meta property=\"og:image:type\" content=\"image\/jpeg\" \/>\n<meta name=\"twitter:card\" content=\"summary_large_image\" \/>\n<meta name=\"twitter:label1\" content=\"Gesch\u00e4tzte Lesezeit\" \/>\n\t<meta name=\"twitter:data1\" content=\"1\u00a0Minute\" \/>\n<script type=\"application\/ld+json\" class=\"yoast-schema-graph\">{\"@context\":\"https:\/\/schema.org\",\"@graph\":[{\"@type\":\"WebPage\",\"@id\":\"https:\/\/vecinoscalamurada.com\/de\/wer-wir-sind\/statuten\/kapitel-x\/\",\"url\":\"https:\/\/vecinoscalamurada.com\/de\/wer-wir-sind\/statuten\/kapitel-x\/\",\"name\":\"KAPITEL X - Vecinos Cala Murada\",\"isPartOf\":{\"@id\":\"https:\/\/vecinoscalamurada.com\/#website\"},\"datePublished\":\"2022-04-30T07:49:44+00:00\",\"dateModified\":\"2022-04-30T07:50:07+00:00\",\"breadcrumb\":{\"@id\":\"https:\/\/vecinoscalamurada.com\/de\/wer-wir-sind\/statuten\/kapitel-x\/#breadcrumb\"},\"inLanguage\":\"de\",\"potentialAction\":[{\"@type\":\"ReadAction\",\"target\":[\"https:\/\/vecinoscalamurada.com\/de\/wer-wir-sind\/statuten\/kapitel-x\/\"]}]},{\"@type\":\"BreadcrumbList\",\"@id\":\"https:\/\/vecinoscalamurada.com\/de\/wer-wir-sind\/statuten\/kapitel-x\/#breadcrumb\",\"itemListElement\":[{\"@type\":\"ListItem\",\"position\":1,\"name\":\"Home\",\"item\":\"https:\/\/vecinoscalamurada.com\/de\/\"},{\"@type\":\"ListItem\",\"position\":2,\"name\":\"Wer wir sind\",\"item\":\"https:\/\/vecinoscalamurada.com\/de\/wer-wir-sind\/\"},{\"@type\":\"ListItem\",\"position\":3,\"name\":\"Statuten\",\"item\":\"https:\/\/vecinoscalamurada.com\/de\/wer-wir-sind\/statuten\/\"},{\"@type\":\"ListItem\",\"position\":4,\"name\":\"KAPITEL X\"}]},{\"@type\":\"WebSite\",\"@id\":\"https:\/\/vecinoscalamurada.com\/#website\",\"url\":\"https:\/\/vecinoscalamurada.com\/\",\"name\":\"Vecinos Cala Murada\",\"description\":\"Mallorca\",\"publisher\":{\"@id\":\"https:\/\/vecinoscalamurada.com\/#organization\"},\"potentialAction\":[{\"@type\":\"SearchAction\",\"target\":{\"@type\":\"EntryPoint\",\"urlTemplate\":\"https:\/\/vecinoscalamurada.com\/?s={search_term_string}\"},\"query-input\":\"required name=search_term_string\"}],\"inLanguage\":\"de\"},{\"@type\":\"Organization\",\"@id\":\"https:\/\/vecinoscalamurada.com\/#organization\",\"name\":\"Vecinos Cala Murada\",\"url\":\"https:\/\/vecinoscalamurada.com\/\",\"logo\":{\"@type\":\"ImageObject\",\"inLanguage\":\"de\",\"@id\":\"https:\/\/vecinoscalamurada.com\/#\/schema\/logo\/image\/\",\"url\":\"https:\/\/vecinoscalamurada.com\/wp2021\/wp-content\/uploads\/2021\/11\/favicon.jpg\",\"contentUrl\":\"https:\/\/vecinoscalamurada.com\/wp2021\/wp-content\/uploads\/2021\/11\/favicon.jpg\",\"width\":512,\"height\":512,\"caption\":\"Vecinos Cala Murada\"},\"image\":{\"@id\":\"https:\/\/vecinoscalamurada.com\/#\/schema\/logo\/image\/\"},\"sameAs\":[\"https:\/\/www.facebook.com\/groups\/992762847512552\/\"]}]}<\/script>\n<!-- \/ Yoast SEO plugin. -->","yoast_head_json":{"title":"KAPITEL X - Vecinos Cala Murada","robots":{"index":"index","follow":"follow","max-snippet":"max-snippet:-1","max-image-preview":"max-image-preview:large","max-video-preview":"max-video-preview:-1"},"canonical":"https:\/\/vecinoscalamurada.com\/de\/wer-wir-sind\/statuten\/kapitel-x\/","og_locale":"de_DE","og_type":"article","og_title":"KAPITEL X - Vecinos Cala Murada","og_description":"Paragraph 30. Der Verein besitzt kein Verm\u00f6gen. Paragraph 31. Die finanziellen Mittel des Vereins stammen aus: Die von der Generalversammlung f\u00fcr ihre Mitglieder festgelegten Beitr\u00e4ge. \u00d6ffentliche oder private Subventionen. Schenkungen, Erbschaften oder [...]","og_url":"https:\/\/vecinoscalamurada.com\/de\/wer-wir-sind\/statuten\/kapitel-x\/","og_site_name":"Vecinos Cala Murada","article_publisher":"https:\/\/www.facebook.com\/groups\/992762847512552\/","article_modified_time":"2022-04-30T07:50:07+00:00","og_image":[{"width":2000,"height":774,"url":"https:\/\/vecinoscalamurada.com\/wp2021\/wp-content\/uploads\/2021\/11\/Cala-Murada-Header.jpg","type":"image\/jpeg"}],"twitter_card":"summary_large_image","twitter_misc":{"Gesch\u00e4tzte Lesezeit":"1\u00a0Minute"},"schema":{"@context":"https:\/\/schema.org","@graph":[{"@type":"WebPage","@id":"https:\/\/vecinoscalamurada.com\/de\/wer-wir-sind\/statuten\/kapitel-x\/","url":"https:\/\/vecinoscalamurada.com\/de\/wer-wir-sind\/statuten\/kapitel-x\/","name":"KAPITEL X - Vecinos Cala Murada","isPartOf":{"@id":"https:\/\/vecinoscalamurada.com\/#website"},"datePublished":"2022-04-30T07:49:44+00:00","dateModified":"2022-04-30T07:50:07+00:00","breadcrumb":{"@id":"https:\/\/vecinoscalamurada.com\/de\/wer-wir-sind\/statuten\/kapitel-x\/#breadcrumb"},"inLanguage":"de","potentialAction":[{"@type":"ReadAction","target":["https:\/\/vecinoscalamurada.com\/de\/wer-wir-sind\/statuten\/kapitel-x\/"]}]},{"@type":"BreadcrumbList","@id":"https:\/\/vecinoscalamurada.com\/de\/wer-wir-sind\/statuten\/kapitel-x\/#breadcrumb","itemListElement":[{"@type":"ListItem","position":1,"name":"Home","item":"https:\/\/vecinoscalamurada.com\/de\/"},{"@type":"ListItem","position":2,"name":"Wer wir sind","item":"https:\/\/vecinoscalamurada.com\/de\/wer-wir-sind\/"},{"@type":"ListItem","position":3,"name":"Statuten","item":"https:\/\/vecinoscalamurada.com\/de\/wer-wir-sind\/statuten\/"},{"@type":"ListItem","position":4,"name":"KAPITEL X"}]},{"@type":"WebSite","@id":"https:\/\/vecinoscalamurada.com\/#website","url":"https:\/\/vecinoscalamurada.com\/","name":"Vecinos Cala Murada","description":"Mallorca","publisher":{"@id":"https:\/\/vecinoscalamurada.com\/#organization"},"potentialAction":[{"@type":"SearchAction","target":{"@type":"EntryPoint","urlTemplate":"https:\/\/vecinoscalamurada.com\/?s={search_term_string}"},"query-input":"required name=search_term_string"}],"inLanguage":"de"},{"@type":"Organization","@id":"https:\/\/vecinoscalamurada.com\/#organization","name":"Vecinos Cala Murada","url":"https:\/\/vecinoscalamurada.com\/","logo":{"@type":"ImageObject","inLanguage":"de","@id":"https:\/\/vecinoscalamurada.com\/#\/schema\/logo\/image\/","url":"https:\/\/vecinoscalamurada.com\/wp2021\/wp-content\/uploads\/2021\/11\/favicon.jpg","contentUrl":"https:\/\/vecinoscalamurada.com\/wp2021\/wp-content\/uploads\/2021\/11\/favicon.jpg","width":512,"height":512,"caption":"Vecinos Cala Murada"},"image":{"@id":"https:\/\/vecinoscalamurada.com\/#\/schema\/logo\/image\/"},"sameAs":["https:\/\/www.facebook.com\/groups\/992762847512552\/"]}]}},"_links":{"self":[{"href":"https:\/\/vecinoscalamurada.com\/de\/wp-json\/wp\/v2\/pages\/10189"}],"collection":[{"href":"https:\/\/vecinoscalamurada.com\/de\/wp-json\/wp\/v2\/pages"}],"about":[{"href":"https:\/\/vecinoscalamurada.com\/de\/wp-json\/wp\/v2\/types\/page"}],"author":[{"embeddable":true,"href":"https:\/\/vecinoscalamurada.com\/de\/wp-json\/wp\/v2\/users\/2"}],"replies":[{"embeddable":true,"href":"https:\/\/vecinoscalamurada.com\/de\/wp-json\/wp\/v2\/comments?post=10189"}],"version-history":[{"count":2,"href":"https:\/\/vecinoscalamurada.com\/de\/wp-json\/wp\/v2\/pages\/10189\/revisions"}],"predecessor-version":[{"id":10191,"href":"https:\/\/vecinoscalamurada.com\/de\/wp-json\/wp\/v2\/pages\/10189\/revisions\/10191"}],"up":[{"embeddable":true,"href":"https:\/\/vecinoscalamurada.com\/de\/wp-json\/wp\/v2\/pages\/10196"}],"wp:attachment":[{"href":"https:\/\/vecinoscalamurada.com\/de\/wp-json\/wp\/v2\/media?parent=10189"}],"curies":[{"name":"wp","href":"https:\/\/api.w.org\/{rel}","templated":true}]}}