{"id":10187,"date":"2022-04-30T09:48:01","date_gmt":"2022-04-30T07:48:01","guid":{"rendered":"https:\/\/vecinoscalamurada.com\/?page_id=10187"},"modified":"2022-04-30T09:48:02","modified_gmt":"2022-04-30T07:48:02","slug":"kapitel-ix","status":"publish","type":"page","link":"https:\/\/vecinoscalamurada.com\/de\/wer-wir-sind\/statuten\/kapitel-ix\/","title":{"rendered":"KAPITEL IX"},"content":{"rendered":"<div class=\"slogan links\">\n<div class=\"preambel\">\n<span style=\"color:#3142a3;\"> Asociacion de vecinos Sa Plana Cala Murada \u2013 Satzung <\/span>\n<\/div>\n<h2 style=\"font-size:30px;\" ><span class=\"slogan-mobile\">Wahlsystem<\/span><\/h2><span style=\"background:#3142a3\"><\/span><\/div>\n\n\n<h3><strong>Paragraph 25.<\/strong><\/h3>\n\n\n\n<p>Der Vorstand muss die Wahlen mindestens einen Monat vor Ablauf der Amtszeit ausschreiben.<\/p>\n\n\n\n<h3><strong>Paragraph 26.<\/strong><\/h3>\n\n\n\n<ol type=\"1\"><li>Die Generalversammlung w\u00e4hlt die Mitglieder des Vorstands in freier und geheimer Wahl auf einer zu diesem Zweck einberufenen au\u00dferordentlichen Wahlversammlung.<\/li><li>Alle vollj\u00e4hrigen Mitglieder, die am Tag der Versammlung ihren Verpflichtungen gegen\u00fcber der Vereinigung nachgekommen sind, haben das Recht, an der Wahl teilzunehmen und in den Vorstand gew\u00e4hlt zu werden.<\/li><\/ol>\n\n\n\n<h3><strong>Paragraph 27<\/strong>.<\/h3>\n\n\n\n<ol type=\"1\"><li>Mitglieder, die sich zur Wahl stellen wollen, m\u00fcssen dies dem Verwaltungsrat mindestens f\u00fcnfzehn Tage vor dem Wahltermin mitteilen. Der Verwaltungsrat muss die Nominierungen innerhalb von f\u00fcnf Tagen ver\u00f6ffentlichen, woraufhin eine Frist von f\u00fcnf Tagen f\u00fcr die Einreichung von Beschwerden beginnt. Reklamationen m\u00fcssen innerhalb von drei Tagen nach Ablauf der Frist erledigt werden.<\/li><li>Die Mitglieder, die dies w\u00fcnschen, k\u00f6nnen sich zusammenschlie\u00dfen und eine vollst\u00e4ndige Kandidatur bilden, die so viele Kandidaten umfasst, wie Positionen zu w\u00e4hlen sind. Das Mitglied, das an der Spitze der Gruppe steht, muss den Verwaltungsrat nach dem im vorherigen Abschnitt festgelegten Verfahren informieren.<\/li><\/ol>\n\n\n\n<h3><strong>Paragraph 28.<\/strong><\/h3>\n\n\n\n<ol type=\"1\"><li>Der Wahlvorstand muss aus dem Pr\u00e4sidenten, dem Sekret\u00e4r und einem weiteren Mitglied des Vorstands bestehen, sofern sie nicht kandidieren, oder aus den Personen, die sie laut Gesetz ersetzen.<\/li><li>Der Wahlvorstand muss sich am selben Tag wie die Versammlung konstituieren und die frist- und formgerecht eingereichten Kandidaturen pr\u00fcfen und anschlie\u00dfend die zugelassenen Kandidaturen verk\u00fcnden.<\/li><\/ol>\n\n\n\n<h3><strong>Paragraph 29.<\/strong><\/h3>\n\n\n\n<ol type=\"1\"><li>Jedes Mitglied muss seine Stimme in die Wahlurne legen. Der Kandidat mit der h\u00f6chsten Stimmenzahl wird f\u00fcr gew\u00e4hlt erkl\u00e4rt. Bei Stimmengleichheit findet gleichzeitig ein neuer Wahlgang zwischen den beiden Kandidaten statt, und der Kandidat, der die meisten Stimmen erh\u00e4lt, wird als gew\u00e4hlt erkl\u00e4rt.<\/li><li>Wurde nur eine Kandidatur eingereicht, wird kein Wahlgang durchgef\u00fchrt und die eingereichte Kandidatur wird f\u00fcr gew\u00e4hlt erkl\u00e4rt.<\/li><\/ol>\n\n\n\n<p><\/p>\n\n\n\n<p><\/p>\n","protected":false},"excerpt":{"rendered":"<p>Paragraph 25. Der Vorstand muss die Wahlen mindestens einen Monat vor Ablauf der Amtszeit ausschreiben. Paragraph 26. Die Generalversammlung w\u00e4hlt die Mitglieder des Vorstands in freier und geheimer Wahl auf einer zu [&#8230;] <\/p>\n","protected":false},"author":2,"featured_media":0,"parent":10196,"menu_order":36,"comment_status":"closed","ping_status":"closed","template":"","meta":[],"yoast_head":"<!-- This site is optimized with the Yoast SEO plugin v19.10 - https:\/\/yoast.com\/wordpress\/plugins\/seo\/ -->\n<title>KAPITEL IX - Vecinos Cala Murada<\/title>\n<meta name=\"robots\" content=\"index, follow, max-snippet:-1, max-image-preview:large, max-video-preview:-1\" \/>\n<link rel=\"canonical\" href=\"https:\/\/vecinoscalamurada.com\/de\/wer-wir-sind\/statuten\/kapitel-ix\/\" \/>\n<meta property=\"og:locale\" content=\"de_DE\" \/>\n<meta property=\"og:type\" content=\"article\" \/>\n<meta property=\"og:title\" content=\"KAPITEL IX - Vecinos Cala Murada\" \/>\n<meta property=\"og:description\" content=\"Paragraph 25. Der Vorstand muss die Wahlen mindestens einen Monat vor Ablauf der Amtszeit ausschreiben. Paragraph 26. Die Generalversammlung w\u00e4hlt die Mitglieder des Vorstands in freier und geheimer Wahl auf einer zu [...]\" \/>\n<meta property=\"og:url\" content=\"https:\/\/vecinoscalamurada.com\/de\/wer-wir-sind\/statuten\/kapitel-ix\/\" \/>\n<meta property=\"og:site_name\" content=\"Vecinos Cala Murada\" \/>\n<meta property=\"article:publisher\" content=\"https:\/\/www.facebook.com\/groups\/992762847512552\/\" \/>\n<meta property=\"article:modified_time\" content=\"2022-04-30T07:48:02+00:00\" \/>\n<meta property=\"og:image\" content=\"https:\/\/vecinoscalamurada.com\/wp2021\/wp-content\/uploads\/2021\/11\/Cala-Murada-Header.jpg\" \/>\n\t<meta property=\"og:image:width\" content=\"2000\" \/>\n\t<meta property=\"og:image:height\" content=\"774\" \/>\n\t<meta property=\"og:image:type\" content=\"image\/jpeg\" \/>\n<meta name=\"twitter:card\" content=\"summary_large_image\" \/>\n<meta name=\"twitter:label1\" content=\"Gesch\u00e4tzte Lesezeit\" \/>\n\t<meta name=\"twitter:data1\" content=\"2\u00a0Minuten\" \/>\n<script type=\"application\/ld+json\" class=\"yoast-schema-graph\">{\"@context\":\"https:\/\/schema.org\",\"@graph\":[{\"@type\":\"WebPage\",\"@id\":\"https:\/\/vecinoscalamurada.com\/de\/wer-wir-sind\/statuten\/kapitel-ix\/\",\"url\":\"https:\/\/vecinoscalamurada.com\/de\/wer-wir-sind\/statuten\/kapitel-ix\/\",\"name\":\"KAPITEL IX - Vecinos Cala Murada\",\"isPartOf\":{\"@id\":\"https:\/\/vecinoscalamurada.com\/#website\"},\"datePublished\":\"2022-04-30T07:48:01+00:00\",\"dateModified\":\"2022-04-30T07:48:02+00:00\",\"breadcrumb\":{\"@id\":\"https:\/\/vecinoscalamurada.com\/de\/wer-wir-sind\/statuten\/kapitel-ix\/#breadcrumb\"},\"inLanguage\":\"de\",\"potentialAction\":[{\"@type\":\"ReadAction\",\"target\":[\"https:\/\/vecinoscalamurada.com\/de\/wer-wir-sind\/statuten\/kapitel-ix\/\"]}]},{\"@type\":\"BreadcrumbList\",\"@id\":\"https:\/\/vecinoscalamurada.com\/de\/wer-wir-sind\/statuten\/kapitel-ix\/#breadcrumb\",\"itemListElement\":[{\"@type\":\"ListItem\",\"position\":1,\"name\":\"Home\",\"item\":\"https:\/\/vecinoscalamurada.com\/de\/\"},{\"@type\":\"ListItem\",\"position\":2,\"name\":\"Wer wir sind\",\"item\":\"https:\/\/vecinoscalamurada.com\/de\/wer-wir-sind\/\"},{\"@type\":\"ListItem\",\"position\":3,\"name\":\"Statuten\",\"item\":\"https:\/\/vecinoscalamurada.com\/de\/wer-wir-sind\/statuten\/\"},{\"@type\":\"ListItem\",\"position\":4,\"name\":\"KAPITEL IX\"}]},{\"@type\":\"WebSite\",\"@id\":\"https:\/\/vecinoscalamurada.com\/#website\",\"url\":\"https:\/\/vecinoscalamurada.com\/\",\"name\":\"Vecinos Cala Murada\",\"description\":\"Mallorca\",\"publisher\":{\"@id\":\"https:\/\/vecinoscalamurada.com\/#organization\"},\"potentialAction\":[{\"@type\":\"SearchAction\",\"target\":{\"@type\":\"EntryPoint\",\"urlTemplate\":\"https:\/\/vecinoscalamurada.com\/?s={search_term_string}\"},\"query-input\":\"required name=search_term_string\"}],\"inLanguage\":\"de\"},{\"@type\":\"Organization\",\"@id\":\"https:\/\/vecinoscalamurada.com\/#organization\",\"name\":\"Vecinos Cala Murada\",\"url\":\"https:\/\/vecinoscalamurada.com\/\",\"logo\":{\"@type\":\"ImageObject\",\"inLanguage\":\"de\",\"@id\":\"https:\/\/vecinoscalamurada.com\/#\/schema\/logo\/image\/\",\"url\":\"https:\/\/vecinoscalamurada.com\/wp2021\/wp-content\/uploads\/2021\/11\/favicon.jpg\",\"contentUrl\":\"https:\/\/vecinoscalamurada.com\/wp2021\/wp-content\/uploads\/2021\/11\/favicon.jpg\",\"width\":512,\"height\":512,\"caption\":\"Vecinos Cala Murada\"},\"image\":{\"@id\":\"https:\/\/vecinoscalamurada.com\/#\/schema\/logo\/image\/\"},\"sameAs\":[\"https:\/\/www.facebook.com\/groups\/992762847512552\/\"]}]}<\/script>\n<!-- \/ Yoast SEO plugin. -->","yoast_head_json":{"title":"KAPITEL IX - Vecinos Cala Murada","robots":{"index":"index","follow":"follow","max-snippet":"max-snippet:-1","max-image-preview":"max-image-preview:large","max-video-preview":"max-video-preview:-1"},"canonical":"https:\/\/vecinoscalamurada.com\/de\/wer-wir-sind\/statuten\/kapitel-ix\/","og_locale":"de_DE","og_type":"article","og_title":"KAPITEL IX - Vecinos Cala Murada","og_description":"Paragraph 25. Der Vorstand muss die Wahlen mindestens einen Monat vor Ablauf der Amtszeit ausschreiben. Paragraph 26. Die Generalversammlung w\u00e4hlt die Mitglieder des Vorstands in freier und geheimer Wahl auf einer zu [...]","og_url":"https:\/\/vecinoscalamurada.com\/de\/wer-wir-sind\/statuten\/kapitel-ix\/","og_site_name":"Vecinos Cala Murada","article_publisher":"https:\/\/www.facebook.com\/groups\/992762847512552\/","article_modified_time":"2022-04-30T07:48:02+00:00","og_image":[{"width":2000,"height":774,"url":"https:\/\/vecinoscalamurada.com\/wp2021\/wp-content\/uploads\/2021\/11\/Cala-Murada-Header.jpg","type":"image\/jpeg"}],"twitter_card":"summary_large_image","twitter_misc":{"Gesch\u00e4tzte Lesezeit":"2\u00a0Minuten"},"schema":{"@context":"https:\/\/schema.org","@graph":[{"@type":"WebPage","@id":"https:\/\/vecinoscalamurada.com\/de\/wer-wir-sind\/statuten\/kapitel-ix\/","url":"https:\/\/vecinoscalamurada.com\/de\/wer-wir-sind\/statuten\/kapitel-ix\/","name":"KAPITEL IX - Vecinos Cala Murada","isPartOf":{"@id":"https:\/\/vecinoscalamurada.com\/#website"},"datePublished":"2022-04-30T07:48:01+00:00","dateModified":"2022-04-30T07:48:02+00:00","breadcrumb":{"@id":"https:\/\/vecinoscalamurada.com\/de\/wer-wir-sind\/statuten\/kapitel-ix\/#breadcrumb"},"inLanguage":"de","potentialAction":[{"@type":"ReadAction","target":["https:\/\/vecinoscalamurada.com\/de\/wer-wir-sind\/statuten\/kapitel-ix\/"]}]},{"@type":"BreadcrumbList","@id":"https:\/\/vecinoscalamurada.com\/de\/wer-wir-sind\/statuten\/kapitel-ix\/#breadcrumb","itemListElement":[{"@type":"ListItem","position":1,"name":"Home","item":"https:\/\/vecinoscalamurada.com\/de\/"},{"@type":"ListItem","position":2,"name":"Wer wir sind","item":"https:\/\/vecinoscalamurada.com\/de\/wer-wir-sind\/"},{"@type":"ListItem","position":3,"name":"Statuten","item":"https:\/\/vecinoscalamurada.com\/de\/wer-wir-sind\/statuten\/"},{"@type":"ListItem","position":4,"name":"KAPITEL IX"}]},{"@type":"WebSite","@id":"https:\/\/vecinoscalamurada.com\/#website","url":"https:\/\/vecinoscalamurada.com\/","name":"Vecinos Cala Murada","description":"Mallorca","publisher":{"@id":"https:\/\/vecinoscalamurada.com\/#organization"},"potentialAction":[{"@type":"SearchAction","target":{"@type":"EntryPoint","urlTemplate":"https:\/\/vecinoscalamurada.com\/?s={search_term_string}"},"query-input":"required name=search_term_string"}],"inLanguage":"de"},{"@type":"Organization","@id":"https:\/\/vecinoscalamurada.com\/#organization","name":"Vecinos Cala Murada","url":"https:\/\/vecinoscalamurada.com\/","logo":{"@type":"ImageObject","inLanguage":"de","@id":"https:\/\/vecinoscalamurada.com\/#\/schema\/logo\/image\/","url":"https:\/\/vecinoscalamurada.com\/wp2021\/wp-content\/uploads\/2021\/11\/favicon.jpg","contentUrl":"https:\/\/vecinoscalamurada.com\/wp2021\/wp-content\/uploads\/2021\/11\/favicon.jpg","width":512,"height":512,"caption":"Vecinos Cala Murada"},"image":{"@id":"https:\/\/vecinoscalamurada.com\/#\/schema\/logo\/image\/"},"sameAs":["https:\/\/www.facebook.com\/groups\/992762847512552\/"]}]}},"_links":{"self":[{"href":"https:\/\/vecinoscalamurada.com\/de\/wp-json\/wp\/v2\/pages\/10187"}],"collection":[{"href":"https:\/\/vecinoscalamurada.com\/de\/wp-json\/wp\/v2\/pages"}],"about":[{"href":"https:\/\/vecinoscalamurada.com\/de\/wp-json\/wp\/v2\/types\/page"}],"author":[{"embeddable":true,"href":"https:\/\/vecinoscalamurada.com\/de\/wp-json\/wp\/v2\/users\/2"}],"replies":[{"embeddable":true,"href":"https:\/\/vecinoscalamurada.com\/de\/wp-json\/wp\/v2\/comments?post=10187"}],"version-history":[{"count":1,"href":"https:\/\/vecinoscalamurada.com\/de\/wp-json\/wp\/v2\/pages\/10187\/revisions"}],"predecessor-version":[{"id":10188,"href":"https:\/\/vecinoscalamurada.com\/de\/wp-json\/wp\/v2\/pages\/10187\/revisions\/10188"}],"up":[{"embeddable":true,"href":"https:\/\/vecinoscalamurada.com\/de\/wp-json\/wp\/v2\/pages\/10196"}],"wp:attachment":[{"href":"https:\/\/vecinoscalamurada.com\/de\/wp-json\/wp\/v2\/media?parent=10187"}],"curies":[{"name":"wp","href":"https:\/\/api.w.org\/{rel}","templated":true}]}}