{"id":10184,"date":"2022-04-30T09:45:37","date_gmt":"2022-04-30T07:45:37","guid":{"rendered":"https:\/\/vecinoscalamurada.com\/?page_id=10184"},"modified":"2022-04-30T09:45:48","modified_gmt":"2022-04-30T07:45:48","slug":"kapitel-viii","status":"publish","type":"page","link":"https:\/\/vecinoscalamurada.com\/de\/wer-wir-sind\/statuten\/kapitel-viii\/","title":{"rendered":"KAPITEL VIII"},"content":{"rendered":"<div class=\"slogan links\">\n<div class=\"preambel\">\n<span style=\"color:#3142a3;\">Asociacion de vecinos Sa Plana Cala Murada \u2013 Satzung<\/span>\n<\/div>\n<h2 style=\"font-size:30px;\" ><span class=\"slogan-mobile\">Kommissionen oder Arbeitsgruppen<\/span><\/h2><span style=\"background:#3142a3\"><\/span><\/div>\n\n\n<h3><strong>Paragraph 24<\/strong>.<\/h3>\n\n\n\n<p>Die Einrichtung und Konstituierung einer Kommission oder Arbeitsgruppe muss von den Mitgliedern der Vereinigung, die sie bilden wollen, vorgeschlagen werden, sie m\u00fcssen den Vorstand informieren und die von ihnen vorgeschlagenen Aktivit\u00e4ten erl\u00e4utern.<\/p>\n\n\n\n<p><\/p>\n\n\n\n<p><\/p>\n","protected":false},"excerpt":{"rendered":"<p>Paragraph 24. Die Einrichtung und Konstituierung einer Kommission oder Arbeitsgruppe muss von den Mitgliedern der Vereinigung, die sie bilden wollen, vorgeschlagen werden, sie m\u00fcssen den Vorstand informieren und die von ihnen vorgeschlagenen [&#8230;] <\/p>\n","protected":false},"author":2,"featured_media":0,"parent":10196,"menu_order":33,"comment_status":"closed","ping_status":"closed","template":"","meta":[],"yoast_head":"<!-- This site is optimized with the Yoast SEO plugin v19.10 - https:\/\/yoast.com\/wordpress\/plugins\/seo\/ -->\n<title>KAPITEL VIII - Vecinos Cala Murada<\/title>\n<meta name=\"robots\" content=\"index, follow, max-snippet:-1, max-image-preview:large, max-video-preview:-1\" \/>\n<link rel=\"canonical\" href=\"https:\/\/vecinoscalamurada.com\/de\/wer-wir-sind\/statuten\/kapitel-viii\/\" \/>\n<meta property=\"og:locale\" content=\"de_DE\" \/>\n<meta property=\"og:type\" content=\"article\" \/>\n<meta property=\"og:title\" content=\"KAPITEL VIII - Vecinos Cala Murada\" \/>\n<meta property=\"og:description\" content=\"Paragraph 24. Die Einrichtung und Konstituierung einer Kommission oder Arbeitsgruppe muss von den Mitgliedern der Vereinigung, die sie bilden wollen, vorgeschlagen werden, sie m\u00fcssen den Vorstand informieren und die von ihnen vorgeschlagenen [...]\" \/>\n<meta property=\"og:url\" content=\"https:\/\/vecinoscalamurada.com\/de\/wer-wir-sind\/statuten\/kapitel-viii\/\" \/>\n<meta property=\"og:site_name\" content=\"Vecinos Cala Murada\" \/>\n<meta property=\"article:publisher\" content=\"https:\/\/www.facebook.com\/groups\/992762847512552\/\" \/>\n<meta property=\"article:modified_time\" content=\"2022-04-30T07:45:48+00:00\" \/>\n<meta property=\"og:image\" content=\"https:\/\/vecinoscalamurada.com\/wp2021\/wp-content\/uploads\/2021\/11\/Cala-Murada-Header.jpg\" \/>\n\t<meta property=\"og:image:width\" content=\"2000\" \/>\n\t<meta property=\"og:image:height\" content=\"774\" \/>\n\t<meta property=\"og:image:type\" content=\"image\/jpeg\" \/>\n<meta name=\"twitter:card\" content=\"summary_large_image\" \/>\n<script type=\"application\/ld+json\" class=\"yoast-schema-graph\">{\"@context\":\"https:\/\/schema.org\",\"@graph\":[{\"@type\":\"WebPage\",\"@id\":\"https:\/\/vecinoscalamurada.com\/de\/wer-wir-sind\/statuten\/kapitel-viii\/\",\"url\":\"https:\/\/vecinoscalamurada.com\/de\/wer-wir-sind\/statuten\/kapitel-viii\/\",\"name\":\"KAPITEL VIII - Vecinos Cala Murada\",\"isPartOf\":{\"@id\":\"https:\/\/vecinoscalamurada.com\/#website\"},\"datePublished\":\"2022-04-30T07:45:37+00:00\",\"dateModified\":\"2022-04-30T07:45:48+00:00\",\"breadcrumb\":{\"@id\":\"https:\/\/vecinoscalamurada.com\/de\/wer-wir-sind\/statuten\/kapitel-viii\/#breadcrumb\"},\"inLanguage\":\"de\",\"potentialAction\":[{\"@type\":\"ReadAction\",\"target\":[\"https:\/\/vecinoscalamurada.com\/de\/wer-wir-sind\/statuten\/kapitel-viii\/\"]}]},{\"@type\":\"BreadcrumbList\",\"@id\":\"https:\/\/vecinoscalamurada.com\/de\/wer-wir-sind\/statuten\/kapitel-viii\/#breadcrumb\",\"itemListElement\":[{\"@type\":\"ListItem\",\"position\":1,\"name\":\"Home\",\"item\":\"https:\/\/vecinoscalamurada.com\/de\/\"},{\"@type\":\"ListItem\",\"position\":2,\"name\":\"Wer wir sind\",\"item\":\"https:\/\/vecinoscalamurada.com\/de\/wer-wir-sind\/\"},{\"@type\":\"ListItem\",\"position\":3,\"name\":\"Statuten\",\"item\":\"https:\/\/vecinoscalamurada.com\/de\/wer-wir-sind\/statuten\/\"},{\"@type\":\"ListItem\",\"position\":4,\"name\":\"KAPITEL VIII\"}]},{\"@type\":\"WebSite\",\"@id\":\"https:\/\/vecinoscalamurada.com\/#website\",\"url\":\"https:\/\/vecinoscalamurada.com\/\",\"name\":\"Vecinos Cala Murada\",\"description\":\"Mallorca\",\"publisher\":{\"@id\":\"https:\/\/vecinoscalamurada.com\/#organization\"},\"potentialAction\":[{\"@type\":\"SearchAction\",\"target\":{\"@type\":\"EntryPoint\",\"urlTemplate\":\"https:\/\/vecinoscalamurada.com\/?s={search_term_string}\"},\"query-input\":\"required name=search_term_string\"}],\"inLanguage\":\"de\"},{\"@type\":\"Organization\",\"@id\":\"https:\/\/vecinoscalamurada.com\/#organization\",\"name\":\"Vecinos Cala Murada\",\"url\":\"https:\/\/vecinoscalamurada.com\/\",\"logo\":{\"@type\":\"ImageObject\",\"inLanguage\":\"de\",\"@id\":\"https:\/\/vecinoscalamurada.com\/#\/schema\/logo\/image\/\",\"url\":\"https:\/\/vecinoscalamurada.com\/wp2021\/wp-content\/uploads\/2021\/11\/favicon.jpg\",\"contentUrl\":\"https:\/\/vecinoscalamurada.com\/wp2021\/wp-content\/uploads\/2021\/11\/favicon.jpg\",\"width\":512,\"height\":512,\"caption\":\"Vecinos Cala Murada\"},\"image\":{\"@id\":\"https:\/\/vecinoscalamurada.com\/#\/schema\/logo\/image\/\"},\"sameAs\":[\"https:\/\/www.facebook.com\/groups\/992762847512552\/\"]}]}<\/script>\n<!-- \/ Yoast SEO plugin. -->","yoast_head_json":{"title":"KAPITEL VIII - Vecinos Cala Murada","robots":{"index":"index","follow":"follow","max-snippet":"max-snippet:-1","max-image-preview":"max-image-preview:large","max-video-preview":"max-video-preview:-1"},"canonical":"https:\/\/vecinoscalamurada.com\/de\/wer-wir-sind\/statuten\/kapitel-viii\/","og_locale":"de_DE","og_type":"article","og_title":"KAPITEL VIII - Vecinos Cala Murada","og_description":"Paragraph 24. Die Einrichtung und Konstituierung einer Kommission oder Arbeitsgruppe muss von den Mitgliedern der Vereinigung, die sie bilden wollen, vorgeschlagen werden, sie m\u00fcssen den Vorstand informieren und die von ihnen vorgeschlagenen [...]","og_url":"https:\/\/vecinoscalamurada.com\/de\/wer-wir-sind\/statuten\/kapitel-viii\/","og_site_name":"Vecinos Cala Murada","article_publisher":"https:\/\/www.facebook.com\/groups\/992762847512552\/","article_modified_time":"2022-04-30T07:45:48+00:00","og_image":[{"width":2000,"height":774,"url":"https:\/\/vecinoscalamurada.com\/wp2021\/wp-content\/uploads\/2021\/11\/Cala-Murada-Header.jpg","type":"image\/jpeg"}],"twitter_card":"summary_large_image","schema":{"@context":"https:\/\/schema.org","@graph":[{"@type":"WebPage","@id":"https:\/\/vecinoscalamurada.com\/de\/wer-wir-sind\/statuten\/kapitel-viii\/","url":"https:\/\/vecinoscalamurada.com\/de\/wer-wir-sind\/statuten\/kapitel-viii\/","name":"KAPITEL VIII - Vecinos Cala Murada","isPartOf":{"@id":"https:\/\/vecinoscalamurada.com\/#website"},"datePublished":"2022-04-30T07:45:37+00:00","dateModified":"2022-04-30T07:45:48+00:00","breadcrumb":{"@id":"https:\/\/vecinoscalamurada.com\/de\/wer-wir-sind\/statuten\/kapitel-viii\/#breadcrumb"},"inLanguage":"de","potentialAction":[{"@type":"ReadAction","target":["https:\/\/vecinoscalamurada.com\/de\/wer-wir-sind\/statuten\/kapitel-viii\/"]}]},{"@type":"BreadcrumbList","@id":"https:\/\/vecinoscalamurada.com\/de\/wer-wir-sind\/statuten\/kapitel-viii\/#breadcrumb","itemListElement":[{"@type":"ListItem","position":1,"name":"Home","item":"https:\/\/vecinoscalamurada.com\/de\/"},{"@type":"ListItem","position":2,"name":"Wer wir sind","item":"https:\/\/vecinoscalamurada.com\/de\/wer-wir-sind\/"},{"@type":"ListItem","position":3,"name":"Statuten","item":"https:\/\/vecinoscalamurada.com\/de\/wer-wir-sind\/statuten\/"},{"@type":"ListItem","position":4,"name":"KAPITEL VIII"}]},{"@type":"WebSite","@id":"https:\/\/vecinoscalamurada.com\/#website","url":"https:\/\/vecinoscalamurada.com\/","name":"Vecinos Cala Murada","description":"Mallorca","publisher":{"@id":"https:\/\/vecinoscalamurada.com\/#organization"},"potentialAction":[{"@type":"SearchAction","target":{"@type":"EntryPoint","urlTemplate":"https:\/\/vecinoscalamurada.com\/?s={search_term_string}"},"query-input":"required name=search_term_string"}],"inLanguage":"de"},{"@type":"Organization","@id":"https:\/\/vecinoscalamurada.com\/#organization","name":"Vecinos Cala Murada","url":"https:\/\/vecinoscalamurada.com\/","logo":{"@type":"ImageObject","inLanguage":"de","@id":"https:\/\/vecinoscalamurada.com\/#\/schema\/logo\/image\/","url":"https:\/\/vecinoscalamurada.com\/wp2021\/wp-content\/uploads\/2021\/11\/favicon.jpg","contentUrl":"https:\/\/vecinoscalamurada.com\/wp2021\/wp-content\/uploads\/2021\/11\/favicon.jpg","width":512,"height":512,"caption":"Vecinos Cala Murada"},"image":{"@id":"https:\/\/vecinoscalamurada.com\/#\/schema\/logo\/image\/"},"sameAs":["https:\/\/www.facebook.com\/groups\/992762847512552\/"]}]}},"_links":{"self":[{"href":"https:\/\/vecinoscalamurada.com\/de\/wp-json\/wp\/v2\/pages\/10184"}],"collection":[{"href":"https:\/\/vecinoscalamurada.com\/de\/wp-json\/wp\/v2\/pages"}],"about":[{"href":"https:\/\/vecinoscalamurada.com\/de\/wp-json\/wp\/v2\/types\/page"}],"author":[{"embeddable":true,"href":"https:\/\/vecinoscalamurada.com\/de\/wp-json\/wp\/v2\/users\/2"}],"replies":[{"embeddable":true,"href":"https:\/\/vecinoscalamurada.com\/de\/wp-json\/wp\/v2\/comments?post=10184"}],"version-history":[{"count":2,"href":"https:\/\/vecinoscalamurada.com\/de\/wp-json\/wp\/v2\/pages\/10184\/revisions"}],"predecessor-version":[{"id":10186,"href":"https:\/\/vecinoscalamurada.com\/de\/wp-json\/wp\/v2\/pages\/10184\/revisions\/10186"}],"up":[{"embeddable":true,"href":"https:\/\/vecinoscalamurada.com\/de\/wp-json\/wp\/v2\/pages\/10196"}],"wp:attachment":[{"href":"https:\/\/vecinoscalamurada.com\/de\/wp-json\/wp\/v2\/media?parent=10184"}],"curies":[{"name":"wp","href":"https:\/\/api.w.org\/{rel}","templated":true}]}}