{"id":10176,"date":"2022-04-28T17:22:56","date_gmt":"2022-04-28T15:22:56","guid":{"rendered":"https:\/\/vecinoscalamurada.com\/?page_id=10176"},"modified":"2022-04-28T17:24:14","modified_gmt":"2022-04-28T15:24:14","slug":"kapitel-v","status":"publish","type":"page","link":"https:\/\/vecinoscalamurada.com\/de\/wer-wir-sind\/statuten\/kapitel-v\/","title":{"rendered":"KAPITEL V"},"content":{"rendered":"<div class=\"slogan links\">\n<div class=\"preambel\">\n<span style=\"color:#3142a3;\">Asociacion de vecinos Sa Plana Cala Murada \u2013 Satzung<\/span>\n<\/div>\n<h2 style=\"font-size:30px;\" ><span class=\"slogan-mobile\">Pr\u00e4sident und Vizepr\u00e4sident der Vereinigung<\/span><\/h2><span style=\"background:#3142a3\"><\/span><\/div>\n\n\n<h3><strong>Paragraph 20.<\/strong><\/h3>\n\n\n\n<ol type=\"1\"><li>Der Pr\u00e4sident der Vereinigung ist auch der Pr\u00e4sident des Verwaltungsrats.<\/li><li>Die Aufgaben des Pr\u00e4sidenten sind folgende:<ul><li>Die Leitung und rechtliche Vertretung der Vereinigung, wie von der Generalversammlung und dem Vorstand delegiert.<\/li><li>Vorsitz und Leitung der Debatten der Generalversammlung und der Vorstandssitzungen.<\/li><li>Entscheidende Stimme im Falle einer Stimmengleichheit.<\/li><li>Einberufung von Sitzungen der Generalversammlung und des Verwaltungsrats.<\/li><li>Best\u00e4tigung der vom Sekret\u00e4r der Vereinigung ausgestellten Urkunden und Bescheinigungen.<\/li><li>Die \u00fcbrigen Befugnisse, die dem Amt eigen sind und die ihm von der Generalversammlung und dem Verwaltungsrat \u00fcbertragen werden.<\/li><\/ul><\/li><li>Der Vizepr\u00e4sident vertritt den Pr\u00e4sidenten im Falle seiner Abwesenheit oder Krankheit.<\/li><\/ol>\n\n\n\n<p><\/p>\n","protected":false},"excerpt":{"rendered":"<p>Paragraph 20. Der Pr\u00e4sident der Vereinigung ist auch der Pr\u00e4sident des Verwaltungsrats. Die Aufgaben des Pr\u00e4sidenten sind folgende: Die Leitung und rechtliche Vertretung der Vereinigung, wie von der Generalversammlung und dem Vorstand [&#8230;] <\/p>\n","protected":false},"author":2,"featured_media":0,"parent":10196,"menu_order":24,"comment_status":"closed","ping_status":"closed","template":"","meta":[],"yoast_head":"<!-- This site is optimized with the Yoast SEO plugin v19.10 - https:\/\/yoast.com\/wordpress\/plugins\/seo\/ -->\n<title>KAPITEL V - Vecinos Cala Murada<\/title>\n<meta name=\"robots\" content=\"index, follow, max-snippet:-1, max-image-preview:large, max-video-preview:-1\" \/>\n<link rel=\"canonical\" href=\"https:\/\/vecinoscalamurada.com\/de\/wer-wir-sind\/statuten\/kapitel-v\/\" \/>\n<meta property=\"og:locale\" content=\"de_DE\" \/>\n<meta property=\"og:type\" content=\"article\" \/>\n<meta property=\"og:title\" content=\"KAPITEL V - Vecinos Cala Murada\" \/>\n<meta property=\"og:description\" content=\"Paragraph 20. Der Pr\u00e4sident der Vereinigung ist auch der Pr\u00e4sident des Verwaltungsrats. Die Aufgaben des Pr\u00e4sidenten sind folgende: Die Leitung und rechtliche Vertretung der Vereinigung, wie von der Generalversammlung und dem Vorstand [...]\" \/>\n<meta property=\"og:url\" content=\"https:\/\/vecinoscalamurada.com\/de\/wer-wir-sind\/statuten\/kapitel-v\/\" \/>\n<meta property=\"og:site_name\" content=\"Vecinos Cala Murada\" \/>\n<meta property=\"article:publisher\" content=\"https:\/\/www.facebook.com\/groups\/992762847512552\/\" \/>\n<meta property=\"article:modified_time\" content=\"2022-04-28T15:24:14+00:00\" \/>\n<meta property=\"og:image\" content=\"https:\/\/vecinoscalamurada.com\/wp2021\/wp-content\/uploads\/2021\/11\/Cala-Murada-Header.jpg\" \/>\n\t<meta property=\"og:image:width\" content=\"2000\" \/>\n\t<meta property=\"og:image:height\" content=\"774\" \/>\n\t<meta property=\"og:image:type\" content=\"image\/jpeg\" \/>\n<meta name=\"twitter:card\" content=\"summary_large_image\" \/>\n<meta name=\"twitter:label1\" content=\"Gesch\u00e4tzte Lesezeit\" \/>\n\t<meta name=\"twitter:data1\" content=\"1\u00a0Minute\" \/>\n<script type=\"application\/ld+json\" class=\"yoast-schema-graph\">{\"@context\":\"https:\/\/schema.org\",\"@graph\":[{\"@type\":\"WebPage\",\"@id\":\"https:\/\/vecinoscalamurada.com\/de\/wer-wir-sind\/statuten\/kapitel-v\/\",\"url\":\"https:\/\/vecinoscalamurada.com\/de\/wer-wir-sind\/statuten\/kapitel-v\/\",\"name\":\"KAPITEL V - Vecinos Cala Murada\",\"isPartOf\":{\"@id\":\"https:\/\/vecinoscalamurada.com\/#website\"},\"datePublished\":\"2022-04-28T15:22:56+00:00\",\"dateModified\":\"2022-04-28T15:24:14+00:00\",\"breadcrumb\":{\"@id\":\"https:\/\/vecinoscalamurada.com\/de\/wer-wir-sind\/statuten\/kapitel-v\/#breadcrumb\"},\"inLanguage\":\"de\",\"potentialAction\":[{\"@type\":\"ReadAction\",\"target\":[\"https:\/\/vecinoscalamurada.com\/de\/wer-wir-sind\/statuten\/kapitel-v\/\"]}]},{\"@type\":\"BreadcrumbList\",\"@id\":\"https:\/\/vecinoscalamurada.com\/de\/wer-wir-sind\/statuten\/kapitel-v\/#breadcrumb\",\"itemListElement\":[{\"@type\":\"ListItem\",\"position\":1,\"name\":\"Home\",\"item\":\"https:\/\/vecinoscalamurada.com\/de\/\"},{\"@type\":\"ListItem\",\"position\":2,\"name\":\"Wer wir sind\",\"item\":\"https:\/\/vecinoscalamurada.com\/de\/wer-wir-sind\/\"},{\"@type\":\"ListItem\",\"position\":3,\"name\":\"Statuten\",\"item\":\"https:\/\/vecinoscalamurada.com\/de\/wer-wir-sind\/statuten\/\"},{\"@type\":\"ListItem\",\"position\":4,\"name\":\"KAPITEL V\"}]},{\"@type\":\"WebSite\",\"@id\":\"https:\/\/vecinoscalamurada.com\/#website\",\"url\":\"https:\/\/vecinoscalamurada.com\/\",\"name\":\"Vecinos Cala Murada\",\"description\":\"Mallorca\",\"publisher\":{\"@id\":\"https:\/\/vecinoscalamurada.com\/#organization\"},\"potentialAction\":[{\"@type\":\"SearchAction\",\"target\":{\"@type\":\"EntryPoint\",\"urlTemplate\":\"https:\/\/vecinoscalamurada.com\/?s={search_term_string}\"},\"query-input\":\"required name=search_term_string\"}],\"inLanguage\":\"de\"},{\"@type\":\"Organization\",\"@id\":\"https:\/\/vecinoscalamurada.com\/#organization\",\"name\":\"Vecinos Cala Murada\",\"url\":\"https:\/\/vecinoscalamurada.com\/\",\"logo\":{\"@type\":\"ImageObject\",\"inLanguage\":\"de\",\"@id\":\"https:\/\/vecinoscalamurada.com\/#\/schema\/logo\/image\/\",\"url\":\"https:\/\/vecinoscalamurada.com\/wp2021\/wp-content\/uploads\/2021\/11\/favicon.jpg\",\"contentUrl\":\"https:\/\/vecinoscalamurada.com\/wp2021\/wp-content\/uploads\/2021\/11\/favicon.jpg\",\"width\":512,\"height\":512,\"caption\":\"Vecinos Cala Murada\"},\"image\":{\"@id\":\"https:\/\/vecinoscalamurada.com\/#\/schema\/logo\/image\/\"},\"sameAs\":[\"https:\/\/www.facebook.com\/groups\/992762847512552\/\"]}]}<\/script>\n<!-- \/ Yoast SEO plugin. -->","yoast_head_json":{"title":"KAPITEL V - Vecinos Cala Murada","robots":{"index":"index","follow":"follow","max-snippet":"max-snippet:-1","max-image-preview":"max-image-preview:large","max-video-preview":"max-video-preview:-1"},"canonical":"https:\/\/vecinoscalamurada.com\/de\/wer-wir-sind\/statuten\/kapitel-v\/","og_locale":"de_DE","og_type":"article","og_title":"KAPITEL V - Vecinos Cala Murada","og_description":"Paragraph 20. Der Pr\u00e4sident der Vereinigung ist auch der Pr\u00e4sident des Verwaltungsrats. Die Aufgaben des Pr\u00e4sidenten sind folgende: Die Leitung und rechtliche Vertretung der Vereinigung, wie von der Generalversammlung und dem Vorstand [...]","og_url":"https:\/\/vecinoscalamurada.com\/de\/wer-wir-sind\/statuten\/kapitel-v\/","og_site_name":"Vecinos Cala Murada","article_publisher":"https:\/\/www.facebook.com\/groups\/992762847512552\/","article_modified_time":"2022-04-28T15:24:14+00:00","og_image":[{"width":2000,"height":774,"url":"https:\/\/vecinoscalamurada.com\/wp2021\/wp-content\/uploads\/2021\/11\/Cala-Murada-Header.jpg","type":"image\/jpeg"}],"twitter_card":"summary_large_image","twitter_misc":{"Gesch\u00e4tzte Lesezeit":"1\u00a0Minute"},"schema":{"@context":"https:\/\/schema.org","@graph":[{"@type":"WebPage","@id":"https:\/\/vecinoscalamurada.com\/de\/wer-wir-sind\/statuten\/kapitel-v\/","url":"https:\/\/vecinoscalamurada.com\/de\/wer-wir-sind\/statuten\/kapitel-v\/","name":"KAPITEL V - Vecinos Cala Murada","isPartOf":{"@id":"https:\/\/vecinoscalamurada.com\/#website"},"datePublished":"2022-04-28T15:22:56+00:00","dateModified":"2022-04-28T15:24:14+00:00","breadcrumb":{"@id":"https:\/\/vecinoscalamurada.com\/de\/wer-wir-sind\/statuten\/kapitel-v\/#breadcrumb"},"inLanguage":"de","potentialAction":[{"@type":"ReadAction","target":["https:\/\/vecinoscalamurada.com\/de\/wer-wir-sind\/statuten\/kapitel-v\/"]}]},{"@type":"BreadcrumbList","@id":"https:\/\/vecinoscalamurada.com\/de\/wer-wir-sind\/statuten\/kapitel-v\/#breadcrumb","itemListElement":[{"@type":"ListItem","position":1,"name":"Home","item":"https:\/\/vecinoscalamurada.com\/de\/"},{"@type":"ListItem","position":2,"name":"Wer wir sind","item":"https:\/\/vecinoscalamurada.com\/de\/wer-wir-sind\/"},{"@type":"ListItem","position":3,"name":"Statuten","item":"https:\/\/vecinoscalamurada.com\/de\/wer-wir-sind\/statuten\/"},{"@type":"ListItem","position":4,"name":"KAPITEL V"}]},{"@type":"WebSite","@id":"https:\/\/vecinoscalamurada.com\/#website","url":"https:\/\/vecinoscalamurada.com\/","name":"Vecinos Cala Murada","description":"Mallorca","publisher":{"@id":"https:\/\/vecinoscalamurada.com\/#organization"},"potentialAction":[{"@type":"SearchAction","target":{"@type":"EntryPoint","urlTemplate":"https:\/\/vecinoscalamurada.com\/?s={search_term_string}"},"query-input":"required name=search_term_string"}],"inLanguage":"de"},{"@type":"Organization","@id":"https:\/\/vecinoscalamurada.com\/#organization","name":"Vecinos Cala Murada","url":"https:\/\/vecinoscalamurada.com\/","logo":{"@type":"ImageObject","inLanguage":"de","@id":"https:\/\/vecinoscalamurada.com\/#\/schema\/logo\/image\/","url":"https:\/\/vecinoscalamurada.com\/wp2021\/wp-content\/uploads\/2021\/11\/favicon.jpg","contentUrl":"https:\/\/vecinoscalamurada.com\/wp2021\/wp-content\/uploads\/2021\/11\/favicon.jpg","width":512,"height":512,"caption":"Vecinos Cala Murada"},"image":{"@id":"https:\/\/vecinoscalamurada.com\/#\/schema\/logo\/image\/"},"sameAs":["https:\/\/www.facebook.com\/groups\/992762847512552\/"]}]}},"_links":{"self":[{"href":"https:\/\/vecinoscalamurada.com\/de\/wp-json\/wp\/v2\/pages\/10176"}],"collection":[{"href":"https:\/\/vecinoscalamurada.com\/de\/wp-json\/wp\/v2\/pages"}],"about":[{"href":"https:\/\/vecinoscalamurada.com\/de\/wp-json\/wp\/v2\/types\/page"}],"author":[{"embeddable":true,"href":"https:\/\/vecinoscalamurada.com\/de\/wp-json\/wp\/v2\/users\/2"}],"replies":[{"embeddable":true,"href":"https:\/\/vecinoscalamurada.com\/de\/wp-json\/wp\/v2\/comments?post=10176"}],"version-history":[{"count":1,"href":"https:\/\/vecinoscalamurada.com\/de\/wp-json\/wp\/v2\/pages\/10176\/revisions"}],"predecessor-version":[{"id":10177,"href":"https:\/\/vecinoscalamurada.com\/de\/wp-json\/wp\/v2\/pages\/10176\/revisions\/10177"}],"up":[{"embeddable":true,"href":"https:\/\/vecinoscalamurada.com\/de\/wp-json\/wp\/v2\/pages\/10196"}],"wp:attachment":[{"href":"https:\/\/vecinoscalamurada.com\/de\/wp-json\/wp\/v2\/media?parent=10176"}],"curies":[{"name":"wp","href":"https:\/\/api.w.org\/{rel}","templated":true}]}}