{"id":10171,"date":"2022-04-28T17:19:36","date_gmt":"2022-04-28T15:19:36","guid":{"rendered":"https:\/\/vecinoscalamurada.com\/?page_id=10171"},"modified":"2022-04-28T17:21:28","modified_gmt":"2022-04-28T15:21:28","slug":"kapitel-iv","status":"publish","type":"page","link":"https:\/\/vecinoscalamurada.com\/de\/wer-wir-sind\/statuten\/kapitel-iv\/","title":{"rendered":"KAPITEL IV"},"content":{"rendered":"<div class=\"slogan links\">\n<div class=\"preambel\">\n<span style=\"color:#3142a3;\">Asociacion de vecinos Sa Plana Cala Murada \u2013 Satzung<\/span>\n<\/div>\n<h2 style=\"font-size:30px;\" ><span class=\"slogan-mobile\">Der Vorstand<\/span><\/h2><span style=\"background:#3142a3\"><\/span><\/div>\n\n\n<h3><strong>Paragraph 14.<\/strong><\/h3>\n\n\n\n<ol type=\"1\"><li>Der Vorstand leitet, verwaltet und vertritt die Vereinigung und setzt sich zusammen aus:<ol><li>Pr\u00e4sident<\/li><li>Vizepr\u00e4sident<\/li><li>Sekret\u00e4r<\/li><li>Schatzmeister<\/li><\/ol><\/li><li>Mindestens 1 Stimmberechtigte\/r und h\u00f6chstens 5 Stimmberechtigte.<\/li><li>Die Wahl der Vorstandsmitglieder muss durch eine Abstimmung in der Generalversammlung erfolgen.<\/li><li>Die Aus\u00fcbung ihres Amtes ist unentgeltlich, jedoch k\u00f6nnen ihnen die mit der Aus\u00fcbung ihres Amtes verbundenen und ordnungsgem\u00e4\u00df begr\u00fcndeten Auslagen und Verluste erstattet werden.<\/li><\/ol>\n\n\n\n<h3><strong>Paragraph 15.<\/strong><\/h3>\n\n\n\n<ol type=\"1\"><li>Die Amtszeit der Verwaltungsratsmitglieder betr\u00e4gt vier Jahre.<\/li><li>Die Beendigung des Amtes vor Ablauf der gesetzlichen Amtszeit kann aus einem der folgenden Gr\u00fcnde erfolgen:<ol><li>Freiwilliger R\u00fccktritt in schriftlicher Form an den Verwaltungsrat.<\/li><li>Krankheit, die zur Untauglichkeit f\u00fcr das Amt f\u00fchrt.<\/li><li>Austritt als Mitglied der Vereinigung.<\/li><li>Sanktion f\u00fcr eine in Aus\u00fcbung des Amtes begangene Ordnungswidrigkeit.<\/li><\/ol><\/li><\/ol>\n\n\n\n<h3><strong>Paragraph 16.<\/strong><\/h3>\n\n\n\n<p>Der Verwaltungsrat hat die folgenden Befugnisse:&nbsp;&nbsp;&nbsp;&nbsp;&nbsp;&nbsp;&nbsp;&nbsp;&nbsp;&nbsp;&nbsp;&nbsp;&nbsp;&nbsp;&nbsp;&nbsp;&nbsp;&nbsp;&nbsp;&nbsp;&nbsp;&nbsp;&nbsp;&nbsp;&nbsp;&nbsp;&nbsp;&nbsp;&nbsp;&nbsp;&nbsp;&nbsp;&nbsp;&nbsp;&nbsp;&nbsp;&nbsp;<\/p>\n\n\n\n<ol type=\"1\"><li>Die Vertretung, Leitung und Verwaltung des Vereins im weitesten gesetzlich anerkannten Sinne sowie die Ausf\u00fchrung der von der Generalversammlung gefassten Beschl\u00fcsse gem\u00e4\u00df den von ihr aufgestellten Regeln, Anweisungen und Richtlinien.<\/li><li>Beschlussfassung in Bezug auf das Auftreten vor \u00f6ffentlichen Einrichtungen und die Aus\u00fcbung aller Arten von Rechtsmitteln sowie die Einlegung von Rechtsbehelfen.<\/li><li>Vorschlag an die Generalversammlung zur Festsetzung der von den Mitgliedern zu zahlenden Beitr\u00e4ge.<\/li><li>Vorlage der Bilanz und des Rechenschaftsberichts f\u00fcr jedes Gesch\u00e4ftsjahr zur Genehmigung durch die Generalversammlung und Aufstellung des Haushaltsplans f\u00fcr das folgende Gesch\u00e4ftsjahr.<\/li><li>Erstellung des j\u00e4hrlichen T\u00e4tigkeitsberichts und Vorlage bei der Generalversammlung zur Genehmigung.<\/li><li>Einstellung von Angestellten, die die Vereinigung hat.<\/li><li>Entscheidung \u00fcber die Aufnahme neuer Mitglieder.<\/li><li>Alle anderen Befugnisse, die nicht ausdr\u00fccklich einem anderen Organ der Vereinigung zugewiesen sind oder die ausdr\u00fccklich an ihn delegiert wurden.<\/li><\/ol>\n\n\n\n<h3><strong>Paragraph 17.<\/strong><\/h3>\n\n\n\n<ol type=\"1\"><li>Der Verwaltungsrat, dessen Mitglieder im Voraus vom Vorsitzenden einberufen werden m\u00fcssen, muss in den von seinen Mitgliedern beschlossenen Abst\u00e4nden, die keinesfalls weniger als drei Monate betragen d\u00fcrfen, zu einer ordentlichen Sitzung zusammentreten.<\/li><li>Er muss zu einer au\u00dferordentlichen Sitzung zusammentreten, wenn der Pr\u00e4sident dies anordnet oder wenn 50 % seiner Mitglieder dies beantragen.<\/li><li>Nur Mitglieder k\u00f6nnen Mitglieder des Verwaltungsrats sein. Um Mitglied des Verwaltungsrats zu werden, muss man vollj\u00e4hrig sein, die b\u00fcrgerlichen Ehrenrechte besitzen, seit mindestens einem Jahr Mitglied sein und es d\u00fcrfen keine Unvereinbarkeitsgr\u00fcnde im Sinne der geltenden Gesetzgebung vorliegen.<\/li><li>Frei werdende Sitze w\u00e4hrend der Amtszeit eines Vorstandsmitglieds sind bis zur endg\u00fcltigen Wahl durch die zu diesem Zweck einberufene Generalversammlung provisorisch durch die aus dem Kreis der vorgenannten Mitglieder Gew\u00e4hlten zu besetzen.<\/li><\/ol>\n\n\n\n<h3><strong>Paragraph 18.<\/strong><\/h3>\n\n\n\n<ol type=\"1\"><li>Der Verwaltungsrat ist beschlussf\u00e4hig, wenn die Mitglieder im Voraus einberufen wurden und die H\u00e4lfte plus eine Person anwesend ist.<\/li><li>Die Mitglieder des Verwaltungsrats sind verpflichtet, an allen festgelegten Sitzungen teilzunehmen, k\u00f6nnen aber in begr\u00fcndeten F\u00e4llen entschuldigt werden. Die Anwesenheit des Pr\u00e4sidenten und des Sekret\u00e4rs oder der sie vertretenden Personen ist immer erforderlich.<\/li><li>Der Verwaltungsrat fasst seine Beschl\u00fcsse mit der einfachen Mehrheit der Anwesenden.<\/li><\/ol>\n\n\n\n<h3><strong>Paragraph 19.<\/strong><\/h3>\n\n\n\n<p>Die Beschl\u00fcsse des Verwaltungsrats m\u00fcssen in das Protokollbuch eingetragen werden. Zu Beginn jeder Verwaltungsratssitzung ist das Protokoll der vorangegangenen Sitzung zu verlesen, damit es genehmigt oder gegebenenfalls korrigiert werden kann.<\/p>\n\n\n\n<p><\/p>\n\n\n\n<p><\/p>\n","protected":false},"excerpt":{"rendered":"<p>Paragraph 14. Der Vorstand leitet, verwaltet und vertritt die Vereinigung und setzt sich zusammen aus: Pr\u00e4sident Vizepr\u00e4sident Sekret\u00e4r Schatzmeister Mindestens 1 Stimmberechtigte\/r und h\u00f6chstens 5 Stimmberechtigte. Die Wahl der Vorstandsmitglieder muss durch [&#8230;] <\/p>\n","protected":false},"author":2,"featured_media":0,"parent":10196,"menu_order":19,"comment_status":"closed","ping_status":"closed","template":"","meta":[],"yoast_head":"<!-- This site is optimized with the Yoast SEO plugin v19.10 - https:\/\/yoast.com\/wordpress\/plugins\/seo\/ -->\n<title>KAPITEL IV - Vecinos Cala Murada<\/title>\n<meta name=\"robots\" content=\"index, follow, max-snippet:-1, max-image-preview:large, max-video-preview:-1\" \/>\n<link rel=\"canonical\" href=\"https:\/\/vecinoscalamurada.com\/de\/wer-wir-sind\/statuten\/kapitel-iv\/\" \/>\n<meta property=\"og:locale\" content=\"de_DE\" \/>\n<meta property=\"og:type\" content=\"article\" \/>\n<meta property=\"og:title\" content=\"KAPITEL IV - Vecinos Cala Murada\" \/>\n<meta property=\"og:description\" content=\"Paragraph 14. Der Vorstand leitet, verwaltet und vertritt die Vereinigung und setzt sich zusammen aus: Pr\u00e4sident Vizepr\u00e4sident Sekret\u00e4r Schatzmeister Mindestens 1 Stimmberechtigte\/r und h\u00f6chstens 5 Stimmberechtigte. Die Wahl der Vorstandsmitglieder muss durch [...]\" \/>\n<meta property=\"og:url\" content=\"https:\/\/vecinoscalamurada.com\/de\/wer-wir-sind\/statuten\/kapitel-iv\/\" \/>\n<meta property=\"og:site_name\" content=\"Vecinos Cala Murada\" \/>\n<meta property=\"article:publisher\" content=\"https:\/\/www.facebook.com\/groups\/992762847512552\/\" \/>\n<meta property=\"article:modified_time\" content=\"2022-04-28T15:21:28+00:00\" \/>\n<meta property=\"og:image\" content=\"https:\/\/vecinoscalamurada.com\/wp2021\/wp-content\/uploads\/2021\/11\/Cala-Murada-Header.jpg\" \/>\n\t<meta property=\"og:image:width\" content=\"2000\" \/>\n\t<meta property=\"og:image:height\" content=\"774\" \/>\n\t<meta property=\"og:image:type\" content=\"image\/jpeg\" \/>\n<meta name=\"twitter:card\" content=\"summary_large_image\" \/>\n<meta name=\"twitter:label1\" content=\"Gesch\u00e4tzte Lesezeit\" \/>\n\t<meta name=\"twitter:data1\" content=\"3\u00a0Minuten\" \/>\n<script type=\"application\/ld+json\" class=\"yoast-schema-graph\">{\"@context\":\"https:\/\/schema.org\",\"@graph\":[{\"@type\":\"WebPage\",\"@id\":\"https:\/\/vecinoscalamurada.com\/de\/wer-wir-sind\/statuten\/kapitel-iv\/\",\"url\":\"https:\/\/vecinoscalamurada.com\/de\/wer-wir-sind\/statuten\/kapitel-iv\/\",\"name\":\"KAPITEL IV - Vecinos Cala Murada\",\"isPartOf\":{\"@id\":\"https:\/\/vecinoscalamurada.com\/#website\"},\"datePublished\":\"2022-04-28T15:19:36+00:00\",\"dateModified\":\"2022-04-28T15:21:28+00:00\",\"breadcrumb\":{\"@id\":\"https:\/\/vecinoscalamurada.com\/de\/wer-wir-sind\/statuten\/kapitel-iv\/#breadcrumb\"},\"inLanguage\":\"de\",\"potentialAction\":[{\"@type\":\"ReadAction\",\"target\":[\"https:\/\/vecinoscalamurada.com\/de\/wer-wir-sind\/statuten\/kapitel-iv\/\"]}]},{\"@type\":\"BreadcrumbList\",\"@id\":\"https:\/\/vecinoscalamurada.com\/de\/wer-wir-sind\/statuten\/kapitel-iv\/#breadcrumb\",\"itemListElement\":[{\"@type\":\"ListItem\",\"position\":1,\"name\":\"Home\",\"item\":\"https:\/\/vecinoscalamurada.com\/de\/\"},{\"@type\":\"ListItem\",\"position\":2,\"name\":\"Wer wir sind\",\"item\":\"https:\/\/vecinoscalamurada.com\/de\/wer-wir-sind\/\"},{\"@type\":\"ListItem\",\"position\":3,\"name\":\"Statuten\",\"item\":\"https:\/\/vecinoscalamurada.com\/de\/wer-wir-sind\/statuten\/\"},{\"@type\":\"ListItem\",\"position\":4,\"name\":\"KAPITEL IV\"}]},{\"@type\":\"WebSite\",\"@id\":\"https:\/\/vecinoscalamurada.com\/#website\",\"url\":\"https:\/\/vecinoscalamurada.com\/\",\"name\":\"Vecinos Cala Murada\",\"description\":\"Mallorca\",\"publisher\":{\"@id\":\"https:\/\/vecinoscalamurada.com\/#organization\"},\"potentialAction\":[{\"@type\":\"SearchAction\",\"target\":{\"@type\":\"EntryPoint\",\"urlTemplate\":\"https:\/\/vecinoscalamurada.com\/?s={search_term_string}\"},\"query-input\":\"required name=search_term_string\"}],\"inLanguage\":\"de\"},{\"@type\":\"Organization\",\"@id\":\"https:\/\/vecinoscalamurada.com\/#organization\",\"name\":\"Vecinos Cala Murada\",\"url\":\"https:\/\/vecinoscalamurada.com\/\",\"logo\":{\"@type\":\"ImageObject\",\"inLanguage\":\"de\",\"@id\":\"https:\/\/vecinoscalamurada.com\/#\/schema\/logo\/image\/\",\"url\":\"https:\/\/vecinoscalamurada.com\/wp2021\/wp-content\/uploads\/2021\/11\/favicon.jpg\",\"contentUrl\":\"https:\/\/vecinoscalamurada.com\/wp2021\/wp-content\/uploads\/2021\/11\/favicon.jpg\",\"width\":512,\"height\":512,\"caption\":\"Vecinos Cala Murada\"},\"image\":{\"@id\":\"https:\/\/vecinoscalamurada.com\/#\/schema\/logo\/image\/\"},\"sameAs\":[\"https:\/\/www.facebook.com\/groups\/992762847512552\/\"]}]}<\/script>\n<!-- \/ Yoast SEO plugin. -->","yoast_head_json":{"title":"KAPITEL IV - Vecinos Cala Murada","robots":{"index":"index","follow":"follow","max-snippet":"max-snippet:-1","max-image-preview":"max-image-preview:large","max-video-preview":"max-video-preview:-1"},"canonical":"https:\/\/vecinoscalamurada.com\/de\/wer-wir-sind\/statuten\/kapitel-iv\/","og_locale":"de_DE","og_type":"article","og_title":"KAPITEL IV - Vecinos Cala Murada","og_description":"Paragraph 14. Der Vorstand leitet, verwaltet und vertritt die Vereinigung und setzt sich zusammen aus: Pr\u00e4sident Vizepr\u00e4sident Sekret\u00e4r Schatzmeister Mindestens 1 Stimmberechtigte\/r und h\u00f6chstens 5 Stimmberechtigte. Die Wahl der Vorstandsmitglieder muss durch [...]","og_url":"https:\/\/vecinoscalamurada.com\/de\/wer-wir-sind\/statuten\/kapitel-iv\/","og_site_name":"Vecinos Cala Murada","article_publisher":"https:\/\/www.facebook.com\/groups\/992762847512552\/","article_modified_time":"2022-04-28T15:21:28+00:00","og_image":[{"width":2000,"height":774,"url":"https:\/\/vecinoscalamurada.com\/wp2021\/wp-content\/uploads\/2021\/11\/Cala-Murada-Header.jpg","type":"image\/jpeg"}],"twitter_card":"summary_large_image","twitter_misc":{"Gesch\u00e4tzte Lesezeit":"3\u00a0Minuten"},"schema":{"@context":"https:\/\/schema.org","@graph":[{"@type":"WebPage","@id":"https:\/\/vecinoscalamurada.com\/de\/wer-wir-sind\/statuten\/kapitel-iv\/","url":"https:\/\/vecinoscalamurada.com\/de\/wer-wir-sind\/statuten\/kapitel-iv\/","name":"KAPITEL IV - Vecinos Cala Murada","isPartOf":{"@id":"https:\/\/vecinoscalamurada.com\/#website"},"datePublished":"2022-04-28T15:19:36+00:00","dateModified":"2022-04-28T15:21:28+00:00","breadcrumb":{"@id":"https:\/\/vecinoscalamurada.com\/de\/wer-wir-sind\/statuten\/kapitel-iv\/#breadcrumb"},"inLanguage":"de","potentialAction":[{"@type":"ReadAction","target":["https:\/\/vecinoscalamurada.com\/de\/wer-wir-sind\/statuten\/kapitel-iv\/"]}]},{"@type":"BreadcrumbList","@id":"https:\/\/vecinoscalamurada.com\/de\/wer-wir-sind\/statuten\/kapitel-iv\/#breadcrumb","itemListElement":[{"@type":"ListItem","position":1,"name":"Home","item":"https:\/\/vecinoscalamurada.com\/de\/"},{"@type":"ListItem","position":2,"name":"Wer wir sind","item":"https:\/\/vecinoscalamurada.com\/de\/wer-wir-sind\/"},{"@type":"ListItem","position":3,"name":"Statuten","item":"https:\/\/vecinoscalamurada.com\/de\/wer-wir-sind\/statuten\/"},{"@type":"ListItem","position":4,"name":"KAPITEL IV"}]},{"@type":"WebSite","@id":"https:\/\/vecinoscalamurada.com\/#website","url":"https:\/\/vecinoscalamurada.com\/","name":"Vecinos Cala Murada","description":"Mallorca","publisher":{"@id":"https:\/\/vecinoscalamurada.com\/#organization"},"potentialAction":[{"@type":"SearchAction","target":{"@type":"EntryPoint","urlTemplate":"https:\/\/vecinoscalamurada.com\/?s={search_term_string}"},"query-input":"required name=search_term_string"}],"inLanguage":"de"},{"@type":"Organization","@id":"https:\/\/vecinoscalamurada.com\/#organization","name":"Vecinos Cala Murada","url":"https:\/\/vecinoscalamurada.com\/","logo":{"@type":"ImageObject","inLanguage":"de","@id":"https:\/\/vecinoscalamurada.com\/#\/schema\/logo\/image\/","url":"https:\/\/vecinoscalamurada.com\/wp2021\/wp-content\/uploads\/2021\/11\/favicon.jpg","contentUrl":"https:\/\/vecinoscalamurada.com\/wp2021\/wp-content\/uploads\/2021\/11\/favicon.jpg","width":512,"height":512,"caption":"Vecinos Cala Murada"},"image":{"@id":"https:\/\/vecinoscalamurada.com\/#\/schema\/logo\/image\/"},"sameAs":["https:\/\/www.facebook.com\/groups\/992762847512552\/"]}]}},"_links":{"self":[{"href":"https:\/\/vecinoscalamurada.com\/de\/wp-json\/wp\/v2\/pages\/10171"}],"collection":[{"href":"https:\/\/vecinoscalamurada.com\/de\/wp-json\/wp\/v2\/pages"}],"about":[{"href":"https:\/\/vecinoscalamurada.com\/de\/wp-json\/wp\/v2\/types\/page"}],"author":[{"embeddable":true,"href":"https:\/\/vecinoscalamurada.com\/de\/wp-json\/wp\/v2\/users\/2"}],"replies":[{"embeddable":true,"href":"https:\/\/vecinoscalamurada.com\/de\/wp-json\/wp\/v2\/comments?post=10171"}],"version-history":[{"count":3,"href":"https:\/\/vecinoscalamurada.com\/de\/wp-json\/wp\/v2\/pages\/10171\/revisions"}],"predecessor-version":[{"id":10175,"href":"https:\/\/vecinoscalamurada.com\/de\/wp-json\/wp\/v2\/pages\/10171\/revisions\/10175"}],"up":[{"embeddable":true,"href":"https:\/\/vecinoscalamurada.com\/de\/wp-json\/wp\/v2\/pages\/10196"}],"wp:attachment":[{"href":"https:\/\/vecinoscalamurada.com\/de\/wp-json\/wp\/v2\/media?parent=10171"}],"curies":[{"name":"wp","href":"https:\/\/api.w.org\/{rel}","templated":true}]}}