{"id":10169,"date":"2022-04-28T17:16:54","date_gmt":"2022-04-28T15:16:54","guid":{"rendered":"https:\/\/vecinoscalamurada.com\/?page_id=10169"},"modified":"2022-04-28T17:16:55","modified_gmt":"2022-04-28T15:16:55","slug":"kapitel-iii","status":"publish","type":"page","link":"https:\/\/vecinoscalamurada.com\/de\/wer-wir-sind\/statuten\/kapitel-iii\/","title":{"rendered":"KAPITEL III"},"content":{"rendered":"<div class=\"slogan links\">\n<div class=\"preambel\">\n<span style=\"color:#3142a3;\">Asociacion de vecinos Sa Plana Cala Murada \u2013 Satzung<\/span>\n<\/div>\n<h2 style=\"font-size:30px;\" ><span class=\"slogan-mobile\">Generalversammlung<\/span><\/h2><span style=\"background:#3142a3\"><\/span><\/div>\n\n\n<h3><strong>Paragraph 8.<\/strong><\/h3>\n\n\n\n<ol type=\"1\"><li>Die Generalversammlung ist das oberste Organ des Vereins; ihre Mitglieder sind Mitglieder mit eigenem, unver\u00e4u\u00dferlichem Recht.<\/li><li>Die Mitglieder des Vereins, die in einer rechtm\u00e4\u00dfig konstituierten Generalversammlung zusammenkommen, entscheiden mit Stimmenmehrheit \u00fcber Angelegenheiten, die in die Zust\u00e4ndigkeit der Generalversammlung fallen.<\/li><li>Alle Mitglieder sind an die Beschl\u00fcsse der Generalversammlung gebunden, auch die abwesenden, die abweichenden und die anwesenden, die sich der Stimme enthalten haben.<\/li><\/ol>\n\n\n\n<h3><strong>Paragraph<\/strong><strong> 9.<\/strong><\/h3>\n\n\n\n<p>Die Generalversammlung hat die folgenden Befugnisse:<\/p>\n\n\n\n<ol type=\"1\"><li>\u00c4nderung der Statuten der Vereinigung.<\/li><li>Beschlussfassung \u00fcber die rechtliche Vertretung, Verwaltung und Verteidigung der Interessen der Mitglieder.<\/li><li>Kontrolle der T\u00e4tigkeit und des Managements des Verwaltungsrats.<\/li><li>Genehmigung des j\u00e4hrlichen Ausgaben- und Einnahmenbudgets sowie des j\u00e4hrlichen T\u00e4tigkeitsberichts.<\/li><li>Wahl, Abberufung und Ersetzung der Mitglieder des Verwaltungsrats.<\/li><li>Festlegung der allgemeinen Leitlinien f\u00fcr die Verwirklichung der Ziele der Vereinigung.<\/li><li>Festsetzung der von den Vereinsmitgliedern zu zahlenden Mitgliedsbeitr\u00e4ge.<\/li><li>Aufl\u00f6sung und Liquidation der Vereinigung<\/li><li>Alle anderen Angelegenheiten, die in den entsprechenden Rechtsvorschriften vorgesehen sind.<\/li><\/ol>\n\n\n\n<h3><strong>Paragraph 10.<\/strong><\/h3>\n\n\n\n<ol type=\"1\"><li>Die Generalversammlung muss mindestens einmal im Jahr zu einer ordentlichen Sitzung zusammentreten.<\/li><li>Die Generalversammlung muss bei Bedarf zu einer au\u00dferordentlichen Sitzung zusammentreten, und zwar auf Antrag des Vorstands oder auf Antrag einer Anzahl von Vereinsmitgliedern, die mindestens 30 % der Gesamtzahl der Mitglieder ausmacht; im letzteren Fall muss sie innerhalb einer Frist von h\u00f6chstens f\u00fcnfzehn Tagen zusammentreten.<\/li><\/ol>\n\n\n\n<h3><strong>Paragraph 11.<\/strong><\/h3>\n\n\n\n<ol type=\"1\"><li>Die Einberufung der ordentlichen und au\u00dferordentlichen Generalversammlung muss in einer Form erfolgen, die es erm\u00f6glicht, ein Protokoll der Sitzung zu f\u00fchren. Die Einberufung muss mindestens 15 Tage im Voraus an den zu bestimmenden Orten ausgeh\u00e4ngt werden. Die Mitteilung muss au\u00dferdem an alle Mitglieder einzeln gerichtet werden. Die Einberufung muss Tag, Uhrzeit und Ort der Sitzung sowie die Tagesordnung enthalten. Die Tagesordnung der Generalversammlung muss auf jeden Fall die von den einzelnen Arbeitsgruppen aufgeworfenen Fragen enthalten, sofern sie dem Verwaltungsrat zuvor mitgeteilt wurden.<\/li><li>Der Pr\u00e4sident der Vereinigung f\u00fchrt den Vorsitz bei den Sitzungen der Generalversammlung. Bei seiner Abwesenheit wird er durch den Vizepr\u00e4sidenten vertreten. Die Person, die diese Position im Verwaltungsrat innehat, oder die Person, die sie ersetzt, fungiert als Sekret\u00e4r.<\/li><li>Der Sekret\u00e4r fertigt \u00fcber jede Sitzung der Generalversammlung ein Protokoll an, in dem das Protokoll der vorangegangenen Sitzung zum Zwecke der Genehmigung oder \u00c4nderung verlesen wird. In jedem Fall m\u00fcssen das Protokoll und alle anderen Unterlagen f\u00fcnf Tage vorher am Sitz der Versammlung f\u00fcr die Mitglieder verf\u00fcgbar sein.<\/li><\/ol>\n\n\n\n<h3><strong>Paragraph 12.<\/strong><\/h3>\n\n\n\n<ol type=\"1\"><li>Die Generalversammlung ist bei der ersten Einberufung mit der Anwesenheit von mindestens 50 % der anwesenden oder vertretenen stimmberechtigten Mitglieder g\u00fcltig konstituiert.<\/li><li>Die zweite Einberufung muss eine Stunde nach der ersten Einberufung und am gleichen Ort erfolgen und zusammen mit der ersten Einberufung angek\u00fcndigt werden.<\/li><\/ol>\n\n\n\n<h3><strong>Paragraph 13.<\/strong><\/h3>\n\n\n\n<ol type=\"1\"><li>In den Generalversammlungen hat jedes Mitglied der Vereinigung eine Stimme.&nbsp;&nbsp;&nbsp;&nbsp;<\/li><li>Die Beschl\u00fcsse werden mit einfacher Stimmenmehrheit der anwesenden oder vertretenen Mitglieder gefasst.<\/li><li>Eine berechtigte Mehrheit der Anwesenden oder Vertretenen ist erforderlich, um Beschl\u00fcsse zu fassen \u00fcber die Trennung der Mitglieder, die \u00c4nderung der Satzung, die Aufl\u00f6sung des Vereins, die Gr\u00fcndung eines Zusammenschlusses mit gleichartigen Vereinen oder die Eingliederung in einen bestehenden Verein, die Verf\u00fcgung \u00fcber das Verm\u00f6gen und die Verg\u00fctung der Mitglieder des Vertretungsorgans sowie die Wahl des Vorstandes, wenn mehrere Kandidaturen vorliegen, was dann der Fall ist, wenn die Zahl der Ja-Stimmen die H\u00e4lfte dieser Stimmen \u00fcbersteigt, und zwar sowohl bei der ersten als auch bei der zweiten Einberufung.<\/li><\/ol>\n\n\n\n<p><\/p>\n\n\n\n<p><\/p>\n","protected":false},"excerpt":{"rendered":"<p>Paragraph 8. Die Generalversammlung ist das oberste Organ des Vereins; ihre Mitglieder sind Mitglieder mit eigenem, unver\u00e4u\u00dferlichem Recht. Die Mitglieder des Vereins, die in einer rechtm\u00e4\u00dfig konstituierten Generalversammlung zusammenkommen, entscheiden mit Stimmenmehrheit [&#8230;] <\/p>\n","protected":false},"author":2,"featured_media":0,"parent":10196,"menu_order":16,"comment_status":"closed","ping_status":"closed","template":"","meta":[],"yoast_head":"<!-- This site is optimized with the Yoast SEO plugin v19.10 - https:\/\/yoast.com\/wordpress\/plugins\/seo\/ -->\n<title>KAPITEL III - Vecinos Cala Murada<\/title>\n<meta name=\"robots\" content=\"index, follow, max-snippet:-1, max-image-preview:large, max-video-preview:-1\" \/>\n<link rel=\"canonical\" href=\"https:\/\/vecinoscalamurada.com\/de\/wer-wir-sind\/statuten\/kapitel-iii\/\" \/>\n<meta property=\"og:locale\" content=\"de_DE\" \/>\n<meta property=\"og:type\" content=\"article\" \/>\n<meta property=\"og:title\" content=\"KAPITEL III - Vecinos Cala Murada\" \/>\n<meta property=\"og:description\" content=\"Paragraph 8. Die Generalversammlung ist das oberste Organ des Vereins; ihre Mitglieder sind Mitglieder mit eigenem, unver\u00e4u\u00dferlichem Recht. Die Mitglieder des Vereins, die in einer rechtm\u00e4\u00dfig konstituierten Generalversammlung zusammenkommen, entscheiden mit Stimmenmehrheit [...]\" \/>\n<meta property=\"og:url\" content=\"https:\/\/vecinoscalamurada.com\/de\/wer-wir-sind\/statuten\/kapitel-iii\/\" \/>\n<meta property=\"og:site_name\" content=\"Vecinos Cala Murada\" \/>\n<meta property=\"article:publisher\" content=\"https:\/\/www.facebook.com\/groups\/992762847512552\/\" \/>\n<meta property=\"article:modified_time\" content=\"2022-04-28T15:16:55+00:00\" \/>\n<meta property=\"og:image\" content=\"https:\/\/vecinoscalamurada.com\/wp2021\/wp-content\/uploads\/2021\/11\/Cala-Murada-Header.jpg\" \/>\n\t<meta property=\"og:image:width\" content=\"2000\" \/>\n\t<meta property=\"og:image:height\" content=\"774\" \/>\n\t<meta property=\"og:image:type\" content=\"image\/jpeg\" \/>\n<meta name=\"twitter:card\" content=\"summary_large_image\" \/>\n<meta name=\"twitter:label1\" content=\"Gesch\u00e4tzte Lesezeit\" \/>\n\t<meta name=\"twitter:data1\" content=\"3\u00a0Minuten\" \/>\n<script type=\"application\/ld+json\" class=\"yoast-schema-graph\">{\"@context\":\"https:\/\/schema.org\",\"@graph\":[{\"@type\":\"WebPage\",\"@id\":\"https:\/\/vecinoscalamurada.com\/de\/wer-wir-sind\/statuten\/kapitel-iii\/\",\"url\":\"https:\/\/vecinoscalamurada.com\/de\/wer-wir-sind\/statuten\/kapitel-iii\/\",\"name\":\"KAPITEL III - Vecinos Cala Murada\",\"isPartOf\":{\"@id\":\"https:\/\/vecinoscalamurada.com\/#website\"},\"datePublished\":\"2022-04-28T15:16:54+00:00\",\"dateModified\":\"2022-04-28T15:16:55+00:00\",\"breadcrumb\":{\"@id\":\"https:\/\/vecinoscalamurada.com\/de\/wer-wir-sind\/statuten\/kapitel-iii\/#breadcrumb\"},\"inLanguage\":\"de\",\"potentialAction\":[{\"@type\":\"ReadAction\",\"target\":[\"https:\/\/vecinoscalamurada.com\/de\/wer-wir-sind\/statuten\/kapitel-iii\/\"]}]},{\"@type\":\"BreadcrumbList\",\"@id\":\"https:\/\/vecinoscalamurada.com\/de\/wer-wir-sind\/statuten\/kapitel-iii\/#breadcrumb\",\"itemListElement\":[{\"@type\":\"ListItem\",\"position\":1,\"name\":\"Home\",\"item\":\"https:\/\/vecinoscalamurada.com\/de\/\"},{\"@type\":\"ListItem\",\"position\":2,\"name\":\"Wer wir sind\",\"item\":\"https:\/\/vecinoscalamurada.com\/de\/wer-wir-sind\/\"},{\"@type\":\"ListItem\",\"position\":3,\"name\":\"Statuten\",\"item\":\"https:\/\/vecinoscalamurada.com\/de\/wer-wir-sind\/statuten\/\"},{\"@type\":\"ListItem\",\"position\":4,\"name\":\"KAPITEL III\"}]},{\"@type\":\"WebSite\",\"@id\":\"https:\/\/vecinoscalamurada.com\/#website\",\"url\":\"https:\/\/vecinoscalamurada.com\/\",\"name\":\"Vecinos Cala Murada\",\"description\":\"Mallorca\",\"publisher\":{\"@id\":\"https:\/\/vecinoscalamurada.com\/#organization\"},\"potentialAction\":[{\"@type\":\"SearchAction\",\"target\":{\"@type\":\"EntryPoint\",\"urlTemplate\":\"https:\/\/vecinoscalamurada.com\/?s={search_term_string}\"},\"query-input\":\"required name=search_term_string\"}],\"inLanguage\":\"de\"},{\"@type\":\"Organization\",\"@id\":\"https:\/\/vecinoscalamurada.com\/#organization\",\"name\":\"Vecinos Cala Murada\",\"url\":\"https:\/\/vecinoscalamurada.com\/\",\"logo\":{\"@type\":\"ImageObject\",\"inLanguage\":\"de\",\"@id\":\"https:\/\/vecinoscalamurada.com\/#\/schema\/logo\/image\/\",\"url\":\"https:\/\/vecinoscalamurada.com\/wp2021\/wp-content\/uploads\/2021\/11\/favicon.jpg\",\"contentUrl\":\"https:\/\/vecinoscalamurada.com\/wp2021\/wp-content\/uploads\/2021\/11\/favicon.jpg\",\"width\":512,\"height\":512,\"caption\":\"Vecinos Cala Murada\"},\"image\":{\"@id\":\"https:\/\/vecinoscalamurada.com\/#\/schema\/logo\/image\/\"},\"sameAs\":[\"https:\/\/www.facebook.com\/groups\/992762847512552\/\"]}]}<\/script>\n<!-- \/ Yoast SEO plugin. -->","yoast_head_json":{"title":"KAPITEL III - Vecinos Cala Murada","robots":{"index":"index","follow":"follow","max-snippet":"max-snippet:-1","max-image-preview":"max-image-preview:large","max-video-preview":"max-video-preview:-1"},"canonical":"https:\/\/vecinoscalamurada.com\/de\/wer-wir-sind\/statuten\/kapitel-iii\/","og_locale":"de_DE","og_type":"article","og_title":"KAPITEL III - Vecinos Cala Murada","og_description":"Paragraph 8. Die Generalversammlung ist das oberste Organ des Vereins; ihre Mitglieder sind Mitglieder mit eigenem, unver\u00e4u\u00dferlichem Recht. Die Mitglieder des Vereins, die in einer rechtm\u00e4\u00dfig konstituierten Generalversammlung zusammenkommen, entscheiden mit Stimmenmehrheit [...]","og_url":"https:\/\/vecinoscalamurada.com\/de\/wer-wir-sind\/statuten\/kapitel-iii\/","og_site_name":"Vecinos Cala Murada","article_publisher":"https:\/\/www.facebook.com\/groups\/992762847512552\/","article_modified_time":"2022-04-28T15:16:55+00:00","og_image":[{"width":2000,"height":774,"url":"https:\/\/vecinoscalamurada.com\/wp2021\/wp-content\/uploads\/2021\/11\/Cala-Murada-Header.jpg","type":"image\/jpeg"}],"twitter_card":"summary_large_image","twitter_misc":{"Gesch\u00e4tzte Lesezeit":"3\u00a0Minuten"},"schema":{"@context":"https:\/\/schema.org","@graph":[{"@type":"WebPage","@id":"https:\/\/vecinoscalamurada.com\/de\/wer-wir-sind\/statuten\/kapitel-iii\/","url":"https:\/\/vecinoscalamurada.com\/de\/wer-wir-sind\/statuten\/kapitel-iii\/","name":"KAPITEL III - Vecinos Cala Murada","isPartOf":{"@id":"https:\/\/vecinoscalamurada.com\/#website"},"datePublished":"2022-04-28T15:16:54+00:00","dateModified":"2022-04-28T15:16:55+00:00","breadcrumb":{"@id":"https:\/\/vecinoscalamurada.com\/de\/wer-wir-sind\/statuten\/kapitel-iii\/#breadcrumb"},"inLanguage":"de","potentialAction":[{"@type":"ReadAction","target":["https:\/\/vecinoscalamurada.com\/de\/wer-wir-sind\/statuten\/kapitel-iii\/"]}]},{"@type":"BreadcrumbList","@id":"https:\/\/vecinoscalamurada.com\/de\/wer-wir-sind\/statuten\/kapitel-iii\/#breadcrumb","itemListElement":[{"@type":"ListItem","position":1,"name":"Home","item":"https:\/\/vecinoscalamurada.com\/de\/"},{"@type":"ListItem","position":2,"name":"Wer wir sind","item":"https:\/\/vecinoscalamurada.com\/de\/wer-wir-sind\/"},{"@type":"ListItem","position":3,"name":"Statuten","item":"https:\/\/vecinoscalamurada.com\/de\/wer-wir-sind\/statuten\/"},{"@type":"ListItem","position":4,"name":"KAPITEL III"}]},{"@type":"WebSite","@id":"https:\/\/vecinoscalamurada.com\/#website","url":"https:\/\/vecinoscalamurada.com\/","name":"Vecinos Cala Murada","description":"Mallorca","publisher":{"@id":"https:\/\/vecinoscalamurada.com\/#organization"},"potentialAction":[{"@type":"SearchAction","target":{"@type":"EntryPoint","urlTemplate":"https:\/\/vecinoscalamurada.com\/?s={search_term_string}"},"query-input":"required name=search_term_string"}],"inLanguage":"de"},{"@type":"Organization","@id":"https:\/\/vecinoscalamurada.com\/#organization","name":"Vecinos Cala Murada","url":"https:\/\/vecinoscalamurada.com\/","logo":{"@type":"ImageObject","inLanguage":"de","@id":"https:\/\/vecinoscalamurada.com\/#\/schema\/logo\/image\/","url":"https:\/\/vecinoscalamurada.com\/wp2021\/wp-content\/uploads\/2021\/11\/favicon.jpg","contentUrl":"https:\/\/vecinoscalamurada.com\/wp2021\/wp-content\/uploads\/2021\/11\/favicon.jpg","width":512,"height":512,"caption":"Vecinos Cala Murada"},"image":{"@id":"https:\/\/vecinoscalamurada.com\/#\/schema\/logo\/image\/"},"sameAs":["https:\/\/www.facebook.com\/groups\/992762847512552\/"]}]}},"_links":{"self":[{"href":"https:\/\/vecinoscalamurada.com\/de\/wp-json\/wp\/v2\/pages\/10169"}],"collection":[{"href":"https:\/\/vecinoscalamurada.com\/de\/wp-json\/wp\/v2\/pages"}],"about":[{"href":"https:\/\/vecinoscalamurada.com\/de\/wp-json\/wp\/v2\/types\/page"}],"author":[{"embeddable":true,"href":"https:\/\/vecinoscalamurada.com\/de\/wp-json\/wp\/v2\/users\/2"}],"replies":[{"embeddable":true,"href":"https:\/\/vecinoscalamurada.com\/de\/wp-json\/wp\/v2\/comments?post=10169"}],"version-history":[{"count":1,"href":"https:\/\/vecinoscalamurada.com\/de\/wp-json\/wp\/v2\/pages\/10169\/revisions"}],"predecessor-version":[{"id":10170,"href":"https:\/\/vecinoscalamurada.com\/de\/wp-json\/wp\/v2\/pages\/10169\/revisions\/10170"}],"up":[{"embeddable":true,"href":"https:\/\/vecinoscalamurada.com\/de\/wp-json\/wp\/v2\/pages\/10196"}],"wp:attachment":[{"href":"https:\/\/vecinoscalamurada.com\/de\/wp-json\/wp\/v2\/media?parent=10169"}],"curies":[{"name":"wp","href":"https:\/\/api.w.org\/{rel}","templated":true}]}}