{"id":10167,"date":"2022-04-28T17:14:14","date_gmt":"2022-04-28T15:14:14","guid":{"rendered":"https:\/\/vecinoscalamurada.com\/?page_id=10167"},"modified":"2022-04-28T17:14:15","modified_gmt":"2022-04-28T15:14:15","slug":"kapitel-ii","status":"publish","type":"page","link":"https:\/\/vecinoscalamurada.com\/de\/wer-wir-sind\/statuten\/kapitel-ii\/","title":{"rendered":"KAPITEL II"},"content":{"rendered":"<div class=\"slogan links\">\n<div class=\"preambel\">\n<span style=\"color:#3142a3;\">Asociacion de vecinos Sa Plana Cala Murada \u2013 Satzung<\/span>\n<\/div>\n<h2 style=\"font-size:30px;\" ><span class=\"slogan-mobile\">Die Mitglieder des Vereins, ihre Rechte und Pflichten <\/span><\/h2><span style=\"background:#3142a3\"><\/span><\/div>\n\n\n<h3><strong>Paragraph 4.<\/strong><\/h3>\n\n\n\n<p>Mitglied des Vereins kann jede vollj\u00e4hrige und handlungsf\u00e4hige Person werden, die sich mit den Zielen des Vereins identifiziert und dies beantragt, indem sie das Beitrittsformular ausf\u00fcllt und eine Bankanweisung zum Einzug der Mitgliedsbeitr\u00e4ge unterzeichnet.<\/p>\n\n\n\n<h3><strong>Paragraph 5.<\/strong><\/h3>\n\n\n\n<p>Die Rechte der Mitglieder des Vereins sind:<\/p>\n\n\n\n<ol type=\"1\"><li>Teilnahme an den Sitzungen der Generalversammlung mit Rederecht und Stimmrecht.<\/li><li>W\u00e4hlen oder gew\u00e4hlt werden in Vertretungspositionen oder in F\u00fchrungspositionen.<\/li><li>Aus\u00fcbung der ihnen in jedem Einzelfall \u00fcbertragenen Vertretung.<\/li><li>Eingreifen in die Leitung und das Management, die Dienstleistungen und die Aktivit\u00e4ten der Vereinigung, in \u00dcbereinstimmung mit den gesetzlichen und satzungsm\u00e4\u00dfigen Bestimmungen.<\/li><li>Unterbreitung von Vorschl\u00e4gen an die Generalversammlung und den Vorstand, die ihrer Meinung nach dazu beitragen k\u00f6nnen, das Leben des Vereins zu bereichern und die Verwirklichung der grundlegenden sozialen Ziele effektiver zu gestalten.<\/li><li>Anforderung und Einholung von Erkl\u00e4rungen \u00fcber die Verwaltung und das Management des Vorstandes von den Verantwortlichen der Vereinigung.<\/li><li>\u00dcber den Stand der Konten informiert zu werden und Informationen \u00fcber die Aktivit\u00e4ten der Vereinigung zu erhalten.<\/li><li>Nutzung der gemeinsamen Dienste, die der Verein einrichtet oder ihm zur Verf\u00fcgung stellt.<\/li><li>Teilnahme an den Arbeitsgruppen.<\/li><li>Erhalt eines Exemplars der Statuten.<\/li><li>Kenntnis von der Zusammensetzung der leitenden und repr\u00e4sentativen Organe.<\/li><li>Anspruch auf Anh\u00f6rung vor der Verh\u00e4ngung von Disziplinarma\u00dfnahmen gegen sie und auf Unterrichtung \u00fcber den Sachverhalt, der diesen Ma\u00dfnahmen zugrunde liegt.<\/li><li>Anfechtung von Beschl\u00fcssen der Vereinsorgane, die sie f\u00fcr gesetzes- oder satzungswidrig halten.<\/li><\/ol>\n\n\n\n<h3><strong>Paragraph 6.<\/strong><\/h3>\n\n\n\n<p>Die Aufgaben der Mitglieder des Vereins sind:<\/p>\n\n\n\n<ol type=\"1\"><li>Anpassung ihres Handelns an die gesetzlichen Vorschriften.&nbsp;&nbsp;&nbsp;&nbsp;&nbsp;&nbsp;&nbsp;&nbsp;&nbsp;&nbsp;&nbsp;&nbsp;&nbsp;&nbsp;&nbsp;&nbsp;&nbsp;&nbsp;&nbsp;&nbsp;&nbsp;&nbsp;&nbsp;&nbsp;&nbsp;&nbsp;&nbsp;&nbsp;&nbsp;&nbsp;&nbsp;&nbsp;&nbsp;&nbsp;<\/li><li>Einhaltung der Beschl\u00fcsse der Generalversammlung und der vom Verwaltungsrat zu deren Durchf\u00fchrung erlassenen Vorschriften.<\/li><li>Die p\u00fcnktliche Zahlung der Geb\u00fchren, au\u00dferordentlichen Ausgaben und sonstigen Beitr\u00e4ge, die gem\u00e4\u00df der Statuten auf jedes Mitglied entfallen k\u00f6nnen.<\/li><li>Aufrechterhaltung der Zusammenarbeit, die f\u00fcr das gute Funktionieren der Vereinigung notwendig ist.<\/li><\/ol>\n\n\n\n<h3><strong>Paragraph 7.<\/strong><\/h3>\n\n\n\n<p>Die Gr\u00fcnde f\u00fcr den Austritt aus der Vereinigung sind:<\/p>\n\n\n\n<ol type=\"1\"><li>Durch Entscheidung der betreffenden Person, die dem Verwaltungsrat schriftlich mitgeteilt werden muss.<\/li><li>Nichtbezahlung der festgelegten Mitgliedsbeitr\u00e4ge.<\/li><li>Nichteinhaltung der gesetzlichen Verpflichtungen.<\/li><\/ol>\n\n\n\n<p><\/p>\n","protected":false},"excerpt":{"rendered":"<p>Paragraph 4. Mitglied des Vereins kann jede vollj\u00e4hrige und handlungsf\u00e4hige Person werden, die sich mit den Zielen des Vereins identifiziert und dies beantragt, indem sie das Beitrittsformular ausf\u00fcllt und eine Bankanweisung zum [&#8230;] <\/p>\n","protected":false},"author":2,"featured_media":0,"parent":10196,"menu_order":13,"comment_status":"closed","ping_status":"closed","template":"","meta":[],"yoast_head":"<!-- This site is optimized with the Yoast SEO plugin v19.10 - https:\/\/yoast.com\/wordpress\/plugins\/seo\/ -->\n<title>KAPITEL II - Vecinos Cala Murada<\/title>\n<meta name=\"robots\" content=\"index, follow, max-snippet:-1, max-image-preview:large, max-video-preview:-1\" \/>\n<link rel=\"canonical\" href=\"https:\/\/vecinoscalamurada.com\/de\/wer-wir-sind\/statuten\/kapitel-ii\/\" \/>\n<meta property=\"og:locale\" content=\"de_DE\" \/>\n<meta property=\"og:type\" content=\"article\" \/>\n<meta property=\"og:title\" content=\"KAPITEL II - Vecinos Cala Murada\" \/>\n<meta property=\"og:description\" content=\"Paragraph 4. Mitglied des Vereins kann jede vollj\u00e4hrige und handlungsf\u00e4hige Person werden, die sich mit den Zielen des Vereins identifiziert und dies beantragt, indem sie das Beitrittsformular ausf\u00fcllt und eine Bankanweisung zum [...]\" \/>\n<meta property=\"og:url\" content=\"https:\/\/vecinoscalamurada.com\/de\/wer-wir-sind\/statuten\/kapitel-ii\/\" \/>\n<meta property=\"og:site_name\" content=\"Vecinos Cala Murada\" \/>\n<meta property=\"article:publisher\" content=\"https:\/\/www.facebook.com\/groups\/992762847512552\/\" \/>\n<meta property=\"article:modified_time\" content=\"2022-04-28T15:14:15+00:00\" \/>\n<meta property=\"og:image\" content=\"https:\/\/vecinoscalamurada.com\/wp2021\/wp-content\/uploads\/2021\/11\/Cala-Murada-Header.jpg\" \/>\n\t<meta property=\"og:image:width\" content=\"2000\" \/>\n\t<meta property=\"og:image:height\" content=\"774\" \/>\n\t<meta property=\"og:image:type\" content=\"image\/jpeg\" \/>\n<meta name=\"twitter:card\" content=\"summary_large_image\" \/>\n<meta name=\"twitter:label1\" content=\"Gesch\u00e4tzte Lesezeit\" \/>\n\t<meta name=\"twitter:data1\" content=\"2\u00a0Minuten\" \/>\n<script type=\"application\/ld+json\" class=\"yoast-schema-graph\">{\"@context\":\"https:\/\/schema.org\",\"@graph\":[{\"@type\":\"WebPage\",\"@id\":\"https:\/\/vecinoscalamurada.com\/de\/wer-wir-sind\/statuten\/kapitel-ii\/\",\"url\":\"https:\/\/vecinoscalamurada.com\/de\/wer-wir-sind\/statuten\/kapitel-ii\/\",\"name\":\"KAPITEL II - Vecinos Cala Murada\",\"isPartOf\":{\"@id\":\"https:\/\/vecinoscalamurada.com\/#website\"},\"datePublished\":\"2022-04-28T15:14:14+00:00\",\"dateModified\":\"2022-04-28T15:14:15+00:00\",\"breadcrumb\":{\"@id\":\"https:\/\/vecinoscalamurada.com\/de\/wer-wir-sind\/statuten\/kapitel-ii\/#breadcrumb\"},\"inLanguage\":\"de\",\"potentialAction\":[{\"@type\":\"ReadAction\",\"target\":[\"https:\/\/vecinoscalamurada.com\/de\/wer-wir-sind\/statuten\/kapitel-ii\/\"]}]},{\"@type\":\"BreadcrumbList\",\"@id\":\"https:\/\/vecinoscalamurada.com\/de\/wer-wir-sind\/statuten\/kapitel-ii\/#breadcrumb\",\"itemListElement\":[{\"@type\":\"ListItem\",\"position\":1,\"name\":\"Home\",\"item\":\"https:\/\/vecinoscalamurada.com\/de\/\"},{\"@type\":\"ListItem\",\"position\":2,\"name\":\"Wer wir sind\",\"item\":\"https:\/\/vecinoscalamurada.com\/de\/wer-wir-sind\/\"},{\"@type\":\"ListItem\",\"position\":3,\"name\":\"Statuten\",\"item\":\"https:\/\/vecinoscalamurada.com\/de\/wer-wir-sind\/statuten\/\"},{\"@type\":\"ListItem\",\"position\":4,\"name\":\"KAPITEL II\"}]},{\"@type\":\"WebSite\",\"@id\":\"https:\/\/vecinoscalamurada.com\/#website\",\"url\":\"https:\/\/vecinoscalamurada.com\/\",\"name\":\"Vecinos Cala Murada\",\"description\":\"Mallorca\",\"publisher\":{\"@id\":\"https:\/\/vecinoscalamurada.com\/#organization\"},\"potentialAction\":[{\"@type\":\"SearchAction\",\"target\":{\"@type\":\"EntryPoint\",\"urlTemplate\":\"https:\/\/vecinoscalamurada.com\/?s={search_term_string}\"},\"query-input\":\"required name=search_term_string\"}],\"inLanguage\":\"de\"},{\"@type\":\"Organization\",\"@id\":\"https:\/\/vecinoscalamurada.com\/#organization\",\"name\":\"Vecinos Cala Murada\",\"url\":\"https:\/\/vecinoscalamurada.com\/\",\"logo\":{\"@type\":\"ImageObject\",\"inLanguage\":\"de\",\"@id\":\"https:\/\/vecinoscalamurada.com\/#\/schema\/logo\/image\/\",\"url\":\"https:\/\/vecinoscalamurada.com\/wp2021\/wp-content\/uploads\/2021\/11\/favicon.jpg\",\"contentUrl\":\"https:\/\/vecinoscalamurada.com\/wp2021\/wp-content\/uploads\/2021\/11\/favicon.jpg\",\"width\":512,\"height\":512,\"caption\":\"Vecinos Cala Murada\"},\"image\":{\"@id\":\"https:\/\/vecinoscalamurada.com\/#\/schema\/logo\/image\/\"},\"sameAs\":[\"https:\/\/www.facebook.com\/groups\/992762847512552\/\"]}]}<\/script>\n<!-- \/ Yoast SEO plugin. -->","yoast_head_json":{"title":"KAPITEL II - Vecinos Cala Murada","robots":{"index":"index","follow":"follow","max-snippet":"max-snippet:-1","max-image-preview":"max-image-preview:large","max-video-preview":"max-video-preview:-1"},"canonical":"https:\/\/vecinoscalamurada.com\/de\/wer-wir-sind\/statuten\/kapitel-ii\/","og_locale":"de_DE","og_type":"article","og_title":"KAPITEL II - Vecinos Cala Murada","og_description":"Paragraph 4. Mitglied des Vereins kann jede vollj\u00e4hrige und handlungsf\u00e4hige Person werden, die sich mit den Zielen des Vereins identifiziert und dies beantragt, indem sie das Beitrittsformular ausf\u00fcllt und eine Bankanweisung zum [...]","og_url":"https:\/\/vecinoscalamurada.com\/de\/wer-wir-sind\/statuten\/kapitel-ii\/","og_site_name":"Vecinos Cala Murada","article_publisher":"https:\/\/www.facebook.com\/groups\/992762847512552\/","article_modified_time":"2022-04-28T15:14:15+00:00","og_image":[{"width":2000,"height":774,"url":"https:\/\/vecinoscalamurada.com\/wp2021\/wp-content\/uploads\/2021\/11\/Cala-Murada-Header.jpg","type":"image\/jpeg"}],"twitter_card":"summary_large_image","twitter_misc":{"Gesch\u00e4tzte Lesezeit":"2\u00a0Minuten"},"schema":{"@context":"https:\/\/schema.org","@graph":[{"@type":"WebPage","@id":"https:\/\/vecinoscalamurada.com\/de\/wer-wir-sind\/statuten\/kapitel-ii\/","url":"https:\/\/vecinoscalamurada.com\/de\/wer-wir-sind\/statuten\/kapitel-ii\/","name":"KAPITEL II - Vecinos Cala Murada","isPartOf":{"@id":"https:\/\/vecinoscalamurada.com\/#website"},"datePublished":"2022-04-28T15:14:14+00:00","dateModified":"2022-04-28T15:14:15+00:00","breadcrumb":{"@id":"https:\/\/vecinoscalamurada.com\/de\/wer-wir-sind\/statuten\/kapitel-ii\/#breadcrumb"},"inLanguage":"de","potentialAction":[{"@type":"ReadAction","target":["https:\/\/vecinoscalamurada.com\/de\/wer-wir-sind\/statuten\/kapitel-ii\/"]}]},{"@type":"BreadcrumbList","@id":"https:\/\/vecinoscalamurada.com\/de\/wer-wir-sind\/statuten\/kapitel-ii\/#breadcrumb","itemListElement":[{"@type":"ListItem","position":1,"name":"Home","item":"https:\/\/vecinoscalamurada.com\/de\/"},{"@type":"ListItem","position":2,"name":"Wer wir sind","item":"https:\/\/vecinoscalamurada.com\/de\/wer-wir-sind\/"},{"@type":"ListItem","position":3,"name":"Statuten","item":"https:\/\/vecinoscalamurada.com\/de\/wer-wir-sind\/statuten\/"},{"@type":"ListItem","position":4,"name":"KAPITEL II"}]},{"@type":"WebSite","@id":"https:\/\/vecinoscalamurada.com\/#website","url":"https:\/\/vecinoscalamurada.com\/","name":"Vecinos Cala Murada","description":"Mallorca","publisher":{"@id":"https:\/\/vecinoscalamurada.com\/#organization"},"potentialAction":[{"@type":"SearchAction","target":{"@type":"EntryPoint","urlTemplate":"https:\/\/vecinoscalamurada.com\/?s={search_term_string}"},"query-input":"required name=search_term_string"}],"inLanguage":"de"},{"@type":"Organization","@id":"https:\/\/vecinoscalamurada.com\/#organization","name":"Vecinos Cala Murada","url":"https:\/\/vecinoscalamurada.com\/","logo":{"@type":"ImageObject","inLanguage":"de","@id":"https:\/\/vecinoscalamurada.com\/#\/schema\/logo\/image\/","url":"https:\/\/vecinoscalamurada.com\/wp2021\/wp-content\/uploads\/2021\/11\/favicon.jpg","contentUrl":"https:\/\/vecinoscalamurada.com\/wp2021\/wp-content\/uploads\/2021\/11\/favicon.jpg","width":512,"height":512,"caption":"Vecinos Cala Murada"},"image":{"@id":"https:\/\/vecinoscalamurada.com\/#\/schema\/logo\/image\/"},"sameAs":["https:\/\/www.facebook.com\/groups\/992762847512552\/"]}]}},"_links":{"self":[{"href":"https:\/\/vecinoscalamurada.com\/de\/wp-json\/wp\/v2\/pages\/10167"}],"collection":[{"href":"https:\/\/vecinoscalamurada.com\/de\/wp-json\/wp\/v2\/pages"}],"about":[{"href":"https:\/\/vecinoscalamurada.com\/de\/wp-json\/wp\/v2\/types\/page"}],"author":[{"embeddable":true,"href":"https:\/\/vecinoscalamurada.com\/de\/wp-json\/wp\/v2\/users\/2"}],"replies":[{"embeddable":true,"href":"https:\/\/vecinoscalamurada.com\/de\/wp-json\/wp\/v2\/comments?post=10167"}],"version-history":[{"count":1,"href":"https:\/\/vecinoscalamurada.com\/de\/wp-json\/wp\/v2\/pages\/10167\/revisions"}],"predecessor-version":[{"id":10168,"href":"https:\/\/vecinoscalamurada.com\/de\/wp-json\/wp\/v2\/pages\/10167\/revisions\/10168"}],"up":[{"embeddable":true,"href":"https:\/\/vecinoscalamurada.com\/de\/wp-json\/wp\/v2\/pages\/10196"}],"wp:attachment":[{"href":"https:\/\/vecinoscalamurada.com\/de\/wp-json\/wp\/v2\/media?parent=10167"}],"curies":[{"name":"wp","href":"https:\/\/api.w.org\/{rel}","templated":true}]}}