{"id":10164,"date":"2022-04-28T17:11:42","date_gmt":"2022-04-28T15:11:42","guid":{"rendered":"https:\/\/vecinoscalamurada.com\/?page_id=10164"},"modified":"2022-04-30T11:35:13","modified_gmt":"2022-04-30T09:35:13","slug":"kapitel-i","status":"publish","type":"page","link":"https:\/\/vecinoscalamurada.com\/de\/wer-wir-sind\/statuten\/kapitel-i\/","title":{"rendered":"KAPITEL I"},"content":{"rendered":"<div class=\"slogan links\">\n<div class=\"preambel\">\n<span style=\"color:#3142a3;\">Asociacion de vecinos Sa Plana Cala Murada \u2013 Satzung<\/span>\n<\/div>\n<h2 style=\"font-size:30px;\" ><span class=\"slogan-mobile\">Name, Zweck und Anschrift<\/span><\/h2><span style=\"background:#3142a3\"><\/span><\/div>\n\n\n<h3><strong>Paragraph 1.\u00ad<\/strong><\/h3>\n\n\n\n<p>Die Nachbarschaftsvereinigung &#8222;Sa Plana&#8220; von CalaMurada wurde am 26. Januar 1984 gegr\u00fcndet und am 2. April 1984 durch den Gouverneur Carlos Martin Plasencia von der Regierung der Balearen genehmigt und zugelassen. Der Verein ist als gemeinn\u00fctzige Einrichtung konstituiert und die vorliegende Satzung steht unter dem Schutz der Paragraphen 22 und 51 der spanischen Verfassung, die durch das Organgesetz 1\/2002 vom 22. M\u00e4rz, das das Vereinsrecht und die \u00fcbereinstimmenden Regeln regelt, und durch die vorliegende Satzung geregelt wird.<\/p>\n\n\n\n<h3><strong>Paragraph 2.<\/strong><\/h3>\n\n\n\n<p>Zweck des Vereins ist es:<\/p>\n\n\n\n<ol type=\"1\"><li>Die Verbesserung, Versch\u00f6nerung und Erhaltung von CalaMurada in all ihren Aspekten und insbesondere in Bezug auf den Strand.<\/li><li>F\u00f6rderung von Kultur-, Sport- und Freizeiteinrichtungen.<\/li><li>Organisation von Dienstleistungen von Interesse zum Nutzen ihrer Mitglieder.<\/li><li>Alle Aktivit\u00e4ten zu entwickeln, die die Lebensqualit\u00e4t der Bewohner von CalaMurada und ihrer Mitglieder verbessern.<\/li><li>Verbreitung und Verteidigung der Rechte auf Gleichheit und Freiheit unter den Einwohnern.<\/li><li>Beitrag zur Entwicklung der menschlichen Entfaltung seiner Mitglieder, sowohl im b\u00fcrgerlich-sozialen als auch im kulturellen Bereich.<\/li><\/ol>\n\n\n\n<p>Um diese Ziele zu erreichen, werden die folgenden Aktivit\u00e4ten durchgef\u00fchrt:<\/p>\n\n\n\n<ol type=\"1\"><li>Enge Zusammenarbeit mit dem Stadtrat von Manacor in all seinen Facetten und mit dem Delegierten, der zu einem bestimmten Zeitpunkt die Befugnisse der CalaMurada innehat.<\/li><li>Sich an die \u00f6ffentlichen Beh\u00f6rden zu wenden, um sie \u00fcber die Forderungen und Vorschl\u00e4ge der Mitglieder zu informieren, wobei alle verfassungsm\u00e4\u00dfigen und rechtlichen Mittel eingesetzt werden, um die Verabschiedung geeigneter Ma\u00dfnahmen zu erreichen.<\/li><li>Organisation von Kursen, Vortr\u00e4gen, Konferenzen, Workshops und anderen Veranstaltungen f\u00fcr Mitglieder.<\/li><li>Information der Mitglieder \u00fcber alle Themen, die f\u00fcr CalaMurada von Interesse sind.<\/li><li>Jeder andere Zweck, der auf den Schutz und die gr\u00f6\u00dfere Effizienz der Vereinigung abzielt, um den Mitgliedern einen besseren Service zu bieten, unter Verwendung der nach den geltenden Rechtsvorschriften zul\u00e4ssigen Mittel.<\/li><li>Der Verband kann sich mit anderen \u00e4hnlichen Einrichtungen zusammenschlie\u00dfen, koordinieren und verb\u00fcnden sowie mit anderen zusammenarbeiten, um seine Ziele zu erreichen.<\/li><\/ol>\n\n\n\n<p>Jedes Streben nach Gewinn ist ausgeschlossen.<\/p>\n\n\n\n<h3><strong>Paragraph 3.<\/strong><\/h3>\n\n\n\n<p>Der Sitz des Vereins befindet sich in der Calle Alsacia 12, 07688, Cala Murada, und kann mit Zustimmung der entsprechenden Gremien ge\u00e4ndert werden.<\/p>\n\n\n\n<p>Der Wirkungsbereich der Vereinigung ist auf die Balearen beschr\u00e4nkt.<\/p>\n\n\n\n<p><\/p>\n","protected":false},"excerpt":{"rendered":"<p>Paragraph 1.\u00ad Die Nachbarschaftsvereinigung &#8222;Sa Plana&#8220; von CalaMurada wurde am 26. Januar 1984 gegr\u00fcndet und am 2. April 1984 durch den Gouverneur Carlos Martin Plasencia von der Regierung der Balearen genehmigt und [&#8230;] <\/p>\n","protected":false},"author":2,"featured_media":0,"parent":10196,"menu_order":6,"comment_status":"closed","ping_status":"closed","template":"","meta":[],"yoast_head":"<!-- This site is optimized with the Yoast SEO plugin v19.10 - https:\/\/yoast.com\/wordpress\/plugins\/seo\/ -->\n<title>KAPITEL I - Vecinos Cala Murada<\/title>\n<meta name=\"robots\" content=\"index, follow, max-snippet:-1, max-image-preview:large, max-video-preview:-1\" \/>\n<link rel=\"canonical\" href=\"https:\/\/vecinoscalamurada.com\/de\/wer-wir-sind\/statuten\/kapitel-i\/\" \/>\n<meta property=\"og:locale\" content=\"de_DE\" \/>\n<meta property=\"og:type\" content=\"article\" \/>\n<meta property=\"og:title\" content=\"KAPITEL I - Vecinos Cala Murada\" \/>\n<meta property=\"og:description\" content=\"Paragraph 1.\u00ad Die Nachbarschaftsvereinigung &#8222;Sa Plana&#8220; von CalaMurada wurde am 26. Januar 1984 gegr\u00fcndet und am 2. April 1984 durch den Gouverneur Carlos Martin Plasencia von der Regierung der Balearen genehmigt und [...]\" \/>\n<meta property=\"og:url\" content=\"https:\/\/vecinoscalamurada.com\/de\/wer-wir-sind\/statuten\/kapitel-i\/\" \/>\n<meta property=\"og:site_name\" content=\"Vecinos Cala Murada\" \/>\n<meta property=\"article:publisher\" content=\"https:\/\/www.facebook.com\/groups\/992762847512552\/\" \/>\n<meta property=\"article:modified_time\" content=\"2022-04-30T09:35:13+00:00\" \/>\n<meta property=\"og:image\" content=\"https:\/\/vecinoscalamurada.com\/wp2021\/wp-content\/uploads\/2021\/11\/Cala-Murada-Header.jpg\" \/>\n\t<meta property=\"og:image:width\" content=\"2000\" \/>\n\t<meta property=\"og:image:height\" content=\"774\" \/>\n\t<meta property=\"og:image:type\" content=\"image\/jpeg\" \/>\n<meta name=\"twitter:card\" content=\"summary_large_image\" \/>\n<meta name=\"twitter:label1\" content=\"Gesch\u00e4tzte Lesezeit\" \/>\n\t<meta name=\"twitter:data1\" content=\"2\u00a0Minuten\" \/>\n<script type=\"application\/ld+json\" class=\"yoast-schema-graph\">{\"@context\":\"https:\/\/schema.org\",\"@graph\":[{\"@type\":\"WebPage\",\"@id\":\"https:\/\/vecinoscalamurada.com\/de\/wer-wir-sind\/statuten\/kapitel-i\/\",\"url\":\"https:\/\/vecinoscalamurada.com\/de\/wer-wir-sind\/statuten\/kapitel-i\/\",\"name\":\"KAPITEL I - Vecinos Cala Murada\",\"isPartOf\":{\"@id\":\"https:\/\/vecinoscalamurada.com\/#website\"},\"datePublished\":\"2022-04-28T15:11:42+00:00\",\"dateModified\":\"2022-04-30T09:35:13+00:00\",\"breadcrumb\":{\"@id\":\"https:\/\/vecinoscalamurada.com\/de\/wer-wir-sind\/statuten\/kapitel-i\/#breadcrumb\"},\"inLanguage\":\"de\",\"potentialAction\":[{\"@type\":\"ReadAction\",\"target\":[\"https:\/\/vecinoscalamurada.com\/de\/wer-wir-sind\/statuten\/kapitel-i\/\"]}]},{\"@type\":\"BreadcrumbList\",\"@id\":\"https:\/\/vecinoscalamurada.com\/de\/wer-wir-sind\/statuten\/kapitel-i\/#breadcrumb\",\"itemListElement\":[{\"@type\":\"ListItem\",\"position\":1,\"name\":\"Home\",\"item\":\"https:\/\/vecinoscalamurada.com\/de\/\"},{\"@type\":\"ListItem\",\"position\":2,\"name\":\"Wer wir sind\",\"item\":\"https:\/\/vecinoscalamurada.com\/de\/wer-wir-sind\/\"},{\"@type\":\"ListItem\",\"position\":3,\"name\":\"Statuten\",\"item\":\"https:\/\/vecinoscalamurada.com\/de\/wer-wir-sind\/statuten\/\"},{\"@type\":\"ListItem\",\"position\":4,\"name\":\"KAPITEL I\"}]},{\"@type\":\"WebSite\",\"@id\":\"https:\/\/vecinoscalamurada.com\/#website\",\"url\":\"https:\/\/vecinoscalamurada.com\/\",\"name\":\"Vecinos Cala Murada\",\"description\":\"Mallorca\",\"publisher\":{\"@id\":\"https:\/\/vecinoscalamurada.com\/#organization\"},\"potentialAction\":[{\"@type\":\"SearchAction\",\"target\":{\"@type\":\"EntryPoint\",\"urlTemplate\":\"https:\/\/vecinoscalamurada.com\/?s={search_term_string}\"},\"query-input\":\"required name=search_term_string\"}],\"inLanguage\":\"de\"},{\"@type\":\"Organization\",\"@id\":\"https:\/\/vecinoscalamurada.com\/#organization\",\"name\":\"Vecinos Cala Murada\",\"url\":\"https:\/\/vecinoscalamurada.com\/\",\"logo\":{\"@type\":\"ImageObject\",\"inLanguage\":\"de\",\"@id\":\"https:\/\/vecinoscalamurada.com\/#\/schema\/logo\/image\/\",\"url\":\"https:\/\/vecinoscalamurada.com\/wp2021\/wp-content\/uploads\/2021\/11\/favicon.jpg\",\"contentUrl\":\"https:\/\/vecinoscalamurada.com\/wp2021\/wp-content\/uploads\/2021\/11\/favicon.jpg\",\"width\":512,\"height\":512,\"caption\":\"Vecinos Cala Murada\"},\"image\":{\"@id\":\"https:\/\/vecinoscalamurada.com\/#\/schema\/logo\/image\/\"},\"sameAs\":[\"https:\/\/www.facebook.com\/groups\/992762847512552\/\"]}]}<\/script>\n<!-- \/ Yoast SEO plugin. -->","yoast_head_json":{"title":"KAPITEL I - Vecinos Cala Murada","robots":{"index":"index","follow":"follow","max-snippet":"max-snippet:-1","max-image-preview":"max-image-preview:large","max-video-preview":"max-video-preview:-1"},"canonical":"https:\/\/vecinoscalamurada.com\/de\/wer-wir-sind\/statuten\/kapitel-i\/","og_locale":"de_DE","og_type":"article","og_title":"KAPITEL I - Vecinos Cala Murada","og_description":"Paragraph 1.\u00ad Die Nachbarschaftsvereinigung &#8222;Sa Plana&#8220; von CalaMurada wurde am 26. Januar 1984 gegr\u00fcndet und am 2. April 1984 durch den Gouverneur Carlos Martin Plasencia von der Regierung der Balearen genehmigt und [...]","og_url":"https:\/\/vecinoscalamurada.com\/de\/wer-wir-sind\/statuten\/kapitel-i\/","og_site_name":"Vecinos Cala Murada","article_publisher":"https:\/\/www.facebook.com\/groups\/992762847512552\/","article_modified_time":"2022-04-30T09:35:13+00:00","og_image":[{"width":2000,"height":774,"url":"https:\/\/vecinoscalamurada.com\/wp2021\/wp-content\/uploads\/2021\/11\/Cala-Murada-Header.jpg","type":"image\/jpeg"}],"twitter_card":"summary_large_image","twitter_misc":{"Gesch\u00e4tzte Lesezeit":"2\u00a0Minuten"},"schema":{"@context":"https:\/\/schema.org","@graph":[{"@type":"WebPage","@id":"https:\/\/vecinoscalamurada.com\/de\/wer-wir-sind\/statuten\/kapitel-i\/","url":"https:\/\/vecinoscalamurada.com\/de\/wer-wir-sind\/statuten\/kapitel-i\/","name":"KAPITEL I - Vecinos Cala Murada","isPartOf":{"@id":"https:\/\/vecinoscalamurada.com\/#website"},"datePublished":"2022-04-28T15:11:42+00:00","dateModified":"2022-04-30T09:35:13+00:00","breadcrumb":{"@id":"https:\/\/vecinoscalamurada.com\/de\/wer-wir-sind\/statuten\/kapitel-i\/#breadcrumb"},"inLanguage":"de","potentialAction":[{"@type":"ReadAction","target":["https:\/\/vecinoscalamurada.com\/de\/wer-wir-sind\/statuten\/kapitel-i\/"]}]},{"@type":"BreadcrumbList","@id":"https:\/\/vecinoscalamurada.com\/de\/wer-wir-sind\/statuten\/kapitel-i\/#breadcrumb","itemListElement":[{"@type":"ListItem","position":1,"name":"Home","item":"https:\/\/vecinoscalamurada.com\/de\/"},{"@type":"ListItem","position":2,"name":"Wer wir sind","item":"https:\/\/vecinoscalamurada.com\/de\/wer-wir-sind\/"},{"@type":"ListItem","position":3,"name":"Statuten","item":"https:\/\/vecinoscalamurada.com\/de\/wer-wir-sind\/statuten\/"},{"@type":"ListItem","position":4,"name":"KAPITEL I"}]},{"@type":"WebSite","@id":"https:\/\/vecinoscalamurada.com\/#website","url":"https:\/\/vecinoscalamurada.com\/","name":"Vecinos Cala Murada","description":"Mallorca","publisher":{"@id":"https:\/\/vecinoscalamurada.com\/#organization"},"potentialAction":[{"@type":"SearchAction","target":{"@type":"EntryPoint","urlTemplate":"https:\/\/vecinoscalamurada.com\/?s={search_term_string}"},"query-input":"required name=search_term_string"}],"inLanguage":"de"},{"@type":"Organization","@id":"https:\/\/vecinoscalamurada.com\/#organization","name":"Vecinos Cala Murada","url":"https:\/\/vecinoscalamurada.com\/","logo":{"@type":"ImageObject","inLanguage":"de","@id":"https:\/\/vecinoscalamurada.com\/#\/schema\/logo\/image\/","url":"https:\/\/vecinoscalamurada.com\/wp2021\/wp-content\/uploads\/2021\/11\/favicon.jpg","contentUrl":"https:\/\/vecinoscalamurada.com\/wp2021\/wp-content\/uploads\/2021\/11\/favicon.jpg","width":512,"height":512,"caption":"Vecinos Cala Murada"},"image":{"@id":"https:\/\/vecinoscalamurada.com\/#\/schema\/logo\/image\/"},"sameAs":["https:\/\/www.facebook.com\/groups\/992762847512552\/"]}]}},"_links":{"self":[{"href":"https:\/\/vecinoscalamurada.com\/de\/wp-json\/wp\/v2\/pages\/10164"}],"collection":[{"href":"https:\/\/vecinoscalamurada.com\/de\/wp-json\/wp\/v2\/pages"}],"about":[{"href":"https:\/\/vecinoscalamurada.com\/de\/wp-json\/wp\/v2\/types\/page"}],"author":[{"embeddable":true,"href":"https:\/\/vecinoscalamurada.com\/de\/wp-json\/wp\/v2\/users\/2"}],"replies":[{"embeddable":true,"href":"https:\/\/vecinoscalamurada.com\/de\/wp-json\/wp\/v2\/comments?post=10164"}],"version-history":[{"count":3,"href":"https:\/\/vecinoscalamurada.com\/de\/wp-json\/wp\/v2\/pages\/10164\/revisions"}],"predecessor-version":[{"id":10201,"href":"https:\/\/vecinoscalamurada.com\/de\/wp-json\/wp\/v2\/pages\/10164\/revisions\/10201"}],"up":[{"embeddable":true,"href":"https:\/\/vecinoscalamurada.com\/de\/wp-json\/wp\/v2\/pages\/10196"}],"wp:attachment":[{"href":"https:\/\/vecinoscalamurada.com\/de\/wp-json\/wp\/v2\/media?parent=10164"}],"curies":[{"name":"wp","href":"https:\/\/api.w.org\/{rel}","templated":true}]}}